{"id":159,"date":"2023-04-22T14:34:36","date_gmt":"2023-04-22T12:34:36","guid":{"rendered":"https:\/\/areka.konfitu.re\/?post_type=product&#038;p=159"},"modified":"2024-06-09T18:52:50","modified_gmt":"2024-06-09T16:52:50","slug":"boite-clic-clac-45-mm-avec-bonbons-imprimes","status":"publish","type":"product","link":"https:\/\/areka.konfitu.re\/en\/produit\/boite-clic-clac-45-mm-avec-bonbons-imprimes\/","title":{"rendered":"Clic Clac \u00d8 45mm  avec bonbons imprim\u00e9s"},"content":{"rendered":"<p>Bo\u00eete Clic Clac \u00d8 45 mm avec garniture menthe sans sucre. Encres comestibles pour l\u2018impression sur les bonbons conform\u00e9ment \u00e0 la r\u00e9glementation alimentaire europ\u00e9enne. Encres non Azo\u00efques.<\/p>\n<ul>\n<li>Contenu: 12 g<\/li>\n<li>Dimensions: \u00d8 45 mm, hauteur approx. 15 mm<\/li>\n<li>Conditionnement: 21 x 24 pcs.\/ 504 pcs. par carton<\/li>\n<li>D\u00e9lai de conservation: approx. 36 mois en cas de stockage appropri\u00e9<\/li>\n<li>D\u00e9lai de livraison:\n<ul>\n<li>jusqu\u2018\u00e0 500 pcs : d\u00e9part 10 jours apr\u00e8s accord BAT<\/li>\n<li>jusqu\u2018\u00e0 2 000 pcs : d\u00e9part 15 jours apr\u00e8s accord BAT<\/li>\n<li>au del\u00e0 : nous consulter<\/li>\n<\/ul>\n<\/li>\n<\/ul>\n","protected":false},"excerpt":{"rendered":"<p>Bo\u00eete Clic Clac \u00d8 45 mm avec garniture menthe sans sucre. Encres comestibles pour l\u2018impression sur les bonbons conform\u00e9ment \u00e0 la r\u00e9glementation alimentaire europ\u00e9enne. Encres non Azo\u00efques. Contenu: 12 g Dimensions: \u00d8 45 mm, hauteur approx. 15 mm Conditionnement: 21 x 24 pcs.\/ 504 pcs. par carton D\u00e9lai de conservation: approx. 36 mois en cas<a href=\"https:\/\/areka.konfitu.re\/en\/produit\/boite-clic-clac-45-mm-avec-bonbons-imprimes\/\">Continue reading <span class=\"sr-only\">&#8220;Clic Clac \u00d8 45mm  avec bonbons imprim\u00e9s&#8221;<\/span><\/a><\/p>\n","protected":false},"featured_media":713,"comment_status":"open","ping_status":"closed","template":"","meta":{"_acf_changed":false,"inline_featured_image":false},"product_cat":[35,26,27],"product_tag":[],"class_list":{"0":"post-159","1":"product","2":"type-product","3":"status-publish","4":"has-post-thumbnail","6":"product_cat-produits-personnalisables","7":"product_cat-boites-clic-clac","8":"product_cat-boites","10":"first","11":"instock","12":"shipping-taxable","13":"product-type-simple"},"acf":[],"yoast_head":"<!-- This site is optimized with the Yoast SEO plugin v22.4 - https:\/\/yoast.com\/wordpress\/plugins\/seo\/ -->\n<title>Clic Clac \u00d8 45mm avec bonbons imprim\u00e9s : Areka<\/title>\n<meta name=\"robots\" content=\"index, follow, max-snippet:-1, max-image-preview:large, max-video-preview:-1\" \/>\n<link rel=\"canonical\" href=\"https:\/\/areka.konfitu.re\/en\/produit\/boite-clic-clac-45-mm-avec-bonbons-imprimes\/\" \/>\n<meta property=\"og:locale\" content=\"en_US\" \/>\n<meta property=\"og:type\" content=\"article\" \/>\n<meta property=\"og:title\" content=\"Clic Clac \u00d8 45mm avec bonbons imprim\u00e9s : Areka\" \/>\n<meta property=\"og:description\" content=\"Bo\u00eete Clic Clac \u00d8 45 mm avec garniture menthe sans sucre. Encres comestibles pour l\u2018impression sur les bonbons conform\u00e9ment \u00e0 la r\u00e9glementation alimentaire europ\u00e9enne. Encres non Azo\u00efques. Contenu: 12 g Dimensions: \u00d8 45 mm, hauteur approx. 15 mm Conditionnement: 21 x 24 pcs.\/ 504 pcs. par carton D\u00e9lai de conservation: approx. 36 mois en casContinue reading &quot;Clic Clac \u00d8 45mm avec bonbons imprim\u00e9s&quot;\" \/>\n<meta property=\"og:url\" content=\"https:\/\/areka.konfitu.re\/en\/produit\/boite-clic-clac-45-mm-avec-bonbons-imprimes\/\" \/>\n<meta property=\"og:site_name\" content=\"Areka\" \/>\n<meta property=\"article:modified_time\" content=\"2024-06-09T16:52:50+00:00\" \/>\n<meta property=\"og:image\" content=\"https:\/\/areka.konfitu.re\/wp-content\/uploads\/2024\/06\/clic-clac-45-avec-bonbons.png\" \/>\n\t<meta property=\"og:image:width\" content=\"412\" \/>\n\t<meta property=\"og:image:height\" content=\"412\" \/>\n\t<meta property=\"og:image:type\" content=\"image\/png\" \/>\n<meta name=\"twitter:card\" content=\"summary_large_image\" \/>\n<meta name=\"twitter:label1\" content=\"Est. reading time\" \/>\n\t<meta name=\"twitter:data1\" content=\"1 minute\" \/>\n<script type=\"application\/ld+json\" class=\"yoast-schema-graph\">{\"@context\":\"https:\/\/schema.org\",\"@graph\":[{\"@type\":\"WebPage\",\"@id\":\"https:\/\/areka.konfitu.re\/en\/produit\/boite-clic-clac-45-mm-avec-bonbons-imprimes\/\",\"url\":\"https:\/\/areka.konfitu.re\/en\/produit\/boite-clic-clac-45-mm-avec-bonbons-imprimes\/\",\"name\":\"Clic Clac \u00d8 45mm avec bonbons imprim\u00e9s : Areka\",\"isPartOf\":{\"@id\":\"https:\/\/areka.konfitu.re\/en\/#website\"},\"primaryImageOfPage\":{\"@id\":\"https:\/\/areka.konfitu.re\/en\/produit\/boite-clic-clac-45-mm-avec-bonbons-imprimes\/#primaryimage\"},\"image\":{\"@id\":\"https:\/\/areka.konfitu.re\/en\/produit\/boite-clic-clac-45-mm-avec-bonbons-imprimes\/#primaryimage\"},\"thumbnailUrl\":\"https:\/\/areka.konfitu.re\/wp-content\/uploads\/2024\/06\/clic-clac-45-avec-bonbons.png\",\"datePublished\":\"2023-04-22T12:34:36+00:00\",\"dateModified\":\"2024-06-09T16:52:50+00:00\",\"breadcrumb\":{\"@id\":\"https:\/\/areka.konfitu.re\/en\/produit\/boite-clic-clac-45-mm-avec-bonbons-imprimes\/#breadcrumb\"},\"inLanguage\":\"en-US\",\"potentialAction\":[{\"@type\":\"ReadAction\",\"target\":[\"https:\/\/areka.konfitu.re\/en\/produit\/boite-clic-clac-45-mm-avec-bonbons-imprimes\/\"]}]},{\"@type\":\"ImageObject\",\"inLanguage\":\"en-US\",\"@id\":\"https:\/\/areka.konfitu.re\/en\/produit\/boite-clic-clac-45-mm-avec-bonbons-imprimes\/#primaryimage\",\"url\":\"https:\/\/areka.konfitu.re\/wp-content\/uploads\/2024\/06\/clic-clac-45-avec-bonbons.png\",\"contentUrl\":\"https:\/\/areka.konfitu.re\/wp-content\/uploads\/2024\/06\/clic-clac-45-avec-bonbons.png\",\"width\":412,\"height\":412},{\"@type\":\"BreadcrumbList\",\"@id\":\"https:\/\/areka.konfitu.re\/en\/produit\/boite-clic-clac-45-mm-avec-bonbons-imprimes\/#breadcrumb\",\"itemListElement\":[{\"@type\":\"ListItem\",\"position\":1,\"name\":\"All of our products\",\"item\":\"https:\/\/areka.konfitu.re\/en\/shop\/\"},{\"@type\":\"ListItem\",\"position\":2,\"name\":\"Clic Clac \u00d8 45mm avec bonbons imprim\u00e9s\"}]},{\"@type\":\"WebSite\",\"@id\":\"https:\/\/areka.konfitu.re\/en\/#website\",\"url\":\"https:\/\/areka.konfitu.re\/en\/\",\"name\":\"Areka\",\"description\":\"Sp\u00e9cialiste fran\u00e7ais de la confiserie personnalis\u00e9e\",\"potentialAction\":[{\"@type\":\"SearchAction\",\"target\":{\"@type\":\"EntryPoint\",\"urlTemplate\":\"https:\/\/areka.konfitu.re\/en\/?s={search_term_string}\"},\"query-input\":\"required name=search_term_string\"}],\"inLanguage\":\"en-US\"}]}<\/script>\n<!-- \/ Yoast SEO plugin. -->","yoast_head_json":{"title":"Clic Clac \u00d8 45mm avec bonbons imprim\u00e9s : Areka","robots":{"index":"index","follow":"follow","max-snippet":"max-snippet:-1","max-image-preview":"max-image-preview:large","max-video-preview":"max-video-preview:-1"},"canonical":"https:\/\/areka.konfitu.re\/en\/produit\/boite-clic-clac-45-mm-avec-bonbons-imprimes\/","og_locale":"en_US","og_type":"article","og_title":"Clic Clac \u00d8 45mm avec bonbons imprim\u00e9s : Areka","og_description":"Bo\u00eete Clic Clac \u00d8 45 mm avec garniture menthe sans sucre. Encres comestibles pour l\u2018impression sur les bonbons conform\u00e9ment \u00e0 la r\u00e9glementation alimentaire europ\u00e9enne. Encres non Azo\u00efques. Contenu: 12 g Dimensions: \u00d8 45 mm, hauteur approx. 15 mm Conditionnement: 21 x 24 pcs.\/ 504 pcs. par carton D\u00e9lai de conservation: approx. 36 mois en casContinue reading \"Clic Clac \u00d8 45mm avec bonbons imprim\u00e9s\"","og_url":"https:\/\/areka.konfitu.re\/en\/produit\/boite-clic-clac-45-mm-avec-bonbons-imprimes\/","og_site_name":"Areka","article_modified_time":"2024-06-09T16:52:50+00:00","og_image":[{"width":412,"height":412,"url":"https:\/\/areka.konfitu.re\/wp-content\/uploads\/2024\/06\/clic-clac-45-avec-bonbons.png","type":"image\/png"}],"twitter_card":"summary_large_image","twitter_misc":{"Est. reading time":"1 minute"},"schema":{"@context":"https:\/\/schema.org","@graph":[{"@type":"WebPage","@id":"https:\/\/areka.konfitu.re\/en\/produit\/boite-clic-clac-45-mm-avec-bonbons-imprimes\/","url":"https:\/\/areka.konfitu.re\/en\/produit\/boite-clic-clac-45-mm-avec-bonbons-imprimes\/","name":"Clic Clac \u00d8 45mm avec bonbons imprim\u00e9s : Areka","isPartOf":{"@id":"https:\/\/areka.konfitu.re\/en\/#website"},"primaryImageOfPage":{"@id":"https:\/\/areka.konfitu.re\/en\/produit\/boite-clic-clac-45-mm-avec-bonbons-imprimes\/#primaryimage"},"image":{"@id":"https:\/\/areka.konfitu.re\/en\/produit\/boite-clic-clac-45-mm-avec-bonbons-imprimes\/#primaryimage"},"thumbnailUrl":"https:\/\/areka.konfitu.re\/wp-content\/uploads\/2024\/06\/clic-clac-45-avec-bonbons.png","datePublished":"2023-04-22T12:34:36+00:00","dateModified":"2024-06-09T16:52:50+00:00","breadcrumb":{"@id":"https:\/\/areka.konfitu.re\/en\/produit\/boite-clic-clac-45-mm-avec-bonbons-imprimes\/#breadcrumb"},"inLanguage":"en-US","potentialAction":[{"@type":"ReadAction","target":["https:\/\/areka.konfitu.re\/en\/produit\/boite-clic-clac-45-mm-avec-bonbons-imprimes\/"]}]},{"@type":"ImageObject","inLanguage":"en-US","@id":"https:\/\/areka.konfitu.re\/en\/produit\/boite-clic-clac-45-mm-avec-bonbons-imprimes\/#primaryimage","url":"https:\/\/areka.konfitu.re\/wp-content\/uploads\/2024\/06\/clic-clac-45-avec-bonbons.png","contentUrl":"https:\/\/areka.konfitu.re\/wp-content\/uploads\/2024\/06\/clic-clac-45-avec-bonbons.png","width":412,"height":412},{"@type":"BreadcrumbList","@id":"https:\/\/areka.konfitu.re\/en\/produit\/boite-clic-clac-45-mm-avec-bonbons-imprimes\/#breadcrumb","itemListElement":[{"@type":"ListItem","position":1,"name":"All of our products","item":"https:\/\/areka.konfitu.re\/en\/shop\/"},{"@type":"ListItem","position":2,"name":"Clic Clac \u00d8 45mm avec bonbons imprim\u00e9s"}]},{"@type":"WebSite","@id":"https:\/\/areka.konfitu.re\/en\/#website","url":"https:\/\/areka.konfitu.re\/en\/","name":"Areka","description":"Sp\u00e9cialiste fran\u00e7ais de la confiserie personnalis\u00e9e","potentialAction":[{"@type":"SearchAction","target":{"@type":"EntryPoint","urlTemplate":"https:\/\/areka.konfitu.re\/en\/?s={search_term_string}"},"query-input":"required name=search_term_string"}],"inLanguage":"en-US"}]}},"_links":{"self":[{"href":"https:\/\/areka.konfitu.re\/en\/wp-json\/wp\/v2\/product\/159","targetHints":{"allow":["GET"]}}],"collection":[{"href":"https:\/\/areka.konfitu.re\/en\/wp-json\/wp\/v2\/product"}],"about":[{"href":"https:\/\/areka.konfitu.re\/en\/wp-json\/wp\/v2\/types\/product"}],"replies":[{"embeddable":true,"href":"https:\/\/areka.konfitu.re\/en\/wp-json\/wp\/v2\/comments?post=159"}],"wp:featuredmedia":[{"embeddable":true,"href":"https:\/\/areka.konfitu.re\/en\/wp-json\/wp\/v2\/media\/713"}],"wp:attachment":[{"href":"https:\/\/areka.konfitu.re\/en\/wp-json\/wp\/v2\/media?parent=159"}],"wp:term":[{"taxonomy":"product_cat","embeddable":true,"href":"https:\/\/areka.konfitu.re\/en\/wp-json\/wp\/v2\/product_cat?post=159"},{"taxonomy":"product_tag","embeddable":true,"href":"https:\/\/areka.konfitu.re\/en\/wp-json\/wp\/v2\/product_tag?post=159"}],"curies":[{"name":"wp","href":"https:\/\/api.w.org\/{rel}","templated":true}]}}