{"id":179,"date":"2023-04-22T15:37:35","date_gmt":"2023-04-22T13:37:35","guid":{"rendered":"https:\/\/areka.konfitu.re\/?post_type=product&#038;p=179"},"modified":"2023-05-02T12:40:40","modified_gmt":"2023-05-02T10:40:40","slug":"bonbons-dans-la-clic-clac-o-76-mm","status":"publish","type":"product","link":"https:\/\/areka.konfitu.re\/en\/produit\/bonbons-dans-la-clic-clac-o-76-mm\/","title":{"rendered":"Bonbons dans la Clic Clac \u00d8 76 mm"},"content":{"rendered":"<p>Une bo\u00eete clic clac \u00d8 76mm, disponible en blanc ou en acier et 4 garnitures disponibles.<\/p>\n<ul>\n<li>Contenu: approx. 50 g<\/li>\n<li>Garnitures:\n<ul>\n<li>menthe avec sucre \u00d8 9 mm<\/li>\n<li>dextrose \u00d8 9 mm<\/li>\n<li>menthe sans sucre VIVIL<\/li>\n<li>bonbons SKITTLES<\/li>\n<\/ul>\n<\/li>\n<li>Dimensions: \u00d8 76 mm, hauteur approx. 22 mm<\/li>\n<li>Conditionnement: 144 pcs. par carton<\/li>\n<li>D\u00e9lai de conservation: approx. 12-18 mois en cas de stockage appropri\u00e9<\/li>\n<li>D\u00e9lai de livraison: approx. 3 semaines apr\u00e8s accord du BAT<\/li>\n<\/ul>\n","protected":false},"excerpt":{"rendered":"<p>Une bo\u00eete clic clac \u00d8 76mm, disponible en blanc ou en acier et 4 garnitures disponibles. Contenu: approx. 50 g Garnitures: menthe avec sucre \u00d8 9 mm dextrose \u00d8 9 mm menthe sans sucre VIVIL bonbons SKITTLES Dimensions: \u00d8 76 mm, hauteur approx. 22 mm Conditionnement: 144 pcs. par carton D\u00e9lai de conservation: approx. 12-18<a href=\"https:\/\/areka.konfitu.re\/en\/produit\/bonbons-dans-la-clic-clac-o-76-mm\/\">Continue reading <span class=\"sr-only\">&#8220;Bonbons dans la Clic Clac \u00d8 76 mm&#8221;<\/span><\/a><\/p>\n","protected":false},"featured_media":314,"comment_status":"open","ping_status":"closed","template":"","meta":{"_acf_changed":false,"inline_featured_image":false},"product_cat":[35,27],"product_tag":[],"class_list":{"0":"post-179","1":"product","2":"type-product","3":"status-publish","4":"has-post-thumbnail","6":"product_cat-produits-personnalisables","7":"product_cat-boites","9":"first","10":"instock","11":"shipping-taxable","12":"product-type-simple"},"acf":[],"yoast_head":"<!-- This site is optimized with the Yoast SEO plugin v22.4 - https:\/\/yoast.com\/wordpress\/plugins\/seo\/ -->\n<title>Bonbons dans la Clic Clac \u00d8 76 mm : Areka<\/title>\n<meta name=\"robots\" content=\"index, follow, max-snippet:-1, max-image-preview:large, max-video-preview:-1\" \/>\n<link rel=\"canonical\" href=\"https:\/\/areka.konfitu.re\/en\/produit\/bonbons-dans-la-clic-clac-o-76-mm\/\" \/>\n<meta property=\"og:locale\" content=\"en_US\" \/>\n<meta property=\"og:type\" content=\"article\" \/>\n<meta property=\"og:title\" content=\"Bonbons dans la Clic Clac \u00d8 76 mm : Areka\" \/>\n<meta property=\"og:description\" content=\"Une bo\u00eete clic clac \u00d8 76mm, disponible en blanc ou en acier et 4 garnitures disponibles. Contenu: approx. 50 g Garnitures: menthe avec sucre \u00d8 9 mm dextrose \u00d8 9 mm menthe sans sucre VIVIL bonbons SKITTLES Dimensions: \u00d8 76 mm, hauteur approx. 22 mm Conditionnement: 144 pcs. par carton D\u00e9lai de conservation: approx. 12-18Continue reading &quot;Bonbons dans la Clic Clac \u00d8 76 mm&quot;\" \/>\n<meta property=\"og:url\" content=\"https:\/\/areka.konfitu.re\/en\/produit\/bonbons-dans-la-clic-clac-o-76-mm\/\" \/>\n<meta property=\"og:site_name\" content=\"Areka\" \/>\n<meta property=\"article:modified_time\" content=\"2023-05-02T10:40:40+00:00\" \/>\n<meta property=\"og:image\" content=\"https:\/\/areka.konfitu.re\/wp-content\/uploads\/2023\/04\/76skittle.png\" \/>\n\t<meta property=\"og:image:width\" content=\"412\" \/>\n\t<meta property=\"og:image:height\" content=\"412\" \/>\n\t<meta property=\"og:image:type\" content=\"image\/png\" \/>\n<meta name=\"twitter:card\" content=\"summary_large_image\" \/>\n<meta name=\"twitter:label1\" content=\"Est. reading time\" \/>\n\t<meta name=\"twitter:data1\" content=\"1 minute\" \/>\n<script type=\"application\/ld+json\" class=\"yoast-schema-graph\">{\"@context\":\"https:\/\/schema.org\",\"@graph\":[{\"@type\":\"WebPage\",\"@id\":\"https:\/\/areka.konfitu.re\/en\/produit\/bonbons-dans-la-clic-clac-o-76-mm\/\",\"url\":\"https:\/\/areka.konfitu.re\/en\/produit\/bonbons-dans-la-clic-clac-o-76-mm\/\",\"name\":\"Bonbons dans la Clic Clac \u00d8 76 mm : Areka\",\"isPartOf\":{\"@id\":\"https:\/\/areka.konfitu.re\/en\/#website\"},\"primaryImageOfPage\":{\"@id\":\"https:\/\/areka.konfitu.re\/en\/produit\/bonbons-dans-la-clic-clac-o-76-mm\/#primaryimage\"},\"image\":{\"@id\":\"https:\/\/areka.konfitu.re\/en\/produit\/bonbons-dans-la-clic-clac-o-76-mm\/#primaryimage\"},\"thumbnailUrl\":\"https:\/\/areka.konfitu.re\/wp-content\/uploads\/2023\/04\/76skittle.png\",\"datePublished\":\"2023-04-22T13:37:35+00:00\",\"dateModified\":\"2023-05-02T10:40:40+00:00\",\"breadcrumb\":{\"@id\":\"https:\/\/areka.konfitu.re\/en\/produit\/bonbons-dans-la-clic-clac-o-76-mm\/#breadcrumb\"},\"inLanguage\":\"en-US\",\"potentialAction\":[{\"@type\":\"ReadAction\",\"target\":[\"https:\/\/areka.konfitu.re\/en\/produit\/bonbons-dans-la-clic-clac-o-76-mm\/\"]}]},{\"@type\":\"ImageObject\",\"inLanguage\":\"en-US\",\"@id\":\"https:\/\/areka.konfitu.re\/en\/produit\/bonbons-dans-la-clic-clac-o-76-mm\/#primaryimage\",\"url\":\"https:\/\/areka.konfitu.re\/wp-content\/uploads\/2023\/04\/76skittle.png\",\"contentUrl\":\"https:\/\/areka.konfitu.re\/wp-content\/uploads\/2023\/04\/76skittle.png\",\"width\":412,\"height\":412},{\"@type\":\"BreadcrumbList\",\"@id\":\"https:\/\/areka.konfitu.re\/en\/produit\/bonbons-dans-la-clic-clac-o-76-mm\/#breadcrumb\",\"itemListElement\":[{\"@type\":\"ListItem\",\"position\":1,\"name\":\"All of our products\",\"item\":\"https:\/\/areka.konfitu.re\/en\/shop\/\"},{\"@type\":\"ListItem\",\"position\":2,\"name\":\"Personalized products\",\"item\":\"https:\/\/areka.konfitu.re\/en\/product-category\/personalized-products\/\"},{\"@type\":\"ListItem\",\"position\":3,\"name\":\"Bonbons dans la Clic Clac \u00d8 76 mm\"}]},{\"@type\":\"WebSite\",\"@id\":\"https:\/\/areka.konfitu.re\/en\/#website\",\"url\":\"https:\/\/areka.konfitu.re\/en\/\",\"name\":\"Areka\",\"description\":\"Sp\u00e9cialiste fran\u00e7ais de la confiserie personnalis\u00e9e\",\"potentialAction\":[{\"@type\":\"SearchAction\",\"target\":{\"@type\":\"EntryPoint\",\"urlTemplate\":\"https:\/\/areka.konfitu.re\/en\/?s={search_term_string}\"},\"query-input\":\"required name=search_term_string\"}],\"inLanguage\":\"en-US\"}]}<\/script>\n<!-- \/ Yoast SEO plugin. -->","yoast_head_json":{"title":"Bonbons dans la Clic Clac \u00d8 76 mm : Areka","robots":{"index":"index","follow":"follow","max-snippet":"max-snippet:-1","max-image-preview":"max-image-preview:large","max-video-preview":"max-video-preview:-1"},"canonical":"https:\/\/areka.konfitu.re\/en\/produit\/bonbons-dans-la-clic-clac-o-76-mm\/","og_locale":"en_US","og_type":"article","og_title":"Bonbons dans la Clic Clac \u00d8 76 mm : Areka","og_description":"Une bo\u00eete clic clac \u00d8 76mm, disponible en blanc ou en acier et 4 garnitures disponibles. Contenu: approx. 50 g Garnitures: menthe avec sucre \u00d8 9 mm dextrose \u00d8 9 mm menthe sans sucre VIVIL bonbons SKITTLES Dimensions: \u00d8 76 mm, hauteur approx. 22 mm Conditionnement: 144 pcs. par carton D\u00e9lai de conservation: approx. 12-18Continue reading \"Bonbons dans la Clic Clac \u00d8 76 mm\"","og_url":"https:\/\/areka.konfitu.re\/en\/produit\/bonbons-dans-la-clic-clac-o-76-mm\/","og_site_name":"Areka","article_modified_time":"2023-05-02T10:40:40+00:00","og_image":[{"width":412,"height":412,"url":"https:\/\/areka.konfitu.re\/wp-content\/uploads\/2023\/04\/76skittle.png","type":"image\/png"}],"twitter_card":"summary_large_image","twitter_misc":{"Est. reading time":"1 minute"},"schema":{"@context":"https:\/\/schema.org","@graph":[{"@type":"WebPage","@id":"https:\/\/areka.konfitu.re\/en\/produit\/bonbons-dans-la-clic-clac-o-76-mm\/","url":"https:\/\/areka.konfitu.re\/en\/produit\/bonbons-dans-la-clic-clac-o-76-mm\/","name":"Bonbons dans la Clic Clac \u00d8 76 mm : Areka","isPartOf":{"@id":"https:\/\/areka.konfitu.re\/en\/#website"},"primaryImageOfPage":{"@id":"https:\/\/areka.konfitu.re\/en\/produit\/bonbons-dans-la-clic-clac-o-76-mm\/#primaryimage"},"image":{"@id":"https:\/\/areka.konfitu.re\/en\/produit\/bonbons-dans-la-clic-clac-o-76-mm\/#primaryimage"},"thumbnailUrl":"https:\/\/areka.konfitu.re\/wp-content\/uploads\/2023\/04\/76skittle.png","datePublished":"2023-04-22T13:37:35+00:00","dateModified":"2023-05-02T10:40:40+00:00","breadcrumb":{"@id":"https:\/\/areka.konfitu.re\/en\/produit\/bonbons-dans-la-clic-clac-o-76-mm\/#breadcrumb"},"inLanguage":"en-US","potentialAction":[{"@type":"ReadAction","target":["https:\/\/areka.konfitu.re\/en\/produit\/bonbons-dans-la-clic-clac-o-76-mm\/"]}]},{"@type":"ImageObject","inLanguage":"en-US","@id":"https:\/\/areka.konfitu.re\/en\/produit\/bonbons-dans-la-clic-clac-o-76-mm\/#primaryimage","url":"https:\/\/areka.konfitu.re\/wp-content\/uploads\/2023\/04\/76skittle.png","contentUrl":"https:\/\/areka.konfitu.re\/wp-content\/uploads\/2023\/04\/76skittle.png","width":412,"height":412},{"@type":"BreadcrumbList","@id":"https:\/\/areka.konfitu.re\/en\/produit\/bonbons-dans-la-clic-clac-o-76-mm\/#breadcrumb","itemListElement":[{"@type":"ListItem","position":1,"name":"All of our products","item":"https:\/\/areka.konfitu.re\/en\/shop\/"},{"@type":"ListItem","position":2,"name":"Personalized products","item":"https:\/\/areka.konfitu.re\/en\/product-category\/personalized-products\/"},{"@type":"ListItem","position":3,"name":"Bonbons dans la Clic Clac \u00d8 76 mm"}]},{"@type":"WebSite","@id":"https:\/\/areka.konfitu.re\/en\/#website","url":"https:\/\/areka.konfitu.re\/en\/","name":"Areka","description":"Sp\u00e9cialiste fran\u00e7ais de la confiserie personnalis\u00e9e","potentialAction":[{"@type":"SearchAction","target":{"@type":"EntryPoint","urlTemplate":"https:\/\/areka.konfitu.re\/en\/?s={search_term_string}"},"query-input":"required name=search_term_string"}],"inLanguage":"en-US"}]}},"_links":{"self":[{"href":"https:\/\/areka.konfitu.re\/en\/wp-json\/wp\/v2\/product\/179","targetHints":{"allow":["GET"]}}],"collection":[{"href":"https:\/\/areka.konfitu.re\/en\/wp-json\/wp\/v2\/product"}],"about":[{"href":"https:\/\/areka.konfitu.re\/en\/wp-json\/wp\/v2\/types\/product"}],"replies":[{"embeddable":true,"href":"https:\/\/areka.konfitu.re\/en\/wp-json\/wp\/v2\/comments?post=179"}],"wp:featuredmedia":[{"embeddable":true,"href":"https:\/\/areka.konfitu.re\/en\/wp-json\/wp\/v2\/media\/314"}],"wp:attachment":[{"href":"https:\/\/areka.konfitu.re\/en\/wp-json\/wp\/v2\/media?parent=179"}],"wp:term":[{"taxonomy":"product_cat","embeddable":true,"href":"https:\/\/areka.konfitu.re\/en\/wp-json\/wp\/v2\/product_cat?post=179"},{"taxonomy":"product_tag","embeddable":true,"href":"https:\/\/areka.konfitu.re\/en\/wp-json\/wp\/v2\/product_tag?post=179"}],"curies":[{"name":"wp","href":"https:\/\/api.w.org\/{rel}","templated":true}]}}