{"id":182,"date":"2023-04-22T15:48:55","date_gmt":"2023-04-22T13:48:55","guid":{"rendered":"https:\/\/areka.konfitu.re\/?post_type=product&#038;p=182"},"modified":"2023-05-02T12:38:54","modified_gmt":"2023-05-02T10:38:54","slug":"boite-nostalgic-a-charniere-impression-numerique","status":"publish","type":"product","link":"https:\/\/areka.konfitu.re\/en\/produit\/boite-nostalgic-a-charniere-impression-numerique\/","title":{"rendered":"Bo\u00eete Nostalgic \u00e0 charni\u00e8re impression num\u00e9rique"},"content":{"rendered":"<p>Bo\u00eete en m\u00e9tal avec couvercle \u00e0 charni\u00e8re disponible en blanc ou en acier, remplissage avec des bonbons papillote 3 g ou des bonbons de la marque VIVIL.<\/p>\n<ul>\n<li>Contenu:\n<ul>\n<li>25 g papillote (3 g l&#8217;unit\u00e9)<\/li>\n<li>60 g Vivil menthe sans sucre<\/li>\n<\/ul>\n<\/li>\n<li>Dimensions: 99 x 62 x 20 mm<\/li>\n<li>Conditionnement: 80 pcs.\/ 240 pcs. par carton<\/li>\n<li>D\u00e9lai de conservation: approx. 18 mois en cas de stockage appropri\u00e9<\/li>\n<li>D\u00e9lai de livraison: approx. 3 semaines apr\u00e8s accord du BAT<\/li>\n<\/ul>\n","protected":false},"excerpt":{"rendered":"<p>Bo\u00eete en m\u00e9tal avec couvercle \u00e0 charni\u00e8re disponible en blanc ou en acier, remplissage avec des bonbons papillote 3 g ou des bonbons de la marque VIVIL. Contenu: 25 g papillote (3 g l&#8217;unit\u00e9) 60 g Vivil menthe sans sucre Dimensions: 99 x 62 x 20 mm Conditionnement: 80 pcs.\/ 240 pcs. par carton D\u00e9lai<a href=\"https:\/\/areka.konfitu.re\/en\/produit\/boite-nostalgic-a-charniere-impression-numerique\/\">Continue reading <span class=\"sr-only\">&#8220;Bo\u00eete Nostalgic \u00e0 charni\u00e8re impression num\u00e9rique&#8221;<\/span><\/a><\/p>\n","protected":false},"featured_media":338,"comment_status":"open","ping_status":"closed","template":"","meta":{"_acf_changed":false,"inline_featured_image":false},"product_cat":[35,27],"product_tag":[],"class_list":{"0":"post-182","1":"product","2":"type-product","3":"status-publish","4":"has-post-thumbnail","6":"product_cat-produits-personnalisables","7":"product_cat-boites","9":"first","10":"instock","11":"shipping-taxable","12":"product-type-simple"},"acf":[],"yoast_head":"<!-- This site is optimized with the Yoast SEO plugin v22.4 - https:\/\/yoast.com\/wordpress\/plugins\/seo\/ -->\n<title>Bo\u00eete Nostalgic \u00e0 charni\u00e8re impression num\u00e9rique : Areka<\/title>\n<meta name=\"robots\" content=\"index, follow, max-snippet:-1, max-image-preview:large, max-video-preview:-1\" \/>\n<link rel=\"canonical\" href=\"https:\/\/areka.konfitu.re\/en\/produit\/boite-nostalgic-a-charniere-impression-numerique\/\" \/>\n<meta property=\"og:locale\" content=\"en_US\" \/>\n<meta property=\"og:type\" content=\"article\" \/>\n<meta property=\"og:title\" content=\"Bo\u00eete Nostalgic \u00e0 charni\u00e8re impression num\u00e9rique : Areka\" \/>\n<meta property=\"og:description\" content=\"Bo\u00eete en m\u00e9tal avec couvercle \u00e0 charni\u00e8re disponible en blanc ou en acier, remplissage avec des bonbons papillote 3 g ou des bonbons de la marque VIVIL. Contenu: 25 g papillote (3 g l&#8217;unit\u00e9) 60 g Vivil menthe sans sucre Dimensions: 99 x 62 x 20 mm Conditionnement: 80 pcs.\/ 240 pcs. par carton D\u00e9laiContinue reading &quot;Bo\u00eete Nostalgic \u00e0 charni\u00e8re impression num\u00e9rique&quot;\" \/>\n<meta property=\"og:url\" content=\"https:\/\/areka.konfitu.re\/en\/produit\/boite-nostalgic-a-charniere-impression-numerique\/\" \/>\n<meta property=\"og:site_name\" content=\"Areka\" \/>\n<meta property=\"article:modified_time\" content=\"2023-05-02T10:38:54+00:00\" \/>\n<meta property=\"og:image\" content=\"https:\/\/areka.konfitu.re\/wp-content\/uploads\/2023\/04\/nostalgic-a-charniere.png\" \/>\n\t<meta property=\"og:image:width\" content=\"1046\" \/>\n\t<meta property=\"og:image:height\" content=\"1044\" \/>\n\t<meta property=\"og:image:type\" content=\"image\/png\" \/>\n<meta name=\"twitter:card\" content=\"summary_large_image\" \/>\n<meta name=\"twitter:label1\" content=\"Est. reading time\" \/>\n\t<meta name=\"twitter:data1\" content=\"1 minute\" \/>\n<script type=\"application\/ld+json\" class=\"yoast-schema-graph\">{\"@context\":\"https:\/\/schema.org\",\"@graph\":[{\"@type\":\"WebPage\",\"@id\":\"https:\/\/areka.konfitu.re\/en\/produit\/boite-nostalgic-a-charniere-impression-numerique\/\",\"url\":\"https:\/\/areka.konfitu.re\/en\/produit\/boite-nostalgic-a-charniere-impression-numerique\/\",\"name\":\"Bo\u00eete Nostalgic \u00e0 charni\u00e8re impression num\u00e9rique : Areka\",\"isPartOf\":{\"@id\":\"https:\/\/areka.konfitu.re\/en\/#website\"},\"primaryImageOfPage\":{\"@id\":\"https:\/\/areka.konfitu.re\/en\/produit\/boite-nostalgic-a-charniere-impression-numerique\/#primaryimage\"},\"image\":{\"@id\":\"https:\/\/areka.konfitu.re\/en\/produit\/boite-nostalgic-a-charniere-impression-numerique\/#primaryimage\"},\"thumbnailUrl\":\"https:\/\/areka.konfitu.re\/wp-content\/uploads\/2023\/04\/nostalgic-a-charniere.png\",\"datePublished\":\"2023-04-22T13:48:55+00:00\",\"dateModified\":\"2023-05-02T10:38:54+00:00\",\"breadcrumb\":{\"@id\":\"https:\/\/areka.konfitu.re\/en\/produit\/boite-nostalgic-a-charniere-impression-numerique\/#breadcrumb\"},\"inLanguage\":\"en-US\",\"potentialAction\":[{\"@type\":\"ReadAction\",\"target\":[\"https:\/\/areka.konfitu.re\/en\/produit\/boite-nostalgic-a-charniere-impression-numerique\/\"]}]},{\"@type\":\"ImageObject\",\"inLanguage\":\"en-US\",\"@id\":\"https:\/\/areka.konfitu.re\/en\/produit\/boite-nostalgic-a-charniere-impression-numerique\/#primaryimage\",\"url\":\"https:\/\/areka.konfitu.re\/wp-content\/uploads\/2023\/04\/nostalgic-a-charniere.png\",\"contentUrl\":\"https:\/\/areka.konfitu.re\/wp-content\/uploads\/2023\/04\/nostalgic-a-charniere.png\",\"width\":1046,\"height\":1044},{\"@type\":\"BreadcrumbList\",\"@id\":\"https:\/\/areka.konfitu.re\/en\/produit\/boite-nostalgic-a-charniere-impression-numerique\/#breadcrumb\",\"itemListElement\":[{\"@type\":\"ListItem\",\"position\":1,\"name\":\"All of our products\",\"item\":\"https:\/\/areka.konfitu.re\/en\/shop\/\"},{\"@type\":\"ListItem\",\"position\":2,\"name\":\"Personalized products\",\"item\":\"https:\/\/areka.konfitu.re\/en\/product-category\/personalized-products\/\"},{\"@type\":\"ListItem\",\"position\":3,\"name\":\"Bo\u00eete Nostalgic \u00e0 charni\u00e8re impression num\u00e9rique\"}]},{\"@type\":\"WebSite\",\"@id\":\"https:\/\/areka.konfitu.re\/en\/#website\",\"url\":\"https:\/\/areka.konfitu.re\/en\/\",\"name\":\"Areka\",\"description\":\"Sp\u00e9cialiste fran\u00e7ais de la confiserie personnalis\u00e9e\",\"potentialAction\":[{\"@type\":\"SearchAction\",\"target\":{\"@type\":\"EntryPoint\",\"urlTemplate\":\"https:\/\/areka.konfitu.re\/en\/?s={search_term_string}\"},\"query-input\":\"required name=search_term_string\"}],\"inLanguage\":\"en-US\"}]}<\/script>\n<!-- \/ Yoast SEO plugin. -->","yoast_head_json":{"title":"Bo\u00eete Nostalgic \u00e0 charni\u00e8re impression num\u00e9rique : Areka","robots":{"index":"index","follow":"follow","max-snippet":"max-snippet:-1","max-image-preview":"max-image-preview:large","max-video-preview":"max-video-preview:-1"},"canonical":"https:\/\/areka.konfitu.re\/en\/produit\/boite-nostalgic-a-charniere-impression-numerique\/","og_locale":"en_US","og_type":"article","og_title":"Bo\u00eete Nostalgic \u00e0 charni\u00e8re impression num\u00e9rique : Areka","og_description":"Bo\u00eete en m\u00e9tal avec couvercle \u00e0 charni\u00e8re disponible en blanc ou en acier, remplissage avec des bonbons papillote 3 g ou des bonbons de la marque VIVIL. Contenu: 25 g papillote (3 g l&#8217;unit\u00e9) 60 g Vivil menthe sans sucre Dimensions: 99 x 62 x 20 mm Conditionnement: 80 pcs.\/ 240 pcs. par carton D\u00e9laiContinue reading \"Bo\u00eete Nostalgic \u00e0 charni\u00e8re impression num\u00e9rique\"","og_url":"https:\/\/areka.konfitu.re\/en\/produit\/boite-nostalgic-a-charniere-impression-numerique\/","og_site_name":"Areka","article_modified_time":"2023-05-02T10:38:54+00:00","og_image":[{"width":1046,"height":1044,"url":"https:\/\/areka.konfitu.re\/wp-content\/uploads\/2023\/04\/nostalgic-a-charniere.png","type":"image\/png"}],"twitter_card":"summary_large_image","twitter_misc":{"Est. reading time":"1 minute"},"schema":{"@context":"https:\/\/schema.org","@graph":[{"@type":"WebPage","@id":"https:\/\/areka.konfitu.re\/en\/produit\/boite-nostalgic-a-charniere-impression-numerique\/","url":"https:\/\/areka.konfitu.re\/en\/produit\/boite-nostalgic-a-charniere-impression-numerique\/","name":"Bo\u00eete Nostalgic \u00e0 charni\u00e8re impression num\u00e9rique : Areka","isPartOf":{"@id":"https:\/\/areka.konfitu.re\/en\/#website"},"primaryImageOfPage":{"@id":"https:\/\/areka.konfitu.re\/en\/produit\/boite-nostalgic-a-charniere-impression-numerique\/#primaryimage"},"image":{"@id":"https:\/\/areka.konfitu.re\/en\/produit\/boite-nostalgic-a-charniere-impression-numerique\/#primaryimage"},"thumbnailUrl":"https:\/\/areka.konfitu.re\/wp-content\/uploads\/2023\/04\/nostalgic-a-charniere.png","datePublished":"2023-04-22T13:48:55+00:00","dateModified":"2023-05-02T10:38:54+00:00","breadcrumb":{"@id":"https:\/\/areka.konfitu.re\/en\/produit\/boite-nostalgic-a-charniere-impression-numerique\/#breadcrumb"},"inLanguage":"en-US","potentialAction":[{"@type":"ReadAction","target":["https:\/\/areka.konfitu.re\/en\/produit\/boite-nostalgic-a-charniere-impression-numerique\/"]}]},{"@type":"ImageObject","inLanguage":"en-US","@id":"https:\/\/areka.konfitu.re\/en\/produit\/boite-nostalgic-a-charniere-impression-numerique\/#primaryimage","url":"https:\/\/areka.konfitu.re\/wp-content\/uploads\/2023\/04\/nostalgic-a-charniere.png","contentUrl":"https:\/\/areka.konfitu.re\/wp-content\/uploads\/2023\/04\/nostalgic-a-charniere.png","width":1046,"height":1044},{"@type":"BreadcrumbList","@id":"https:\/\/areka.konfitu.re\/en\/produit\/boite-nostalgic-a-charniere-impression-numerique\/#breadcrumb","itemListElement":[{"@type":"ListItem","position":1,"name":"All of our products","item":"https:\/\/areka.konfitu.re\/en\/shop\/"},{"@type":"ListItem","position":2,"name":"Personalized products","item":"https:\/\/areka.konfitu.re\/en\/product-category\/personalized-products\/"},{"@type":"ListItem","position":3,"name":"Bo\u00eete Nostalgic \u00e0 charni\u00e8re impression num\u00e9rique"}]},{"@type":"WebSite","@id":"https:\/\/areka.konfitu.re\/en\/#website","url":"https:\/\/areka.konfitu.re\/en\/","name":"Areka","description":"Sp\u00e9cialiste fran\u00e7ais de la confiserie personnalis\u00e9e","potentialAction":[{"@type":"SearchAction","target":{"@type":"EntryPoint","urlTemplate":"https:\/\/areka.konfitu.re\/en\/?s={search_term_string}"},"query-input":"required name=search_term_string"}],"inLanguage":"en-US"}]}},"_links":{"self":[{"href":"https:\/\/areka.konfitu.re\/en\/wp-json\/wp\/v2\/product\/182","targetHints":{"allow":["GET"]}}],"collection":[{"href":"https:\/\/areka.konfitu.re\/en\/wp-json\/wp\/v2\/product"}],"about":[{"href":"https:\/\/areka.konfitu.re\/en\/wp-json\/wp\/v2\/types\/product"}],"replies":[{"embeddable":true,"href":"https:\/\/areka.konfitu.re\/en\/wp-json\/wp\/v2\/comments?post=182"}],"wp:featuredmedia":[{"embeddable":true,"href":"https:\/\/areka.konfitu.re\/en\/wp-json\/wp\/v2\/media\/338"}],"wp:attachment":[{"href":"https:\/\/areka.konfitu.re\/en\/wp-json\/wp\/v2\/media?parent=182"}],"wp:term":[{"taxonomy":"product_cat","embeddable":true,"href":"https:\/\/areka.konfitu.re\/en\/wp-json\/wp\/v2\/product_cat?post=182"},{"taxonomy":"product_tag","embeddable":true,"href":"https:\/\/areka.konfitu.re\/en\/wp-json\/wp\/v2\/product_tag?post=182"}],"curies":[{"name":"wp","href":"https:\/\/api.w.org\/{rel}","templated":true}]}}