{"id":186,"date":"2023-04-22T15:59:41","date_gmt":"2023-04-22T13:59:41","guid":{"rendered":"https:\/\/areka.konfitu.re\/?post_type=product&#038;p=186"},"modified":"2023-05-02T12:32:48","modified_gmt":"2023-05-02T10:32:48","slug":"b2box","status":"publish","type":"product","link":"https:\/\/areka.konfitu.re\/en\/produit\/b2box\/","title":{"rendered":"B2box"},"content":{"rendered":"<p>Bo\u00eete m\u00e9tallique plate avec couvercle \u00e0 charni\u00e8re en argent-mat, blanc-mat ou noir mat,<br \/>\noption de mise en place d\u2018une carte de visite de 85 x 55 mm.<\/p>\n<ul>\n<li>Contenu: 22 g<\/li>\n<li>Dimensions: 105 x 66 x 8,5 mm<\/li>\n<li>Conditionnement: 50 pcs.\/ 250 pcs. par carton<\/li>\n<li>D\u00e9lai de conservation: approx. 18 mois en cas de stockage appropri\u00e9<\/li>\n<li>D\u00e9lai de livraison: approx. 3 semaines apr\u00e8s accord du BAT<\/li>\n<\/ul>\n","protected":false},"excerpt":{"rendered":"<p>Bo\u00eete m\u00e9tallique plate avec couvercle \u00e0 charni\u00e8re en argent-mat, blanc-mat ou noir mat, option de mise en place d\u2018une carte de visite de 85 x 55 mm. Contenu: 22 g Dimensions: 105 x 66 x 8,5 mm Conditionnement: 50 pcs.\/ 250 pcs. par carton D\u00e9lai de conservation: approx. 18 mois en cas de stockage appropri\u00e9<a href=\"https:\/\/areka.konfitu.re\/en\/produit\/b2box\/\">Continue reading <span class=\"sr-only\">&#8220;B2box&#8221;<\/span><\/a><\/p>\n","protected":false},"featured_media":324,"comment_status":"open","ping_status":"closed","template":"","meta":{"_acf_changed":false,"inline_featured_image":false},"product_cat":[35,27],"product_tag":[],"class_list":{"0":"post-186","1":"product","2":"type-product","3":"status-publish","4":"has-post-thumbnail","6":"product_cat-produits-personnalisables","7":"product_cat-boites","9":"first","10":"instock","11":"shipping-taxable","12":"product-type-simple"},"acf":[],"yoast_head":"<!-- This site is optimized with the Yoast SEO plugin v22.4 - https:\/\/yoast.com\/wordpress\/plugins\/seo\/ -->\n<title>B2box : Areka<\/title>\n<meta name=\"robots\" content=\"index, follow, max-snippet:-1, max-image-preview:large, max-video-preview:-1\" \/>\n<link rel=\"canonical\" href=\"https:\/\/areka.konfitu.re\/en\/produit\/b2box\/\" \/>\n<meta property=\"og:locale\" content=\"en_US\" \/>\n<meta property=\"og:type\" content=\"article\" \/>\n<meta property=\"og:title\" content=\"B2box : Areka\" \/>\n<meta property=\"og:description\" content=\"Bo\u00eete m\u00e9tallique plate avec couvercle \u00e0 charni\u00e8re en argent-mat, blanc-mat ou noir mat, option de mise en place d\u2018une carte de visite de 85 x 55 mm. Contenu: 22 g Dimensions: 105 x 66 x 8,5 mm Conditionnement: 50 pcs.\/ 250 pcs. par carton D\u00e9lai de conservation: approx. 18 mois en cas de stockage appropri\u00e9Continue reading &quot;B2box&quot;\" \/>\n<meta property=\"og:url\" content=\"https:\/\/areka.konfitu.re\/en\/produit\/b2box\/\" \/>\n<meta property=\"og:site_name\" content=\"Areka\" \/>\n<meta property=\"article:modified_time\" content=\"2023-05-02T10:32:48+00:00\" \/>\n<meta property=\"og:image\" content=\"https:\/\/areka.konfitu.re\/wp-content\/uploads\/2023\/04\/b2box.png\" \/>\n\t<meta property=\"og:image:width\" content=\"1046\" \/>\n\t<meta property=\"og:image:height\" content=\"1044\" \/>\n\t<meta property=\"og:image:type\" content=\"image\/png\" \/>\n<meta name=\"twitter:card\" content=\"summary_large_image\" \/>\n<meta name=\"twitter:label1\" content=\"Est. reading time\" \/>\n\t<meta name=\"twitter:data1\" content=\"1 minute\" \/>\n<script type=\"application\/ld+json\" class=\"yoast-schema-graph\">{\"@context\":\"https:\/\/schema.org\",\"@graph\":[{\"@type\":\"WebPage\",\"@id\":\"https:\/\/areka.konfitu.re\/en\/produit\/b2box\/\",\"url\":\"https:\/\/areka.konfitu.re\/en\/produit\/b2box\/\",\"name\":\"B2box : Areka\",\"isPartOf\":{\"@id\":\"https:\/\/areka.konfitu.re\/en\/#website\"},\"primaryImageOfPage\":{\"@id\":\"https:\/\/areka.konfitu.re\/en\/produit\/b2box\/#primaryimage\"},\"image\":{\"@id\":\"https:\/\/areka.konfitu.re\/en\/produit\/b2box\/#primaryimage\"},\"thumbnailUrl\":\"https:\/\/areka.konfitu.re\/wp-content\/uploads\/2023\/04\/b2box.png\",\"datePublished\":\"2023-04-22T13:59:41+00:00\",\"dateModified\":\"2023-05-02T10:32:48+00:00\",\"breadcrumb\":{\"@id\":\"https:\/\/areka.konfitu.re\/en\/produit\/b2box\/#breadcrumb\"},\"inLanguage\":\"en-US\",\"potentialAction\":[{\"@type\":\"ReadAction\",\"target\":[\"https:\/\/areka.konfitu.re\/en\/produit\/b2box\/\"]}]},{\"@type\":\"ImageObject\",\"inLanguage\":\"en-US\",\"@id\":\"https:\/\/areka.konfitu.re\/en\/produit\/b2box\/#primaryimage\",\"url\":\"https:\/\/areka.konfitu.re\/wp-content\/uploads\/2023\/04\/b2box.png\",\"contentUrl\":\"https:\/\/areka.konfitu.re\/wp-content\/uploads\/2023\/04\/b2box.png\",\"width\":1046,\"height\":1044},{\"@type\":\"BreadcrumbList\",\"@id\":\"https:\/\/areka.konfitu.re\/en\/produit\/b2box\/#breadcrumb\",\"itemListElement\":[{\"@type\":\"ListItem\",\"position\":1,\"name\":\"All of our products\",\"item\":\"https:\/\/areka.konfitu.re\/en\/shop\/\"},{\"@type\":\"ListItem\",\"position\":2,\"name\":\"Personalized products\",\"item\":\"https:\/\/areka.konfitu.re\/en\/product-category\/personalized-products\/\"},{\"@type\":\"ListItem\",\"position\":3,\"name\":\"B2box\"}]},{\"@type\":\"WebSite\",\"@id\":\"https:\/\/areka.konfitu.re\/en\/#website\",\"url\":\"https:\/\/areka.konfitu.re\/en\/\",\"name\":\"Areka\",\"description\":\"Sp\u00e9cialiste fran\u00e7ais de la confiserie personnalis\u00e9e\",\"potentialAction\":[{\"@type\":\"SearchAction\",\"target\":{\"@type\":\"EntryPoint\",\"urlTemplate\":\"https:\/\/areka.konfitu.re\/en\/?s={search_term_string}\"},\"query-input\":\"required name=search_term_string\"}],\"inLanguage\":\"en-US\"}]}<\/script>\n<!-- \/ Yoast SEO plugin. -->","yoast_head_json":{"title":"B2box : Areka","robots":{"index":"index","follow":"follow","max-snippet":"max-snippet:-1","max-image-preview":"max-image-preview:large","max-video-preview":"max-video-preview:-1"},"canonical":"https:\/\/areka.konfitu.re\/en\/produit\/b2box\/","og_locale":"en_US","og_type":"article","og_title":"B2box : Areka","og_description":"Bo\u00eete m\u00e9tallique plate avec couvercle \u00e0 charni\u00e8re en argent-mat, blanc-mat ou noir mat, option de mise en place d\u2018une carte de visite de 85 x 55 mm. Contenu: 22 g Dimensions: 105 x 66 x 8,5 mm Conditionnement: 50 pcs.\/ 250 pcs. par carton D\u00e9lai de conservation: approx. 18 mois en cas de stockage appropri\u00e9Continue reading \"B2box\"","og_url":"https:\/\/areka.konfitu.re\/en\/produit\/b2box\/","og_site_name":"Areka","article_modified_time":"2023-05-02T10:32:48+00:00","og_image":[{"width":1046,"height":1044,"url":"https:\/\/areka.konfitu.re\/wp-content\/uploads\/2023\/04\/b2box.png","type":"image\/png"}],"twitter_card":"summary_large_image","twitter_misc":{"Est. reading time":"1 minute"},"schema":{"@context":"https:\/\/schema.org","@graph":[{"@type":"WebPage","@id":"https:\/\/areka.konfitu.re\/en\/produit\/b2box\/","url":"https:\/\/areka.konfitu.re\/en\/produit\/b2box\/","name":"B2box : Areka","isPartOf":{"@id":"https:\/\/areka.konfitu.re\/en\/#website"},"primaryImageOfPage":{"@id":"https:\/\/areka.konfitu.re\/en\/produit\/b2box\/#primaryimage"},"image":{"@id":"https:\/\/areka.konfitu.re\/en\/produit\/b2box\/#primaryimage"},"thumbnailUrl":"https:\/\/areka.konfitu.re\/wp-content\/uploads\/2023\/04\/b2box.png","datePublished":"2023-04-22T13:59:41+00:00","dateModified":"2023-05-02T10:32:48+00:00","breadcrumb":{"@id":"https:\/\/areka.konfitu.re\/en\/produit\/b2box\/#breadcrumb"},"inLanguage":"en-US","potentialAction":[{"@type":"ReadAction","target":["https:\/\/areka.konfitu.re\/en\/produit\/b2box\/"]}]},{"@type":"ImageObject","inLanguage":"en-US","@id":"https:\/\/areka.konfitu.re\/en\/produit\/b2box\/#primaryimage","url":"https:\/\/areka.konfitu.re\/wp-content\/uploads\/2023\/04\/b2box.png","contentUrl":"https:\/\/areka.konfitu.re\/wp-content\/uploads\/2023\/04\/b2box.png","width":1046,"height":1044},{"@type":"BreadcrumbList","@id":"https:\/\/areka.konfitu.re\/en\/produit\/b2box\/#breadcrumb","itemListElement":[{"@type":"ListItem","position":1,"name":"All of our products","item":"https:\/\/areka.konfitu.re\/en\/shop\/"},{"@type":"ListItem","position":2,"name":"Personalized products","item":"https:\/\/areka.konfitu.re\/en\/product-category\/personalized-products\/"},{"@type":"ListItem","position":3,"name":"B2box"}]},{"@type":"WebSite","@id":"https:\/\/areka.konfitu.re\/en\/#website","url":"https:\/\/areka.konfitu.re\/en\/","name":"Areka","description":"Sp\u00e9cialiste fran\u00e7ais de la confiserie personnalis\u00e9e","potentialAction":[{"@type":"SearchAction","target":{"@type":"EntryPoint","urlTemplate":"https:\/\/areka.konfitu.re\/en\/?s={search_term_string}"},"query-input":"required name=search_term_string"}],"inLanguage":"en-US"}]}},"_links":{"self":[{"href":"https:\/\/areka.konfitu.re\/en\/wp-json\/wp\/v2\/product\/186","targetHints":{"allow":["GET"]}}],"collection":[{"href":"https:\/\/areka.konfitu.re\/en\/wp-json\/wp\/v2\/product"}],"about":[{"href":"https:\/\/areka.konfitu.re\/en\/wp-json\/wp\/v2\/types\/product"}],"replies":[{"embeddable":true,"href":"https:\/\/areka.konfitu.re\/en\/wp-json\/wp\/v2\/comments?post=186"}],"wp:featuredmedia":[{"embeddable":true,"href":"https:\/\/areka.konfitu.re\/en\/wp-json\/wp\/v2\/media\/324"}],"wp:attachment":[{"href":"https:\/\/areka.konfitu.re\/en\/wp-json\/wp\/v2\/media?parent=186"}],"wp:term":[{"taxonomy":"product_cat","embeddable":true,"href":"https:\/\/areka.konfitu.re\/en\/wp-json\/wp\/v2\/product_cat?post=186"},{"taxonomy":"product_tag","embeddable":true,"href":"https:\/\/areka.konfitu.re\/en\/wp-json\/wp\/v2\/product_tag?post=186"}],"curies":[{"name":"wp","href":"https:\/\/api.w.org\/{rel}","templated":true}]}}