{"id":205,"date":"2023-04-22T17:27:36","date_gmt":"2023-04-22T15:27:36","guid":{"rendered":"https:\/\/areka.konfitu.re\/?post_type=product&#038;p=205"},"modified":"2023-05-02T12:46:10","modified_gmt":"2023-05-02T10:46:10","slug":"gommes-de-fruits-beaute","status":"publish","type":"product","link":"https:\/\/areka.konfitu.re\/en\/produit\/gommes-de-fruits-beaute\/","title":{"rendered":"Gommes de fruits beaut\u00e9"},"content":{"rendered":"<p>Gommes de fruits en forme de couronne contenant 15% de fruits mix\u00e9s et de jus de fruits en sachets personnalisables. Ils sont sans gluten et sans mati\u00e8res grasses et ne contiennent aucun ar\u00f4me artificiel, aucun conservateur et aucun colorant artificiel.<\/p>\n<ul>\n<li>Contenu: 16,4 g<\/li>\n<li>Saveur:\n<ul>\n<li>framboise\/m\u00fbre, pomme\/poire, cerise\/groseille, citron\/fraise<\/li>\n<\/ul>\n<\/li>\n<li>Dimensions: approx. 90 x 110 mm<\/li>\n<li>Conditionnement: 150 pcs. par carton<\/li>\n<li>D\u00e9lai de conservation: approx. 12 mois en cas de stockage appropri\u00e9<\/li>\n<li>D\u00e9lai de livraison: approx. 3 semaines apr\u00e8s accord du BAT<\/li>\n<\/ul>\n","protected":false},"excerpt":{"rendered":"<p>Gommes de fruits en forme de couronne contenant 15% de fruits mix\u00e9s et de jus de fruits en sachets personnalisables. Ils sont sans gluten et sans mati\u00e8res grasses et ne contiennent aucun ar\u00f4me artificiel, aucun conservateur et aucun colorant artificiel. Contenu: 16,4 g Saveur: framboise\/m\u00fbre, pomme\/poire, cerise\/groseille, citron\/fraise Dimensions: approx. 90 x 110 mm Conditionnement:<a href=\"https:\/\/areka.konfitu.re\/en\/produit\/gommes-de-fruits-beaute\/\">Continue reading <span class=\"sr-only\">&#8220;Gommes de fruits beaut\u00e9&#8221;<\/span><\/a><\/p>\n","protected":false},"featured_media":380,"comment_status":"open","ping_status":"closed","template":"","meta":{"_acf_changed":false,"inline_featured_image":false},"product_cat":[35,34],"product_tag":[],"class_list":{"0":"post-205","1":"product","2":"type-product","3":"status-publish","4":"has-post-thumbnail","6":"product_cat-produits-personnalisables","7":"product_cat-gommes-de-fruits","9":"first","10":"instock","11":"shipping-taxable","12":"product-type-simple"},"acf":[],"yoast_head":"<!-- This site is optimized with the Yoast SEO plugin v22.4 - https:\/\/yoast.com\/wordpress\/plugins\/seo\/ -->\n<title>Gommes de fruits beaut\u00e9 : Areka<\/title>\n<meta name=\"robots\" content=\"index, follow, max-snippet:-1, max-image-preview:large, max-video-preview:-1\" \/>\n<link rel=\"canonical\" href=\"https:\/\/areka.konfitu.re\/en\/produit\/gommes-de-fruits-beaute\/\" \/>\n<meta property=\"og:locale\" content=\"en_US\" \/>\n<meta property=\"og:type\" content=\"article\" \/>\n<meta property=\"og:title\" content=\"Gommes de fruits beaut\u00e9 : Areka\" \/>\n<meta property=\"og:description\" content=\"Gommes de fruits en forme de couronne contenant 15% de fruits mix\u00e9s et de jus de fruits en sachets personnalisables. Ils sont sans gluten et sans mati\u00e8res grasses et ne contiennent aucun ar\u00f4me artificiel, aucun conservateur et aucun colorant artificiel. Contenu: 16,4 g Saveur: framboise\/m\u00fbre, pomme\/poire, cerise\/groseille, citron\/fraise Dimensions: approx. 90 x 110 mm Conditionnement:Continue reading &quot;Gommes de fruits beaut\u00e9&quot;\" \/>\n<meta property=\"og:url\" content=\"https:\/\/areka.konfitu.re\/en\/produit\/gommes-de-fruits-beaute\/\" \/>\n<meta property=\"og:site_name\" content=\"Areka\" \/>\n<meta property=\"article:modified_time\" content=\"2023-05-02T10:46:10+00:00\" \/>\n<meta property=\"og:image\" content=\"https:\/\/areka.konfitu.re\/wp-content\/uploads\/2023\/04\/gomme-beaute.png\" \/>\n\t<meta property=\"og:image:width\" content=\"412\" \/>\n\t<meta property=\"og:image:height\" content=\"412\" \/>\n\t<meta property=\"og:image:type\" content=\"image\/png\" \/>\n<meta name=\"twitter:card\" content=\"summary_large_image\" \/>\n<meta name=\"twitter:label1\" content=\"Est. reading time\" \/>\n\t<meta name=\"twitter:data1\" content=\"1 minute\" \/>\n<script type=\"application\/ld+json\" class=\"yoast-schema-graph\">{\"@context\":\"https:\/\/schema.org\",\"@graph\":[{\"@type\":\"WebPage\",\"@id\":\"https:\/\/areka.konfitu.re\/en\/produit\/gommes-de-fruits-beaute\/\",\"url\":\"https:\/\/areka.konfitu.re\/en\/produit\/gommes-de-fruits-beaute\/\",\"name\":\"Gommes de fruits beaut\u00e9 : Areka\",\"isPartOf\":{\"@id\":\"https:\/\/areka.konfitu.re\/en\/#website\"},\"primaryImageOfPage\":{\"@id\":\"https:\/\/areka.konfitu.re\/en\/produit\/gommes-de-fruits-beaute\/#primaryimage\"},\"image\":{\"@id\":\"https:\/\/areka.konfitu.re\/en\/produit\/gommes-de-fruits-beaute\/#primaryimage\"},\"thumbnailUrl\":\"https:\/\/areka.konfitu.re\/wp-content\/uploads\/2023\/04\/gomme-beaute.png\",\"datePublished\":\"2023-04-22T15:27:36+00:00\",\"dateModified\":\"2023-05-02T10:46:10+00:00\",\"breadcrumb\":{\"@id\":\"https:\/\/areka.konfitu.re\/en\/produit\/gommes-de-fruits-beaute\/#breadcrumb\"},\"inLanguage\":\"en-US\",\"potentialAction\":[{\"@type\":\"ReadAction\",\"target\":[\"https:\/\/areka.konfitu.re\/en\/produit\/gommes-de-fruits-beaute\/\"]}]},{\"@type\":\"ImageObject\",\"inLanguage\":\"en-US\",\"@id\":\"https:\/\/areka.konfitu.re\/en\/produit\/gommes-de-fruits-beaute\/#primaryimage\",\"url\":\"https:\/\/areka.konfitu.re\/wp-content\/uploads\/2023\/04\/gomme-beaute.png\",\"contentUrl\":\"https:\/\/areka.konfitu.re\/wp-content\/uploads\/2023\/04\/gomme-beaute.png\",\"width\":412,\"height\":412},{\"@type\":\"BreadcrumbList\",\"@id\":\"https:\/\/areka.konfitu.re\/en\/produit\/gommes-de-fruits-beaute\/#breadcrumb\",\"itemListElement\":[{\"@type\":\"ListItem\",\"position\":1,\"name\":\"All of our products\",\"item\":\"https:\/\/areka.konfitu.re\/en\/shop\/\"},{\"@type\":\"ListItem\",\"position\":2,\"name\":\"Personalized products\",\"item\":\"https:\/\/areka.konfitu.re\/en\/product-category\/personalized-products\/\"},{\"@type\":\"ListItem\",\"position\":3,\"name\":\"Gommes de fruits beaut\u00e9\"}]},{\"@type\":\"WebSite\",\"@id\":\"https:\/\/areka.konfitu.re\/en\/#website\",\"url\":\"https:\/\/areka.konfitu.re\/en\/\",\"name\":\"Areka\",\"description\":\"Sp\u00e9cialiste fran\u00e7ais de la confiserie personnalis\u00e9e\",\"potentialAction\":[{\"@type\":\"SearchAction\",\"target\":{\"@type\":\"EntryPoint\",\"urlTemplate\":\"https:\/\/areka.konfitu.re\/en\/?s={search_term_string}\"},\"query-input\":\"required name=search_term_string\"}],\"inLanguage\":\"en-US\"}]}<\/script>\n<!-- \/ Yoast SEO plugin. -->","yoast_head_json":{"title":"Gommes de fruits beaut\u00e9 : Areka","robots":{"index":"index","follow":"follow","max-snippet":"max-snippet:-1","max-image-preview":"max-image-preview:large","max-video-preview":"max-video-preview:-1"},"canonical":"https:\/\/areka.konfitu.re\/en\/produit\/gommes-de-fruits-beaute\/","og_locale":"en_US","og_type":"article","og_title":"Gommes de fruits beaut\u00e9 : Areka","og_description":"Gommes de fruits en forme de couronne contenant 15% de fruits mix\u00e9s et de jus de fruits en sachets personnalisables. Ils sont sans gluten et sans mati\u00e8res grasses et ne contiennent aucun ar\u00f4me artificiel, aucun conservateur et aucun colorant artificiel. Contenu: 16,4 g Saveur: framboise\/m\u00fbre, pomme\/poire, cerise\/groseille, citron\/fraise Dimensions: approx. 90 x 110 mm Conditionnement:Continue reading \"Gommes de fruits beaut\u00e9\"","og_url":"https:\/\/areka.konfitu.re\/en\/produit\/gommes-de-fruits-beaute\/","og_site_name":"Areka","article_modified_time":"2023-05-02T10:46:10+00:00","og_image":[{"width":412,"height":412,"url":"https:\/\/areka.konfitu.re\/wp-content\/uploads\/2023\/04\/gomme-beaute.png","type":"image\/png"}],"twitter_card":"summary_large_image","twitter_misc":{"Est. reading time":"1 minute"},"schema":{"@context":"https:\/\/schema.org","@graph":[{"@type":"WebPage","@id":"https:\/\/areka.konfitu.re\/en\/produit\/gommes-de-fruits-beaute\/","url":"https:\/\/areka.konfitu.re\/en\/produit\/gommes-de-fruits-beaute\/","name":"Gommes de fruits beaut\u00e9 : Areka","isPartOf":{"@id":"https:\/\/areka.konfitu.re\/en\/#website"},"primaryImageOfPage":{"@id":"https:\/\/areka.konfitu.re\/en\/produit\/gommes-de-fruits-beaute\/#primaryimage"},"image":{"@id":"https:\/\/areka.konfitu.re\/en\/produit\/gommes-de-fruits-beaute\/#primaryimage"},"thumbnailUrl":"https:\/\/areka.konfitu.re\/wp-content\/uploads\/2023\/04\/gomme-beaute.png","datePublished":"2023-04-22T15:27:36+00:00","dateModified":"2023-05-02T10:46:10+00:00","breadcrumb":{"@id":"https:\/\/areka.konfitu.re\/en\/produit\/gommes-de-fruits-beaute\/#breadcrumb"},"inLanguage":"en-US","potentialAction":[{"@type":"ReadAction","target":["https:\/\/areka.konfitu.re\/en\/produit\/gommes-de-fruits-beaute\/"]}]},{"@type":"ImageObject","inLanguage":"en-US","@id":"https:\/\/areka.konfitu.re\/en\/produit\/gommes-de-fruits-beaute\/#primaryimage","url":"https:\/\/areka.konfitu.re\/wp-content\/uploads\/2023\/04\/gomme-beaute.png","contentUrl":"https:\/\/areka.konfitu.re\/wp-content\/uploads\/2023\/04\/gomme-beaute.png","width":412,"height":412},{"@type":"BreadcrumbList","@id":"https:\/\/areka.konfitu.re\/en\/produit\/gommes-de-fruits-beaute\/#breadcrumb","itemListElement":[{"@type":"ListItem","position":1,"name":"All of our products","item":"https:\/\/areka.konfitu.re\/en\/shop\/"},{"@type":"ListItem","position":2,"name":"Personalized products","item":"https:\/\/areka.konfitu.re\/en\/product-category\/personalized-products\/"},{"@type":"ListItem","position":3,"name":"Gommes de fruits beaut\u00e9"}]},{"@type":"WebSite","@id":"https:\/\/areka.konfitu.re\/en\/#website","url":"https:\/\/areka.konfitu.re\/en\/","name":"Areka","description":"Sp\u00e9cialiste fran\u00e7ais de la confiserie personnalis\u00e9e","potentialAction":[{"@type":"SearchAction","target":{"@type":"EntryPoint","urlTemplate":"https:\/\/areka.konfitu.re\/en\/?s={search_term_string}"},"query-input":"required name=search_term_string"}],"inLanguage":"en-US"}]}},"_links":{"self":[{"href":"https:\/\/areka.konfitu.re\/en\/wp-json\/wp\/v2\/product\/205","targetHints":{"allow":["GET"]}}],"collection":[{"href":"https:\/\/areka.konfitu.re\/en\/wp-json\/wp\/v2\/product"}],"about":[{"href":"https:\/\/areka.konfitu.re\/en\/wp-json\/wp\/v2\/types\/product"}],"replies":[{"embeddable":true,"href":"https:\/\/areka.konfitu.re\/en\/wp-json\/wp\/v2\/comments?post=205"}],"wp:featuredmedia":[{"embeddable":true,"href":"https:\/\/areka.konfitu.re\/en\/wp-json\/wp\/v2\/media\/380"}],"wp:attachment":[{"href":"https:\/\/areka.konfitu.re\/en\/wp-json\/wp\/v2\/media?parent=205"}],"wp:term":[{"taxonomy":"product_cat","embeddable":true,"href":"https:\/\/areka.konfitu.re\/en\/wp-json\/wp\/v2\/product_cat?post=205"},{"taxonomy":"product_tag","embeddable":true,"href":"https:\/\/areka.konfitu.re\/en\/wp-json\/wp\/v2\/product_tag?post=205"}],"curies":[{"name":"wp","href":"https:\/\/api.w.org\/{rel}","templated":true}]}}