{"id":208,"date":"2023-04-22T17:40:36","date_gmt":"2023-04-22T15:40:36","guid":{"rendered":"https:\/\/areka.konfitu.re\/?post_type=product&#038;p=208"},"modified":"2023-05-02T14:13:29","modified_gmt":"2023-05-02T12:13:29","slug":"melange-de-fruits-a-coque-et-raisins-secs","status":"publish","type":"product","link":"https:\/\/areka.konfitu.re\/en\/produit\/melange-de-fruits-a-coque-et-raisins-secs\/","title":{"rendered":"M\u00e9lange de fruits \u00e0 coque et raisins secs"},"content":{"rendered":"<p>M\u00e9lange de fruits \u00e0 coque et raisins secs (amandes, noix de cajou, noisettes, noix et raisins secs) de la marque \u201cSeeberger\u201c, emball\u00e9 en sachet personnalisable.<\/p>\n<ul>\n<li>Contenu: 20 g<\/li>\n<li>Dimensions: approx. 90 x 110 mm<\/li>\n<li>Conditionnement: 150 pcs. \/ 600 pcs. par carton<\/li>\n<li>D\u00e9lai de conservation: approx. 12 mois en cas de stockage appropri\u00e9<\/li>\n<li>D\u00e9lai de livraison: approx. 3 semaines apr\u00e8s accord du BAT<\/li>\n<\/ul>\n","protected":false},"excerpt":{"rendered":"<p>M\u00e9lange de fruits \u00e0 coque et raisins secs (amandes, noix de cajou, noisettes, noix et raisins secs) de la marque \u201cSeeberger\u201c, emball\u00e9 en sachet personnalisable. Contenu: 20 g Dimensions: approx. 90 x 110 mm Conditionnement: 150 pcs. \/ 600 pcs. par carton D\u00e9lai de conservation: approx. 12 mois en cas de stockage appropri\u00e9 D\u00e9lai de<a href=\"https:\/\/areka.konfitu.re\/en\/produit\/melange-de-fruits-a-coque-et-raisins-secs\/\">Continue reading <span class=\"sr-only\">&#8220;M\u00e9lange de fruits \u00e0 coque et raisins secs&#8221;<\/span><\/a><\/p>\n","protected":false},"featured_media":640,"comment_status":"open","ping_status":"closed","template":"","meta":{"_acf_changed":false,"inline_featured_image":false},"product_cat":[35,30],"product_tag":[],"class_list":{"0":"post-208","1":"product","2":"type-product","3":"status-publish","4":"has-post-thumbnail","6":"product_cat-produits-personnalisables","7":"product_cat-delicieusement-sain","9":"first","10":"instock","11":"shipping-taxable","12":"product-type-simple"},"acf":[],"yoast_head":"<!-- This site is optimized with the Yoast SEO plugin v22.4 - https:\/\/yoast.com\/wordpress\/plugins\/seo\/ -->\n<title>M\u00e9lange de fruits \u00e0 coque et raisins secs : Areka<\/title>\n<meta name=\"robots\" content=\"index, follow, max-snippet:-1, max-image-preview:large, max-video-preview:-1\" \/>\n<link rel=\"canonical\" href=\"https:\/\/areka.konfitu.re\/en\/produit\/melange-de-fruits-a-coque-et-raisins-secs\/\" \/>\n<meta property=\"og:locale\" content=\"en_US\" \/>\n<meta property=\"og:type\" content=\"article\" \/>\n<meta property=\"og:title\" content=\"M\u00e9lange de fruits \u00e0 coque et raisins secs : Areka\" \/>\n<meta property=\"og:description\" content=\"M\u00e9lange de fruits \u00e0 coque et raisins secs (amandes, noix de cajou, noisettes, noix et raisins secs) de la marque \u201cSeeberger\u201c, emball\u00e9 en sachet personnalisable. Contenu: 20 g Dimensions: approx. 90 x 110 mm Conditionnement: 150 pcs. \/ 600 pcs. par carton D\u00e9lai de conservation: approx. 12 mois en cas de stockage appropri\u00e9 D\u00e9lai deContinue reading &quot;M\u00e9lange de fruits \u00e0 coque et raisins secs&quot;\" \/>\n<meta property=\"og:url\" content=\"https:\/\/areka.konfitu.re\/en\/produit\/melange-de-fruits-a-coque-et-raisins-secs\/\" \/>\n<meta property=\"og:site_name\" content=\"Areka\" \/>\n<meta property=\"article:modified_time\" content=\"2023-05-02T12:13:29+00:00\" \/>\n<meta property=\"og:image\" content=\"https:\/\/areka.konfitu.re\/wp-content\/uploads\/2023\/05\/fruits-a-coque-raisins.png\" \/>\n\t<meta property=\"og:image:width\" content=\"412\" \/>\n\t<meta property=\"og:image:height\" content=\"412\" \/>\n\t<meta property=\"og:image:type\" content=\"image\/png\" \/>\n<meta name=\"twitter:card\" content=\"summary_large_image\" \/>\n<meta name=\"twitter:label1\" content=\"Est. reading time\" \/>\n\t<meta name=\"twitter:data1\" content=\"1 minute\" \/>\n<script type=\"application\/ld+json\" class=\"yoast-schema-graph\">{\"@context\":\"https:\/\/schema.org\",\"@graph\":[{\"@type\":\"WebPage\",\"@id\":\"https:\/\/areka.konfitu.re\/en\/produit\/melange-de-fruits-a-coque-et-raisins-secs\/\",\"url\":\"https:\/\/areka.konfitu.re\/en\/produit\/melange-de-fruits-a-coque-et-raisins-secs\/\",\"name\":\"M\u00e9lange de fruits \u00e0 coque et raisins secs : Areka\",\"isPartOf\":{\"@id\":\"https:\/\/areka.konfitu.re\/en\/#website\"},\"primaryImageOfPage\":{\"@id\":\"https:\/\/areka.konfitu.re\/en\/produit\/melange-de-fruits-a-coque-et-raisins-secs\/#primaryimage\"},\"image\":{\"@id\":\"https:\/\/areka.konfitu.re\/en\/produit\/melange-de-fruits-a-coque-et-raisins-secs\/#primaryimage\"},\"thumbnailUrl\":\"https:\/\/areka.konfitu.re\/wp-content\/uploads\/2023\/05\/fruits-a-coque-raisins.png\",\"datePublished\":\"2023-04-22T15:40:36+00:00\",\"dateModified\":\"2023-05-02T12:13:29+00:00\",\"breadcrumb\":{\"@id\":\"https:\/\/areka.konfitu.re\/en\/produit\/melange-de-fruits-a-coque-et-raisins-secs\/#breadcrumb\"},\"inLanguage\":\"en-US\",\"potentialAction\":[{\"@type\":\"ReadAction\",\"target\":[\"https:\/\/areka.konfitu.re\/en\/produit\/melange-de-fruits-a-coque-et-raisins-secs\/\"]}]},{\"@type\":\"ImageObject\",\"inLanguage\":\"en-US\",\"@id\":\"https:\/\/areka.konfitu.re\/en\/produit\/melange-de-fruits-a-coque-et-raisins-secs\/#primaryimage\",\"url\":\"https:\/\/areka.konfitu.re\/wp-content\/uploads\/2023\/05\/fruits-a-coque-raisins.png\",\"contentUrl\":\"https:\/\/areka.konfitu.re\/wp-content\/uploads\/2023\/05\/fruits-a-coque-raisins.png\",\"width\":412,\"height\":412},{\"@type\":\"BreadcrumbList\",\"@id\":\"https:\/\/areka.konfitu.re\/en\/produit\/melange-de-fruits-a-coque-et-raisins-secs\/#breadcrumb\",\"itemListElement\":[{\"@type\":\"ListItem\",\"position\":1,\"name\":\"All of our products\",\"item\":\"https:\/\/areka.konfitu.re\/en\/shop\/\"},{\"@type\":\"ListItem\",\"position\":2,\"name\":\"Personalized products\",\"item\":\"https:\/\/areka.konfitu.re\/en\/product-category\/personalized-products\/\"},{\"@type\":\"ListItem\",\"position\":3,\"name\":\"M\u00e9lange de fruits \u00e0 coque et raisins secs\"}]},{\"@type\":\"WebSite\",\"@id\":\"https:\/\/areka.konfitu.re\/en\/#website\",\"url\":\"https:\/\/areka.konfitu.re\/en\/\",\"name\":\"Areka\",\"description\":\"Sp\u00e9cialiste fran\u00e7ais de la confiserie personnalis\u00e9e\",\"potentialAction\":[{\"@type\":\"SearchAction\",\"target\":{\"@type\":\"EntryPoint\",\"urlTemplate\":\"https:\/\/areka.konfitu.re\/en\/?s={search_term_string}\"},\"query-input\":\"required name=search_term_string\"}],\"inLanguage\":\"en-US\"}]}<\/script>\n<!-- \/ Yoast SEO plugin. -->","yoast_head_json":{"title":"M\u00e9lange de fruits \u00e0 coque et raisins secs : Areka","robots":{"index":"index","follow":"follow","max-snippet":"max-snippet:-1","max-image-preview":"max-image-preview:large","max-video-preview":"max-video-preview:-1"},"canonical":"https:\/\/areka.konfitu.re\/en\/produit\/melange-de-fruits-a-coque-et-raisins-secs\/","og_locale":"en_US","og_type":"article","og_title":"M\u00e9lange de fruits \u00e0 coque et raisins secs : Areka","og_description":"M\u00e9lange de fruits \u00e0 coque et raisins secs (amandes, noix de cajou, noisettes, noix et raisins secs) de la marque \u201cSeeberger\u201c, emball\u00e9 en sachet personnalisable. Contenu: 20 g Dimensions: approx. 90 x 110 mm Conditionnement: 150 pcs. \/ 600 pcs. par carton D\u00e9lai de conservation: approx. 12 mois en cas de stockage appropri\u00e9 D\u00e9lai deContinue reading \"M\u00e9lange de fruits \u00e0 coque et raisins secs\"","og_url":"https:\/\/areka.konfitu.re\/en\/produit\/melange-de-fruits-a-coque-et-raisins-secs\/","og_site_name":"Areka","article_modified_time":"2023-05-02T12:13:29+00:00","og_image":[{"width":412,"height":412,"url":"https:\/\/areka.konfitu.re\/wp-content\/uploads\/2023\/05\/fruits-a-coque-raisins.png","type":"image\/png"}],"twitter_card":"summary_large_image","twitter_misc":{"Est. reading time":"1 minute"},"schema":{"@context":"https:\/\/schema.org","@graph":[{"@type":"WebPage","@id":"https:\/\/areka.konfitu.re\/en\/produit\/melange-de-fruits-a-coque-et-raisins-secs\/","url":"https:\/\/areka.konfitu.re\/en\/produit\/melange-de-fruits-a-coque-et-raisins-secs\/","name":"M\u00e9lange de fruits \u00e0 coque et raisins secs : Areka","isPartOf":{"@id":"https:\/\/areka.konfitu.re\/en\/#website"},"primaryImageOfPage":{"@id":"https:\/\/areka.konfitu.re\/en\/produit\/melange-de-fruits-a-coque-et-raisins-secs\/#primaryimage"},"image":{"@id":"https:\/\/areka.konfitu.re\/en\/produit\/melange-de-fruits-a-coque-et-raisins-secs\/#primaryimage"},"thumbnailUrl":"https:\/\/areka.konfitu.re\/wp-content\/uploads\/2023\/05\/fruits-a-coque-raisins.png","datePublished":"2023-04-22T15:40:36+00:00","dateModified":"2023-05-02T12:13:29+00:00","breadcrumb":{"@id":"https:\/\/areka.konfitu.re\/en\/produit\/melange-de-fruits-a-coque-et-raisins-secs\/#breadcrumb"},"inLanguage":"en-US","potentialAction":[{"@type":"ReadAction","target":["https:\/\/areka.konfitu.re\/en\/produit\/melange-de-fruits-a-coque-et-raisins-secs\/"]}]},{"@type":"ImageObject","inLanguage":"en-US","@id":"https:\/\/areka.konfitu.re\/en\/produit\/melange-de-fruits-a-coque-et-raisins-secs\/#primaryimage","url":"https:\/\/areka.konfitu.re\/wp-content\/uploads\/2023\/05\/fruits-a-coque-raisins.png","contentUrl":"https:\/\/areka.konfitu.re\/wp-content\/uploads\/2023\/05\/fruits-a-coque-raisins.png","width":412,"height":412},{"@type":"BreadcrumbList","@id":"https:\/\/areka.konfitu.re\/en\/produit\/melange-de-fruits-a-coque-et-raisins-secs\/#breadcrumb","itemListElement":[{"@type":"ListItem","position":1,"name":"All of our products","item":"https:\/\/areka.konfitu.re\/en\/shop\/"},{"@type":"ListItem","position":2,"name":"Personalized products","item":"https:\/\/areka.konfitu.re\/en\/product-category\/personalized-products\/"},{"@type":"ListItem","position":3,"name":"M\u00e9lange de fruits \u00e0 coque et raisins secs"}]},{"@type":"WebSite","@id":"https:\/\/areka.konfitu.re\/en\/#website","url":"https:\/\/areka.konfitu.re\/en\/","name":"Areka","description":"Sp\u00e9cialiste fran\u00e7ais de la confiserie personnalis\u00e9e","potentialAction":[{"@type":"SearchAction","target":{"@type":"EntryPoint","urlTemplate":"https:\/\/areka.konfitu.re\/en\/?s={search_term_string}"},"query-input":"required name=search_term_string"}],"inLanguage":"en-US"}]}},"_links":{"self":[{"href":"https:\/\/areka.konfitu.re\/en\/wp-json\/wp\/v2\/product\/208","targetHints":{"allow":["GET"]}}],"collection":[{"href":"https:\/\/areka.konfitu.re\/en\/wp-json\/wp\/v2\/product"}],"about":[{"href":"https:\/\/areka.konfitu.re\/en\/wp-json\/wp\/v2\/types\/product"}],"replies":[{"embeddable":true,"href":"https:\/\/areka.konfitu.re\/en\/wp-json\/wp\/v2\/comments?post=208"}],"wp:featuredmedia":[{"embeddable":true,"href":"https:\/\/areka.konfitu.re\/en\/wp-json\/wp\/v2\/media\/640"}],"wp:attachment":[{"href":"https:\/\/areka.konfitu.re\/en\/wp-json\/wp\/v2\/media?parent=208"}],"wp:term":[{"taxonomy":"product_cat","embeddable":true,"href":"https:\/\/areka.konfitu.re\/en\/wp-json\/wp\/v2\/product_cat?post=208"},{"taxonomy":"product_tag","embeddable":true,"href":"https:\/\/areka.konfitu.re\/en\/wp-json\/wp\/v2\/product_tag?post=208"}],"curies":[{"name":"wp","href":"https:\/\/api.w.org\/{rel}","templated":true}]}}