{"id":223,"date":"2023-04-22T18:13:52","date_gmt":"2023-04-22T16:13:52","guid":{"rendered":"https:\/\/areka.konfitu.re\/?post_type=product&#038;p=223"},"modified":"2023-05-02T13:20:16","modified_gmt":"2023-05-02T11:20:16","slug":"biscuit-chinois-avec-une-carte-personnalisable","status":"publish","type":"product","link":"https:\/\/areka.konfitu.re\/en\/produit\/biscuit-chinois-avec-une-carte-personnalisable\/","title":{"rendered":"Biscuit chinois avec une carte personnalisable"},"content":{"rendered":"<p>Pour un message publicitaire avec du mordant. Le biscuit chinois en 4 couleurs (couleur naturelle, noire,<br \/>\nrouge, jaune). Le message contenu dans le biscuit chinois peut \u00eatre formul\u00e9 individuellement.<br \/>\nEn outre, une carte est incluse qui peut \u00eatre imprim\u00e9e individuellement sur les deux faces. Emball\u00e9 en sachet personnalisable.<\/p>\n<ul>\n<li>Contenu: 7 g\n<ul>\n<li>certains biscuits pourraient \u00eatre cass\u00e9s<\/li>\n<\/ul>\n<\/li>\n<li>\u00a0Dimensions: approx. 69 x 110 mm<\/li>\n<li>Dimensions de la carte: approx. 40 x 55 mm<\/li>\n<li>Conditionnement: 150 pcs. par carton<\/li>\n<li>D\u00e9lai de conservation: approx. 7 mois en cas de stockage appropri\u00e9<\/li>\n<li>D\u00e9lai de livraison: approx. 3-4 semaines apr\u00e8s accord du BAT<\/li>\n<\/ul>\n","protected":false},"excerpt":{"rendered":"<p>Pour un message publicitaire avec du mordant. Le biscuit chinois en 4 couleurs (couleur naturelle, noire, rouge, jaune). Le message contenu dans le biscuit chinois peut \u00eatre formul\u00e9 individuellement. En outre, une carte est incluse qui peut \u00eatre imprim\u00e9e individuellement sur les deux faces. Emball\u00e9 en sachet personnalisable. Contenu: 7 g certains biscuits pourraient \u00eatre<a href=\"https:\/\/areka.konfitu.re\/en\/produit\/biscuit-chinois-avec-une-carte-personnalisable\/\">Continue reading <span class=\"sr-only\">&#8220;Biscuit chinois avec une carte personnalisable&#8221;<\/span><\/a><\/p>\n","protected":false},"featured_media":421,"comment_status":"open","ping_status":"closed","template":"","meta":{"_acf_changed":false,"inline_featured_image":false},"product_cat":[35,30],"product_tag":[],"class_list":{"0":"post-223","1":"product","2":"type-product","3":"status-publish","4":"has-post-thumbnail","6":"product_cat-produits-personnalisables","7":"product_cat-delicieusement-sain","9":"first","10":"instock","11":"shipping-taxable","12":"product-type-simple"},"acf":[],"yoast_head":"<!-- This site is optimized with the Yoast SEO plugin v22.4 - https:\/\/yoast.com\/wordpress\/plugins\/seo\/ -->\n<title>Biscuit chinois avec une carte personnalisable : Areka<\/title>\n<meta name=\"robots\" content=\"index, follow, max-snippet:-1, max-image-preview:large, max-video-preview:-1\" \/>\n<link rel=\"canonical\" href=\"https:\/\/areka.konfitu.re\/en\/produit\/biscuit-chinois-avec-une-carte-personnalisable\/\" \/>\n<meta property=\"og:locale\" content=\"en_US\" \/>\n<meta property=\"og:type\" content=\"article\" \/>\n<meta property=\"og:title\" content=\"Biscuit chinois avec une carte personnalisable : Areka\" \/>\n<meta property=\"og:description\" content=\"Pour un message publicitaire avec du mordant. Le biscuit chinois en 4 couleurs (couleur naturelle, noire, rouge, jaune). Le message contenu dans le biscuit chinois peut \u00eatre formul\u00e9 individuellement. En outre, une carte est incluse qui peut \u00eatre imprim\u00e9e individuellement sur les deux faces. Emball\u00e9 en sachet personnalisable. Contenu: 7 g certains biscuits pourraient \u00eatreContinue reading &quot;Biscuit chinois avec une carte personnalisable&quot;\" \/>\n<meta property=\"og:url\" content=\"https:\/\/areka.konfitu.re\/en\/produit\/biscuit-chinois-avec-une-carte-personnalisable\/\" \/>\n<meta property=\"og:site_name\" content=\"Areka\" \/>\n<meta property=\"article:modified_time\" content=\"2023-05-02T11:20:16+00:00\" \/>\n<meta property=\"og:image\" content=\"https:\/\/areka.konfitu.re\/wp-content\/uploads\/2023\/04\/biscuit-chinois-carte.png\" \/>\n\t<meta property=\"og:image:width\" content=\"412\" \/>\n\t<meta property=\"og:image:height\" content=\"412\" \/>\n\t<meta property=\"og:image:type\" content=\"image\/png\" \/>\n<meta name=\"twitter:card\" content=\"summary_large_image\" \/>\n<meta name=\"twitter:label1\" content=\"Est. reading time\" \/>\n\t<meta name=\"twitter:data1\" content=\"1 minute\" \/>\n<script type=\"application\/ld+json\" class=\"yoast-schema-graph\">{\"@context\":\"https:\/\/schema.org\",\"@graph\":[{\"@type\":\"WebPage\",\"@id\":\"https:\/\/areka.konfitu.re\/en\/produit\/biscuit-chinois-avec-une-carte-personnalisable\/\",\"url\":\"https:\/\/areka.konfitu.re\/en\/produit\/biscuit-chinois-avec-une-carte-personnalisable\/\",\"name\":\"Biscuit chinois avec une carte personnalisable : Areka\",\"isPartOf\":{\"@id\":\"https:\/\/areka.konfitu.re\/en\/#website\"},\"primaryImageOfPage\":{\"@id\":\"https:\/\/areka.konfitu.re\/en\/produit\/biscuit-chinois-avec-une-carte-personnalisable\/#primaryimage\"},\"image\":{\"@id\":\"https:\/\/areka.konfitu.re\/en\/produit\/biscuit-chinois-avec-une-carte-personnalisable\/#primaryimage\"},\"thumbnailUrl\":\"https:\/\/areka.konfitu.re\/wp-content\/uploads\/2023\/04\/biscuit-chinois-carte.png\",\"datePublished\":\"2023-04-22T16:13:52+00:00\",\"dateModified\":\"2023-05-02T11:20:16+00:00\",\"breadcrumb\":{\"@id\":\"https:\/\/areka.konfitu.re\/en\/produit\/biscuit-chinois-avec-une-carte-personnalisable\/#breadcrumb\"},\"inLanguage\":\"en-US\",\"potentialAction\":[{\"@type\":\"ReadAction\",\"target\":[\"https:\/\/areka.konfitu.re\/en\/produit\/biscuit-chinois-avec-une-carte-personnalisable\/\"]}]},{\"@type\":\"ImageObject\",\"inLanguage\":\"en-US\",\"@id\":\"https:\/\/areka.konfitu.re\/en\/produit\/biscuit-chinois-avec-une-carte-personnalisable\/#primaryimage\",\"url\":\"https:\/\/areka.konfitu.re\/wp-content\/uploads\/2023\/04\/biscuit-chinois-carte.png\",\"contentUrl\":\"https:\/\/areka.konfitu.re\/wp-content\/uploads\/2023\/04\/biscuit-chinois-carte.png\",\"width\":412,\"height\":412},{\"@type\":\"BreadcrumbList\",\"@id\":\"https:\/\/areka.konfitu.re\/en\/produit\/biscuit-chinois-avec-une-carte-personnalisable\/#breadcrumb\",\"itemListElement\":[{\"@type\":\"ListItem\",\"position\":1,\"name\":\"All of our products\",\"item\":\"https:\/\/areka.konfitu.re\/en\/shop\/\"},{\"@type\":\"ListItem\",\"position\":2,\"name\":\"Personalized products\",\"item\":\"https:\/\/areka.konfitu.re\/en\/product-category\/personalized-products\/\"},{\"@type\":\"ListItem\",\"position\":3,\"name\":\"Biscuit chinois avec une carte personnalisable\"}]},{\"@type\":\"WebSite\",\"@id\":\"https:\/\/areka.konfitu.re\/en\/#website\",\"url\":\"https:\/\/areka.konfitu.re\/en\/\",\"name\":\"Areka\",\"description\":\"Sp\u00e9cialiste fran\u00e7ais de la confiserie personnalis\u00e9e\",\"potentialAction\":[{\"@type\":\"SearchAction\",\"target\":{\"@type\":\"EntryPoint\",\"urlTemplate\":\"https:\/\/areka.konfitu.re\/en\/?s={search_term_string}\"},\"query-input\":\"required name=search_term_string\"}],\"inLanguage\":\"en-US\"}]}<\/script>\n<!-- \/ Yoast SEO plugin. -->","yoast_head_json":{"title":"Biscuit chinois avec une carte personnalisable : Areka","robots":{"index":"index","follow":"follow","max-snippet":"max-snippet:-1","max-image-preview":"max-image-preview:large","max-video-preview":"max-video-preview:-1"},"canonical":"https:\/\/areka.konfitu.re\/en\/produit\/biscuit-chinois-avec-une-carte-personnalisable\/","og_locale":"en_US","og_type":"article","og_title":"Biscuit chinois avec une carte personnalisable : Areka","og_description":"Pour un message publicitaire avec du mordant. Le biscuit chinois en 4 couleurs (couleur naturelle, noire, rouge, jaune). Le message contenu dans le biscuit chinois peut \u00eatre formul\u00e9 individuellement. En outre, une carte est incluse qui peut \u00eatre imprim\u00e9e individuellement sur les deux faces. Emball\u00e9 en sachet personnalisable. Contenu: 7 g certains biscuits pourraient \u00eatreContinue reading \"Biscuit chinois avec une carte personnalisable\"","og_url":"https:\/\/areka.konfitu.re\/en\/produit\/biscuit-chinois-avec-une-carte-personnalisable\/","og_site_name":"Areka","article_modified_time":"2023-05-02T11:20:16+00:00","og_image":[{"width":412,"height":412,"url":"https:\/\/areka.konfitu.re\/wp-content\/uploads\/2023\/04\/biscuit-chinois-carte.png","type":"image\/png"}],"twitter_card":"summary_large_image","twitter_misc":{"Est. reading time":"1 minute"},"schema":{"@context":"https:\/\/schema.org","@graph":[{"@type":"WebPage","@id":"https:\/\/areka.konfitu.re\/en\/produit\/biscuit-chinois-avec-une-carte-personnalisable\/","url":"https:\/\/areka.konfitu.re\/en\/produit\/biscuit-chinois-avec-une-carte-personnalisable\/","name":"Biscuit chinois avec une carte personnalisable : Areka","isPartOf":{"@id":"https:\/\/areka.konfitu.re\/en\/#website"},"primaryImageOfPage":{"@id":"https:\/\/areka.konfitu.re\/en\/produit\/biscuit-chinois-avec-une-carte-personnalisable\/#primaryimage"},"image":{"@id":"https:\/\/areka.konfitu.re\/en\/produit\/biscuit-chinois-avec-une-carte-personnalisable\/#primaryimage"},"thumbnailUrl":"https:\/\/areka.konfitu.re\/wp-content\/uploads\/2023\/04\/biscuit-chinois-carte.png","datePublished":"2023-04-22T16:13:52+00:00","dateModified":"2023-05-02T11:20:16+00:00","breadcrumb":{"@id":"https:\/\/areka.konfitu.re\/en\/produit\/biscuit-chinois-avec-une-carte-personnalisable\/#breadcrumb"},"inLanguage":"en-US","potentialAction":[{"@type":"ReadAction","target":["https:\/\/areka.konfitu.re\/en\/produit\/biscuit-chinois-avec-une-carte-personnalisable\/"]}]},{"@type":"ImageObject","inLanguage":"en-US","@id":"https:\/\/areka.konfitu.re\/en\/produit\/biscuit-chinois-avec-une-carte-personnalisable\/#primaryimage","url":"https:\/\/areka.konfitu.re\/wp-content\/uploads\/2023\/04\/biscuit-chinois-carte.png","contentUrl":"https:\/\/areka.konfitu.re\/wp-content\/uploads\/2023\/04\/biscuit-chinois-carte.png","width":412,"height":412},{"@type":"BreadcrumbList","@id":"https:\/\/areka.konfitu.re\/en\/produit\/biscuit-chinois-avec-une-carte-personnalisable\/#breadcrumb","itemListElement":[{"@type":"ListItem","position":1,"name":"All of our products","item":"https:\/\/areka.konfitu.re\/en\/shop\/"},{"@type":"ListItem","position":2,"name":"Personalized products","item":"https:\/\/areka.konfitu.re\/en\/product-category\/personalized-products\/"},{"@type":"ListItem","position":3,"name":"Biscuit chinois avec une carte personnalisable"}]},{"@type":"WebSite","@id":"https:\/\/areka.konfitu.re\/en\/#website","url":"https:\/\/areka.konfitu.re\/en\/","name":"Areka","description":"Sp\u00e9cialiste fran\u00e7ais de la confiserie personnalis\u00e9e","potentialAction":[{"@type":"SearchAction","target":{"@type":"EntryPoint","urlTemplate":"https:\/\/areka.konfitu.re\/en\/?s={search_term_string}"},"query-input":"required name=search_term_string"}],"inLanguage":"en-US"}]}},"_links":{"self":[{"href":"https:\/\/areka.konfitu.re\/en\/wp-json\/wp\/v2\/product\/223","targetHints":{"allow":["GET"]}}],"collection":[{"href":"https:\/\/areka.konfitu.re\/en\/wp-json\/wp\/v2\/product"}],"about":[{"href":"https:\/\/areka.konfitu.re\/en\/wp-json\/wp\/v2\/types\/product"}],"replies":[{"embeddable":true,"href":"https:\/\/areka.konfitu.re\/en\/wp-json\/wp\/v2\/comments?post=223"}],"wp:featuredmedia":[{"embeddable":true,"href":"https:\/\/areka.konfitu.re\/en\/wp-json\/wp\/v2\/media\/421"}],"wp:attachment":[{"href":"https:\/\/areka.konfitu.re\/en\/wp-json\/wp\/v2\/media?parent=223"}],"wp:term":[{"taxonomy":"product_cat","embeddable":true,"href":"https:\/\/areka.konfitu.re\/en\/wp-json\/wp\/v2\/product_cat?post=223"},{"taxonomy":"product_tag","embeddable":true,"href":"https:\/\/areka.konfitu.re\/en\/wp-json\/wp\/v2\/product_tag?post=223"}],"curies":[{"name":"wp","href":"https:\/\/api.w.org\/{rel}","templated":true}]}}