{"id":228,"date":"2023-04-23T13:11:20","date_gmt":"2023-04-23T11:11:20","guid":{"rendered":"https:\/\/areka.konfitu.re\/?post_type=product&#038;p=228"},"modified":"2023-05-11T00:45:16","modified_gmt":"2023-05-10T22:45:16","slug":"barres-energie-naturelle-powerbar-en-carton","status":"publish","type":"product","link":"https:\/\/areka.konfitu.re\/en\/produit\/barres-energie-naturelle-powerbar-en-carton\/","title":{"rendered":"Barres \u00e9nergie naturelle POWERBAR en carton"},"content":{"rendered":"<p>La barre \u00e9nergie naturelle PowerBar vous aidera \u00e0 recharger vos batteries pour votre prochaine aventure. L\u2019emballage des barres \u00e9nergie est en carton certifi\u00e9 FSC\u00ae qui offre un espace pour un message publicitaire individuel tant \u00e0 l&#8217;int\u00e9rieur qu&#8217;\u00e0 l&#8217;ext\u00e9rieur, cela donne encore plus de force \u00e0 un message publicitaire.<\/p>\n<ul>\n<li>Contenu: 40 g<\/li>\n<li>Saveurs:\n<ul>\n<li>cacao Crunch<\/li>\n<li>fraise cranberry<\/li>\n<\/ul>\n<\/li>\n<li>\u00a0Dimensions: approx. 133 x 58 x 25 mm<\/li>\n<li>Conditionnement: 48 pcs.\/ 192 pcs. par carton<\/li>\n<li>D\u00e9lai de conservation: approx.6 mois en cas de stockage appropri\u00e9<\/li>\n<li>D\u00e9lai de livraison: approx. 3-4 semaines apr\u00e8s accord du BAT<\/li>\n<\/ul>\n","protected":false},"excerpt":{"rendered":"<p>La barre \u00e9nergie naturelle PowerBar vous aidera \u00e0 recharger vos batteries pour votre prochaine aventure. L\u2019emballage des barres \u00e9nergie est en carton certifi\u00e9 FSC\u00ae qui offre un espace pour un message publicitaire individuel tant \u00e0 l&#8217;int\u00e9rieur qu&#8217;\u00e0 l&#8217;ext\u00e9rieur, cela donne encore plus de force \u00e0 un message publicitaire. Contenu: 40 g Saveurs: cacao Crunch fraise<a href=\"https:\/\/areka.konfitu.re\/en\/produit\/barres-energie-naturelle-powerbar-en-carton\/\">Continue reading <span class=\"sr-only\">&#8220;Barres \u00e9nergie naturelle POWERBAR en carton&#8221;<\/span><\/a><\/p>\n","protected":false},"featured_media":652,"comment_status":"open","ping_status":"closed","template":"","meta":{"_acf_changed":false,"inline_featured_image":false},"product_cat":[35,32],"product_tag":[],"class_list":{"0":"post-228","1":"product","2":"type-product","3":"status-publish","4":"has-post-thumbnail","6":"product_cat-produits-personnalisables","7":"product_cat-barres-de-chocolats","9":"first","10":"instock","11":"shipping-taxable","12":"product-type-simple"},"acf":[],"yoast_head":"<!-- This site is optimized with the Yoast SEO plugin v22.4 - https:\/\/yoast.com\/wordpress\/plugins\/seo\/ -->\n<title>Barres \u00e9nergie naturelle POWERBAR en carton : Areka<\/title>\n<meta name=\"robots\" content=\"index, follow, max-snippet:-1, max-image-preview:large, max-video-preview:-1\" \/>\n<link rel=\"canonical\" href=\"https:\/\/areka.konfitu.re\/en\/produit\/barres-energie-naturelle-powerbar-en-carton\/\" \/>\n<meta property=\"og:locale\" content=\"en_US\" \/>\n<meta property=\"og:type\" content=\"article\" \/>\n<meta property=\"og:title\" content=\"Barres \u00e9nergie naturelle POWERBAR en carton : Areka\" \/>\n<meta property=\"og:description\" content=\"La barre \u00e9nergie naturelle PowerBar vous aidera \u00e0 recharger vos batteries pour votre prochaine aventure. L\u2019emballage des barres \u00e9nergie est en carton certifi\u00e9 FSC\u00ae qui offre un espace pour un message publicitaire individuel tant \u00e0 l&#8217;int\u00e9rieur qu&#8217;\u00e0 l&#8217;ext\u00e9rieur, cela donne encore plus de force \u00e0 un message publicitaire. Contenu: 40 g Saveurs: cacao Crunch fraiseContinue reading &quot;Barres \u00e9nergie naturelle POWERBAR en carton&quot;\" \/>\n<meta property=\"og:url\" content=\"https:\/\/areka.konfitu.re\/en\/produit\/barres-energie-naturelle-powerbar-en-carton\/\" \/>\n<meta property=\"og:site_name\" content=\"Areka\" \/>\n<meta property=\"article:modified_time\" content=\"2023-05-10T22:45:16+00:00\" \/>\n<meta property=\"og:image\" content=\"https:\/\/areka.konfitu.re\/wp-content\/uploads\/2023\/05\/barre-energy-powerbar.png\" \/>\n\t<meta property=\"og:image:width\" content=\"412\" \/>\n\t<meta property=\"og:image:height\" content=\"412\" \/>\n\t<meta property=\"og:image:type\" content=\"image\/png\" \/>\n<meta name=\"twitter:card\" content=\"summary_large_image\" \/>\n<meta name=\"twitter:label1\" content=\"Est. reading time\" \/>\n\t<meta name=\"twitter:data1\" content=\"1 minute\" \/>\n<script type=\"application\/ld+json\" class=\"yoast-schema-graph\">{\"@context\":\"https:\/\/schema.org\",\"@graph\":[{\"@type\":\"WebPage\",\"@id\":\"https:\/\/areka.konfitu.re\/en\/produit\/barres-energie-naturelle-powerbar-en-carton\/\",\"url\":\"https:\/\/areka.konfitu.re\/en\/produit\/barres-energie-naturelle-powerbar-en-carton\/\",\"name\":\"Barres \u00e9nergie naturelle POWERBAR en carton : Areka\",\"isPartOf\":{\"@id\":\"https:\/\/areka.konfitu.re\/en\/#website\"},\"primaryImageOfPage\":{\"@id\":\"https:\/\/areka.konfitu.re\/en\/produit\/barres-energie-naturelle-powerbar-en-carton\/#primaryimage\"},\"image\":{\"@id\":\"https:\/\/areka.konfitu.re\/en\/produit\/barres-energie-naturelle-powerbar-en-carton\/#primaryimage\"},\"thumbnailUrl\":\"https:\/\/areka.konfitu.re\/wp-content\/uploads\/2023\/05\/barre-energy-powerbar.png\",\"datePublished\":\"2023-04-23T11:11:20+00:00\",\"dateModified\":\"2023-05-10T22:45:16+00:00\",\"breadcrumb\":{\"@id\":\"https:\/\/areka.konfitu.re\/en\/produit\/barres-energie-naturelle-powerbar-en-carton\/#breadcrumb\"},\"inLanguage\":\"en-US\",\"potentialAction\":[{\"@type\":\"ReadAction\",\"target\":[\"https:\/\/areka.konfitu.re\/en\/produit\/barres-energie-naturelle-powerbar-en-carton\/\"]}]},{\"@type\":\"ImageObject\",\"inLanguage\":\"en-US\",\"@id\":\"https:\/\/areka.konfitu.re\/en\/produit\/barres-energie-naturelle-powerbar-en-carton\/#primaryimage\",\"url\":\"https:\/\/areka.konfitu.re\/wp-content\/uploads\/2023\/05\/barre-energy-powerbar.png\",\"contentUrl\":\"https:\/\/areka.konfitu.re\/wp-content\/uploads\/2023\/05\/barre-energy-powerbar.png\",\"width\":412,\"height\":412},{\"@type\":\"BreadcrumbList\",\"@id\":\"https:\/\/areka.konfitu.re\/en\/produit\/barres-energie-naturelle-powerbar-en-carton\/#breadcrumb\",\"itemListElement\":[{\"@type\":\"ListItem\",\"position\":1,\"name\":\"All of our products\",\"item\":\"https:\/\/areka.konfitu.re\/en\/shop\/\"},{\"@type\":\"ListItem\",\"position\":2,\"name\":\"Personalized products\",\"item\":\"https:\/\/areka.konfitu.re\/en\/product-category\/personalized-products\/\"},{\"@type\":\"ListItem\",\"position\":3,\"name\":\"Barres \u00e9nergie naturelle POWERBAR en carton\"}]},{\"@type\":\"WebSite\",\"@id\":\"https:\/\/areka.konfitu.re\/en\/#website\",\"url\":\"https:\/\/areka.konfitu.re\/en\/\",\"name\":\"Areka\",\"description\":\"Sp\u00e9cialiste fran\u00e7ais de la confiserie personnalis\u00e9e\",\"potentialAction\":[{\"@type\":\"SearchAction\",\"target\":{\"@type\":\"EntryPoint\",\"urlTemplate\":\"https:\/\/areka.konfitu.re\/en\/?s={search_term_string}\"},\"query-input\":\"required name=search_term_string\"}],\"inLanguage\":\"en-US\"}]}<\/script>\n<!-- \/ Yoast SEO plugin. -->","yoast_head_json":{"title":"Barres \u00e9nergie naturelle POWERBAR en carton : Areka","robots":{"index":"index","follow":"follow","max-snippet":"max-snippet:-1","max-image-preview":"max-image-preview:large","max-video-preview":"max-video-preview:-1"},"canonical":"https:\/\/areka.konfitu.re\/en\/produit\/barres-energie-naturelle-powerbar-en-carton\/","og_locale":"en_US","og_type":"article","og_title":"Barres \u00e9nergie naturelle POWERBAR en carton : Areka","og_description":"La barre \u00e9nergie naturelle PowerBar vous aidera \u00e0 recharger vos batteries pour votre prochaine aventure. L\u2019emballage des barres \u00e9nergie est en carton certifi\u00e9 FSC\u00ae qui offre un espace pour un message publicitaire individuel tant \u00e0 l&#8217;int\u00e9rieur qu&#8217;\u00e0 l&#8217;ext\u00e9rieur, cela donne encore plus de force \u00e0 un message publicitaire. Contenu: 40 g Saveurs: cacao Crunch fraiseContinue reading \"Barres \u00e9nergie naturelle POWERBAR en carton\"","og_url":"https:\/\/areka.konfitu.re\/en\/produit\/barres-energie-naturelle-powerbar-en-carton\/","og_site_name":"Areka","article_modified_time":"2023-05-10T22:45:16+00:00","og_image":[{"width":412,"height":412,"url":"https:\/\/areka.konfitu.re\/wp-content\/uploads\/2023\/05\/barre-energy-powerbar.png","type":"image\/png"}],"twitter_card":"summary_large_image","twitter_misc":{"Est. reading time":"1 minute"},"schema":{"@context":"https:\/\/schema.org","@graph":[{"@type":"WebPage","@id":"https:\/\/areka.konfitu.re\/en\/produit\/barres-energie-naturelle-powerbar-en-carton\/","url":"https:\/\/areka.konfitu.re\/en\/produit\/barres-energie-naturelle-powerbar-en-carton\/","name":"Barres \u00e9nergie naturelle POWERBAR en carton : Areka","isPartOf":{"@id":"https:\/\/areka.konfitu.re\/en\/#website"},"primaryImageOfPage":{"@id":"https:\/\/areka.konfitu.re\/en\/produit\/barres-energie-naturelle-powerbar-en-carton\/#primaryimage"},"image":{"@id":"https:\/\/areka.konfitu.re\/en\/produit\/barres-energie-naturelle-powerbar-en-carton\/#primaryimage"},"thumbnailUrl":"https:\/\/areka.konfitu.re\/wp-content\/uploads\/2023\/05\/barre-energy-powerbar.png","datePublished":"2023-04-23T11:11:20+00:00","dateModified":"2023-05-10T22:45:16+00:00","breadcrumb":{"@id":"https:\/\/areka.konfitu.re\/en\/produit\/barres-energie-naturelle-powerbar-en-carton\/#breadcrumb"},"inLanguage":"en-US","potentialAction":[{"@type":"ReadAction","target":["https:\/\/areka.konfitu.re\/en\/produit\/barres-energie-naturelle-powerbar-en-carton\/"]}]},{"@type":"ImageObject","inLanguage":"en-US","@id":"https:\/\/areka.konfitu.re\/en\/produit\/barres-energie-naturelle-powerbar-en-carton\/#primaryimage","url":"https:\/\/areka.konfitu.re\/wp-content\/uploads\/2023\/05\/barre-energy-powerbar.png","contentUrl":"https:\/\/areka.konfitu.re\/wp-content\/uploads\/2023\/05\/barre-energy-powerbar.png","width":412,"height":412},{"@type":"BreadcrumbList","@id":"https:\/\/areka.konfitu.re\/en\/produit\/barres-energie-naturelle-powerbar-en-carton\/#breadcrumb","itemListElement":[{"@type":"ListItem","position":1,"name":"All of our products","item":"https:\/\/areka.konfitu.re\/en\/shop\/"},{"@type":"ListItem","position":2,"name":"Personalized products","item":"https:\/\/areka.konfitu.re\/en\/product-category\/personalized-products\/"},{"@type":"ListItem","position":3,"name":"Barres \u00e9nergie naturelle POWERBAR en carton"}]},{"@type":"WebSite","@id":"https:\/\/areka.konfitu.re\/en\/#website","url":"https:\/\/areka.konfitu.re\/en\/","name":"Areka","description":"Sp\u00e9cialiste fran\u00e7ais de la confiserie personnalis\u00e9e","potentialAction":[{"@type":"SearchAction","target":{"@type":"EntryPoint","urlTemplate":"https:\/\/areka.konfitu.re\/en\/?s={search_term_string}"},"query-input":"required name=search_term_string"}],"inLanguage":"en-US"}]}},"_links":{"self":[{"href":"https:\/\/areka.konfitu.re\/en\/wp-json\/wp\/v2\/product\/228","targetHints":{"allow":["GET"]}}],"collection":[{"href":"https:\/\/areka.konfitu.re\/en\/wp-json\/wp\/v2\/product"}],"about":[{"href":"https:\/\/areka.konfitu.re\/en\/wp-json\/wp\/v2\/types\/product"}],"replies":[{"embeddable":true,"href":"https:\/\/areka.konfitu.re\/en\/wp-json\/wp\/v2\/comments?post=228"}],"wp:featuredmedia":[{"embeddable":true,"href":"https:\/\/areka.konfitu.re\/en\/wp-json\/wp\/v2\/media\/652"}],"wp:attachment":[{"href":"https:\/\/areka.konfitu.re\/en\/wp-json\/wp\/v2\/media?parent=228"}],"wp:term":[{"taxonomy":"product_cat","embeddable":true,"href":"https:\/\/areka.konfitu.re\/en\/wp-json\/wp\/v2\/product_cat?post=228"},{"taxonomy":"product_tag","embeddable":true,"href":"https:\/\/areka.konfitu.re\/en\/wp-json\/wp\/v2\/product_tag?post=228"}],"curies":[{"name":"wp","href":"https:\/\/api.w.org\/{rel}","templated":true}]}}