{"id":231,"date":"2023-04-23T13:24:03","date_gmt":"2023-04-23T11:24:03","guid":{"rendered":"https:\/\/areka.konfitu.re\/?post_type=product&#038;p=231"},"modified":"2023-05-11T00:43:52","modified_gmt":"2023-05-10T22:43:52","slug":"barres-powerbar-energy","status":"publish","type":"product","link":"https:\/\/areka.konfitu.re\/en\/produit\/barres-powerbar-energy\/","title":{"rendered":"Barres POWERBAR ENERGY"},"content":{"rendered":"<p>La barre \u00e9nerg\u00e9tique PowerBar Natural Energy vous aidera \u00e0 recharger vos batteries pour votre prochaine aventure. Elle contient de pr\u00e9cieux glucides, ce qui permet de r\u00e9pondre \u00e0 vos besoins \u00e9nerg\u00e9tiques accrus. La barre est fabriqu\u00e9e avec des ingr\u00e9dients naturels adapt\u00e9s aux v\u00e9g\u00e9taliens, deux saveurs diff\u00e9rentes dans un \u00e9tui personnalisable.<\/p>\n<ul>\n<li>Contenu: 40 g<\/li>\n<li>Saveurs:\n<ul>\n<li>cacao crunch<\/li>\n<li>fraise &amp; cranberry<\/li>\n<\/ul>\n<\/li>\n<li>Dimensions: approx. 150 x 38 x 20 mm<\/li>\n<li>Conditionnement: 72 pcs.\/ 432 pcs. par carton<\/li>\n<li>D\u00e9lai de conservation: approx.6 mois en cas de stockage appropri\u00e9<\/li>\n<li>D\u00e9lai de livraison: approx. 3-4 semaines apr\u00e8s accord du BAT<\/li>\n<\/ul>\n","protected":false},"excerpt":{"rendered":"<p>La barre \u00e9nerg\u00e9tique PowerBar Natural Energy vous aidera \u00e0 recharger vos batteries pour votre prochaine aventure. Elle contient de pr\u00e9cieux glucides, ce qui permet de r\u00e9pondre \u00e0 vos besoins \u00e9nerg\u00e9tiques accrus. La barre est fabriqu\u00e9e avec des ingr\u00e9dients naturels adapt\u00e9s aux v\u00e9g\u00e9taliens, deux saveurs diff\u00e9rentes dans un \u00e9tui personnalisable. Contenu: 40 g Saveurs: cacao crunch<a href=\"https:\/\/areka.konfitu.re\/en\/produit\/barres-powerbar-energy\/\">Continue reading <span class=\"sr-only\">&#8220;Barres POWERBAR ENERGY&#8221;<\/span><\/a><\/p>\n","protected":false},"featured_media":443,"comment_status":"open","ping_status":"closed","template":"","meta":{"_acf_changed":false,"inline_featured_image":false},"product_cat":[35,32],"product_tag":[],"class_list":{"0":"post-231","1":"product","2":"type-product","3":"status-publish","4":"has-post-thumbnail","6":"product_cat-produits-personnalisables","7":"product_cat-barres-de-chocolats","9":"first","10":"instock","11":"shipping-taxable","12":"product-type-simple"},"acf":[],"yoast_head":"<!-- This site is optimized with the Yoast SEO plugin v22.4 - https:\/\/yoast.com\/wordpress\/plugins\/seo\/ -->\n<title>Barres POWERBAR ENERGY : Areka<\/title>\n<meta name=\"robots\" content=\"index, follow, max-snippet:-1, max-image-preview:large, max-video-preview:-1\" \/>\n<link rel=\"canonical\" href=\"https:\/\/areka.konfitu.re\/en\/produit\/barres-powerbar-energy\/\" \/>\n<meta property=\"og:locale\" content=\"en_US\" \/>\n<meta property=\"og:type\" content=\"article\" \/>\n<meta property=\"og:title\" content=\"Barres POWERBAR ENERGY : Areka\" \/>\n<meta property=\"og:description\" content=\"La barre \u00e9nerg\u00e9tique PowerBar Natural Energy vous aidera \u00e0 recharger vos batteries pour votre prochaine aventure. Elle contient de pr\u00e9cieux glucides, ce qui permet de r\u00e9pondre \u00e0 vos besoins \u00e9nerg\u00e9tiques accrus. La barre est fabriqu\u00e9e avec des ingr\u00e9dients naturels adapt\u00e9s aux v\u00e9g\u00e9taliens, deux saveurs diff\u00e9rentes dans un \u00e9tui personnalisable. Contenu: 40 g Saveurs: cacao crunchContinue reading &quot;Barres POWERBAR ENERGY&quot;\" \/>\n<meta property=\"og:url\" content=\"https:\/\/areka.konfitu.re\/en\/produit\/barres-powerbar-energy\/\" \/>\n<meta property=\"og:site_name\" content=\"Areka\" \/>\n<meta property=\"article:modified_time\" content=\"2023-05-10T22:43:52+00:00\" \/>\n<meta property=\"og:image\" content=\"https:\/\/areka.konfitu.re\/wp-content\/uploads\/2023\/04\/barre-energy.png\" \/>\n\t<meta property=\"og:image:width\" content=\"412\" \/>\n\t<meta property=\"og:image:height\" content=\"412\" \/>\n\t<meta property=\"og:image:type\" content=\"image\/png\" \/>\n<meta name=\"twitter:card\" content=\"summary_large_image\" \/>\n<meta name=\"twitter:label1\" content=\"Est. reading time\" \/>\n\t<meta name=\"twitter:data1\" content=\"1 minute\" \/>\n<script type=\"application\/ld+json\" class=\"yoast-schema-graph\">{\"@context\":\"https:\/\/schema.org\",\"@graph\":[{\"@type\":\"WebPage\",\"@id\":\"https:\/\/areka.konfitu.re\/en\/produit\/barres-powerbar-energy\/\",\"url\":\"https:\/\/areka.konfitu.re\/en\/produit\/barres-powerbar-energy\/\",\"name\":\"Barres POWERBAR ENERGY : Areka\",\"isPartOf\":{\"@id\":\"https:\/\/areka.konfitu.re\/en\/#website\"},\"primaryImageOfPage\":{\"@id\":\"https:\/\/areka.konfitu.re\/en\/produit\/barres-powerbar-energy\/#primaryimage\"},\"image\":{\"@id\":\"https:\/\/areka.konfitu.re\/en\/produit\/barres-powerbar-energy\/#primaryimage\"},\"thumbnailUrl\":\"https:\/\/areka.konfitu.re\/wp-content\/uploads\/2023\/04\/barre-energy.png\",\"datePublished\":\"2023-04-23T11:24:03+00:00\",\"dateModified\":\"2023-05-10T22:43:52+00:00\",\"breadcrumb\":{\"@id\":\"https:\/\/areka.konfitu.re\/en\/produit\/barres-powerbar-energy\/#breadcrumb\"},\"inLanguage\":\"en-US\",\"potentialAction\":[{\"@type\":\"ReadAction\",\"target\":[\"https:\/\/areka.konfitu.re\/en\/produit\/barres-powerbar-energy\/\"]}]},{\"@type\":\"ImageObject\",\"inLanguage\":\"en-US\",\"@id\":\"https:\/\/areka.konfitu.re\/en\/produit\/barres-powerbar-energy\/#primaryimage\",\"url\":\"https:\/\/areka.konfitu.re\/wp-content\/uploads\/2023\/04\/barre-energy.png\",\"contentUrl\":\"https:\/\/areka.konfitu.re\/wp-content\/uploads\/2023\/04\/barre-energy.png\",\"width\":412,\"height\":412},{\"@type\":\"BreadcrumbList\",\"@id\":\"https:\/\/areka.konfitu.re\/en\/produit\/barres-powerbar-energy\/#breadcrumb\",\"itemListElement\":[{\"@type\":\"ListItem\",\"position\":1,\"name\":\"All of our products\",\"item\":\"https:\/\/areka.konfitu.re\/en\/shop\/\"},{\"@type\":\"ListItem\",\"position\":2,\"name\":\"Personalized products\",\"item\":\"https:\/\/areka.konfitu.re\/en\/product-category\/personalized-products\/\"},{\"@type\":\"ListItem\",\"position\":3,\"name\":\"Barres POWERBAR ENERGY\"}]},{\"@type\":\"WebSite\",\"@id\":\"https:\/\/areka.konfitu.re\/en\/#website\",\"url\":\"https:\/\/areka.konfitu.re\/en\/\",\"name\":\"Areka\",\"description\":\"Sp\u00e9cialiste fran\u00e7ais de la confiserie personnalis\u00e9e\",\"potentialAction\":[{\"@type\":\"SearchAction\",\"target\":{\"@type\":\"EntryPoint\",\"urlTemplate\":\"https:\/\/areka.konfitu.re\/en\/?s={search_term_string}\"},\"query-input\":\"required name=search_term_string\"}],\"inLanguage\":\"en-US\"}]}<\/script>\n<!-- \/ Yoast SEO plugin. -->","yoast_head_json":{"title":"Barres POWERBAR ENERGY : Areka","robots":{"index":"index","follow":"follow","max-snippet":"max-snippet:-1","max-image-preview":"max-image-preview:large","max-video-preview":"max-video-preview:-1"},"canonical":"https:\/\/areka.konfitu.re\/en\/produit\/barres-powerbar-energy\/","og_locale":"en_US","og_type":"article","og_title":"Barres POWERBAR ENERGY : Areka","og_description":"La barre \u00e9nerg\u00e9tique PowerBar Natural Energy vous aidera \u00e0 recharger vos batteries pour votre prochaine aventure. Elle contient de pr\u00e9cieux glucides, ce qui permet de r\u00e9pondre \u00e0 vos besoins \u00e9nerg\u00e9tiques accrus. La barre est fabriqu\u00e9e avec des ingr\u00e9dients naturels adapt\u00e9s aux v\u00e9g\u00e9taliens, deux saveurs diff\u00e9rentes dans un \u00e9tui personnalisable. Contenu: 40 g Saveurs: cacao crunchContinue reading \"Barres POWERBAR ENERGY\"","og_url":"https:\/\/areka.konfitu.re\/en\/produit\/barres-powerbar-energy\/","og_site_name":"Areka","article_modified_time":"2023-05-10T22:43:52+00:00","og_image":[{"width":412,"height":412,"url":"https:\/\/areka.konfitu.re\/wp-content\/uploads\/2023\/04\/barre-energy.png","type":"image\/png"}],"twitter_card":"summary_large_image","twitter_misc":{"Est. reading time":"1 minute"},"schema":{"@context":"https:\/\/schema.org","@graph":[{"@type":"WebPage","@id":"https:\/\/areka.konfitu.re\/en\/produit\/barres-powerbar-energy\/","url":"https:\/\/areka.konfitu.re\/en\/produit\/barres-powerbar-energy\/","name":"Barres POWERBAR ENERGY : Areka","isPartOf":{"@id":"https:\/\/areka.konfitu.re\/en\/#website"},"primaryImageOfPage":{"@id":"https:\/\/areka.konfitu.re\/en\/produit\/barres-powerbar-energy\/#primaryimage"},"image":{"@id":"https:\/\/areka.konfitu.re\/en\/produit\/barres-powerbar-energy\/#primaryimage"},"thumbnailUrl":"https:\/\/areka.konfitu.re\/wp-content\/uploads\/2023\/04\/barre-energy.png","datePublished":"2023-04-23T11:24:03+00:00","dateModified":"2023-05-10T22:43:52+00:00","breadcrumb":{"@id":"https:\/\/areka.konfitu.re\/en\/produit\/barres-powerbar-energy\/#breadcrumb"},"inLanguage":"en-US","potentialAction":[{"@type":"ReadAction","target":["https:\/\/areka.konfitu.re\/en\/produit\/barres-powerbar-energy\/"]}]},{"@type":"ImageObject","inLanguage":"en-US","@id":"https:\/\/areka.konfitu.re\/en\/produit\/barres-powerbar-energy\/#primaryimage","url":"https:\/\/areka.konfitu.re\/wp-content\/uploads\/2023\/04\/barre-energy.png","contentUrl":"https:\/\/areka.konfitu.re\/wp-content\/uploads\/2023\/04\/barre-energy.png","width":412,"height":412},{"@type":"BreadcrumbList","@id":"https:\/\/areka.konfitu.re\/en\/produit\/barres-powerbar-energy\/#breadcrumb","itemListElement":[{"@type":"ListItem","position":1,"name":"All of our products","item":"https:\/\/areka.konfitu.re\/en\/shop\/"},{"@type":"ListItem","position":2,"name":"Personalized products","item":"https:\/\/areka.konfitu.re\/en\/product-category\/personalized-products\/"},{"@type":"ListItem","position":3,"name":"Barres POWERBAR ENERGY"}]},{"@type":"WebSite","@id":"https:\/\/areka.konfitu.re\/en\/#website","url":"https:\/\/areka.konfitu.re\/en\/","name":"Areka","description":"Sp\u00e9cialiste fran\u00e7ais de la confiserie personnalis\u00e9e","potentialAction":[{"@type":"SearchAction","target":{"@type":"EntryPoint","urlTemplate":"https:\/\/areka.konfitu.re\/en\/?s={search_term_string}"},"query-input":"required name=search_term_string"}],"inLanguage":"en-US"}]}},"_links":{"self":[{"href":"https:\/\/areka.konfitu.re\/en\/wp-json\/wp\/v2\/product\/231","targetHints":{"allow":["GET"]}}],"collection":[{"href":"https:\/\/areka.konfitu.re\/en\/wp-json\/wp\/v2\/product"}],"about":[{"href":"https:\/\/areka.konfitu.re\/en\/wp-json\/wp\/v2\/types\/product"}],"replies":[{"embeddable":true,"href":"https:\/\/areka.konfitu.re\/en\/wp-json\/wp\/v2\/comments?post=231"}],"wp:featuredmedia":[{"embeddable":true,"href":"https:\/\/areka.konfitu.re\/en\/wp-json\/wp\/v2\/media\/443"}],"wp:attachment":[{"href":"https:\/\/areka.konfitu.re\/en\/wp-json\/wp\/v2\/media?parent=231"}],"wp:term":[{"taxonomy":"product_cat","embeddable":true,"href":"https:\/\/areka.konfitu.re\/en\/wp-json\/wp\/v2\/product_cat?post=231"},{"taxonomy":"product_tag","embeddable":true,"href":"https:\/\/areka.konfitu.re\/en\/wp-json\/wp\/v2\/product_tag?post=231"}],"curies":[{"name":"wp","href":"https:\/\/api.w.org\/{rel}","templated":true}]}}