{"id":232,"date":"2023-04-23T13:29:10","date_gmt":"2023-04-23T11:29:10","guid":{"rendered":"https:\/\/areka.konfitu.re\/?post_type=product&#038;p=232"},"modified":"2023-05-11T00:38:46","modified_gmt":"2023-05-10T22:38:46","slug":"barres-de-chocolat-a-lepeautre-souffle","status":"publish","type":"product","link":"https:\/\/areka.konfitu.re\/en\/produit\/barres-de-chocolat-a-lepeautre-souffle\/","title":{"rendered":"Barres de chocolat \u00e0 l&#8217;\u00e9peautre souffl\u00e9"},"content":{"rendered":"<p>Id\u00e9al pour vos encas. Barre au chocolat au lait et fourr\u00e9 d&#8217;\u00e9peautre souffl\u00e9 et riz croustillant,<br \/>\nemball\u00e9e dans un \u00e9tui personnalis\u00e9, en carton certifi\u00e9 FSC\u00ae.<\/p>\n<ul>\n<li>Contenu: 18 g<\/li>\n<li>Saveurs: chocolat \u00e0 l&#8217;\u00e9peautre souffl\u00e9<\/li>\n<li>Dimensions: approx. 125 x 36 x 17 mm<\/li>\n<li>Conditionnement: 450 pcs \/ 400 pcs. par carton<\/li>\n<li>D\u00e9lai de conservation: approx. 9 mois en cas de stockage appropri\u00e9<\/li>\n<\/ul>\n","protected":false},"excerpt":{"rendered":"<p>Id\u00e9al pour vos encas. Barre au chocolat au lait et fourr\u00e9 d&#8217;\u00e9peautre souffl\u00e9 et riz croustillant, emball\u00e9e dans un \u00e9tui personnalis\u00e9, en carton certifi\u00e9 FSC\u00ae. Contenu: 18 g Saveurs: chocolat \u00e0 l&#8217;\u00e9peautre souffl\u00e9 Dimensions: approx. 125 x 36 x 17 mm Conditionnement: 450 pcs \/ 400 pcs. par carton D\u00e9lai de conservation: approx. 9 mois<a href=\"https:\/\/areka.konfitu.re\/en\/produit\/barres-de-chocolat-a-lepeautre-souffle\/\">Continue reading <span class=\"sr-only\">&#8220;Barres de chocolat \u00e0 l&#8217;\u00e9peautre souffl\u00e9&#8221;<\/span><\/a><\/p>\n","protected":false},"featured_media":646,"comment_status":"open","ping_status":"closed","template":"","meta":{"_acf_changed":false,"inline_featured_image":false},"product_cat":[35,32],"product_tag":[],"class_list":{"0":"post-232","1":"product","2":"type-product","3":"status-publish","4":"has-post-thumbnail","6":"product_cat-produits-personnalisables","7":"product_cat-barres-de-chocolats","9":"first","10":"instock","11":"shipping-taxable","12":"product-type-simple"},"acf":[],"yoast_head":"<!-- This site is optimized with the Yoast SEO plugin v22.4 - https:\/\/yoast.com\/wordpress\/plugins\/seo\/ -->\n<title>Barres de chocolat \u00e0 l&#039;\u00e9peautre souffl\u00e9 : Areka<\/title>\n<meta name=\"robots\" content=\"index, follow, max-snippet:-1, max-image-preview:large, max-video-preview:-1\" \/>\n<link rel=\"canonical\" href=\"https:\/\/areka.konfitu.re\/en\/produit\/barres-de-chocolat-a-lepeautre-souffle\/\" \/>\n<meta property=\"og:locale\" content=\"en_US\" \/>\n<meta property=\"og:type\" content=\"article\" \/>\n<meta property=\"og:title\" content=\"Barres de chocolat \u00e0 l&#039;\u00e9peautre souffl\u00e9 : Areka\" \/>\n<meta property=\"og:description\" content=\"Id\u00e9al pour vos encas. Barre au chocolat au lait et fourr\u00e9 d&#8217;\u00e9peautre souffl\u00e9 et riz croustillant, emball\u00e9e dans un \u00e9tui personnalis\u00e9, en carton certifi\u00e9 FSC\u00ae. Contenu: 18 g Saveurs: chocolat \u00e0 l&#8217;\u00e9peautre souffl\u00e9 Dimensions: approx. 125 x 36 x 17 mm Conditionnement: 450 pcs \/ 400 pcs. par carton D\u00e9lai de conservation: approx. 9 moisContinue reading &quot;Barres de chocolat \u00e0 l&#8217;\u00e9peautre souffl\u00e9&quot;\" \/>\n<meta property=\"og:url\" content=\"https:\/\/areka.konfitu.re\/en\/produit\/barres-de-chocolat-a-lepeautre-souffle\/\" \/>\n<meta property=\"og:site_name\" content=\"Areka\" \/>\n<meta property=\"article:modified_time\" content=\"2023-05-10T22:38:46+00:00\" \/>\n<meta property=\"og:image\" content=\"https:\/\/areka.konfitu.re\/wp-content\/uploads\/2023\/05\/barre-epeautre.png\" \/>\n\t<meta property=\"og:image:width\" content=\"412\" \/>\n\t<meta property=\"og:image:height\" content=\"412\" \/>\n\t<meta property=\"og:image:type\" content=\"image\/png\" \/>\n<meta name=\"twitter:card\" content=\"summary_large_image\" \/>\n<meta name=\"twitter:label1\" content=\"Est. reading time\" \/>\n\t<meta name=\"twitter:data1\" content=\"1 minute\" \/>\n<script type=\"application\/ld+json\" class=\"yoast-schema-graph\">{\"@context\":\"https:\/\/schema.org\",\"@graph\":[{\"@type\":\"WebPage\",\"@id\":\"https:\/\/areka.konfitu.re\/en\/produit\/barres-de-chocolat-a-lepeautre-souffle\/\",\"url\":\"https:\/\/areka.konfitu.re\/en\/produit\/barres-de-chocolat-a-lepeautre-souffle\/\",\"name\":\"Barres de chocolat \u00e0 l'\u00e9peautre souffl\u00e9 : Areka\",\"isPartOf\":{\"@id\":\"https:\/\/areka.konfitu.re\/en\/#website\"},\"primaryImageOfPage\":{\"@id\":\"https:\/\/areka.konfitu.re\/en\/produit\/barres-de-chocolat-a-lepeautre-souffle\/#primaryimage\"},\"image\":{\"@id\":\"https:\/\/areka.konfitu.re\/en\/produit\/barres-de-chocolat-a-lepeautre-souffle\/#primaryimage\"},\"thumbnailUrl\":\"https:\/\/areka.konfitu.re\/wp-content\/uploads\/2023\/05\/barre-epeautre.png\",\"datePublished\":\"2023-04-23T11:29:10+00:00\",\"dateModified\":\"2023-05-10T22:38:46+00:00\",\"breadcrumb\":{\"@id\":\"https:\/\/areka.konfitu.re\/en\/produit\/barres-de-chocolat-a-lepeautre-souffle\/#breadcrumb\"},\"inLanguage\":\"en-US\",\"potentialAction\":[{\"@type\":\"ReadAction\",\"target\":[\"https:\/\/areka.konfitu.re\/en\/produit\/barres-de-chocolat-a-lepeautre-souffle\/\"]}]},{\"@type\":\"ImageObject\",\"inLanguage\":\"en-US\",\"@id\":\"https:\/\/areka.konfitu.re\/en\/produit\/barres-de-chocolat-a-lepeautre-souffle\/#primaryimage\",\"url\":\"https:\/\/areka.konfitu.re\/wp-content\/uploads\/2023\/05\/barre-epeautre.png\",\"contentUrl\":\"https:\/\/areka.konfitu.re\/wp-content\/uploads\/2023\/05\/barre-epeautre.png\",\"width\":412,\"height\":412},{\"@type\":\"BreadcrumbList\",\"@id\":\"https:\/\/areka.konfitu.re\/en\/produit\/barres-de-chocolat-a-lepeautre-souffle\/#breadcrumb\",\"itemListElement\":[{\"@type\":\"ListItem\",\"position\":1,\"name\":\"All of our products\",\"item\":\"https:\/\/areka.konfitu.re\/en\/shop\/\"},{\"@type\":\"ListItem\",\"position\":2,\"name\":\"Personalized products\",\"item\":\"https:\/\/areka.konfitu.re\/en\/product-category\/personalized-products\/\"},{\"@type\":\"ListItem\",\"position\":3,\"name\":\"Barres de chocolat \u00e0 l&rsquo;\u00e9peautre souffl\u00e9\"}]},{\"@type\":\"WebSite\",\"@id\":\"https:\/\/areka.konfitu.re\/en\/#website\",\"url\":\"https:\/\/areka.konfitu.re\/en\/\",\"name\":\"Areka\",\"description\":\"Sp\u00e9cialiste fran\u00e7ais de la confiserie personnalis\u00e9e\",\"potentialAction\":[{\"@type\":\"SearchAction\",\"target\":{\"@type\":\"EntryPoint\",\"urlTemplate\":\"https:\/\/areka.konfitu.re\/en\/?s={search_term_string}\"},\"query-input\":\"required name=search_term_string\"}],\"inLanguage\":\"en-US\"}]}<\/script>\n<!-- \/ Yoast SEO plugin. -->","yoast_head_json":{"title":"Barres de chocolat \u00e0 l'\u00e9peautre souffl\u00e9 : Areka","robots":{"index":"index","follow":"follow","max-snippet":"max-snippet:-1","max-image-preview":"max-image-preview:large","max-video-preview":"max-video-preview:-1"},"canonical":"https:\/\/areka.konfitu.re\/en\/produit\/barres-de-chocolat-a-lepeautre-souffle\/","og_locale":"en_US","og_type":"article","og_title":"Barres de chocolat \u00e0 l'\u00e9peautre souffl\u00e9 : Areka","og_description":"Id\u00e9al pour vos encas. Barre au chocolat au lait et fourr\u00e9 d&#8217;\u00e9peautre souffl\u00e9 et riz croustillant, emball\u00e9e dans un \u00e9tui personnalis\u00e9, en carton certifi\u00e9 FSC\u00ae. Contenu: 18 g Saveurs: chocolat \u00e0 l&#8217;\u00e9peautre souffl\u00e9 Dimensions: approx. 125 x 36 x 17 mm Conditionnement: 450 pcs \/ 400 pcs. par carton D\u00e9lai de conservation: approx. 9 moisContinue reading \"Barres de chocolat \u00e0 l&#8217;\u00e9peautre souffl\u00e9\"","og_url":"https:\/\/areka.konfitu.re\/en\/produit\/barres-de-chocolat-a-lepeautre-souffle\/","og_site_name":"Areka","article_modified_time":"2023-05-10T22:38:46+00:00","og_image":[{"width":412,"height":412,"url":"https:\/\/areka.konfitu.re\/wp-content\/uploads\/2023\/05\/barre-epeautre.png","type":"image\/png"}],"twitter_card":"summary_large_image","twitter_misc":{"Est. reading time":"1 minute"},"schema":{"@context":"https:\/\/schema.org","@graph":[{"@type":"WebPage","@id":"https:\/\/areka.konfitu.re\/en\/produit\/barres-de-chocolat-a-lepeautre-souffle\/","url":"https:\/\/areka.konfitu.re\/en\/produit\/barres-de-chocolat-a-lepeautre-souffle\/","name":"Barres de chocolat \u00e0 l'\u00e9peautre souffl\u00e9 : Areka","isPartOf":{"@id":"https:\/\/areka.konfitu.re\/en\/#website"},"primaryImageOfPage":{"@id":"https:\/\/areka.konfitu.re\/en\/produit\/barres-de-chocolat-a-lepeautre-souffle\/#primaryimage"},"image":{"@id":"https:\/\/areka.konfitu.re\/en\/produit\/barres-de-chocolat-a-lepeautre-souffle\/#primaryimage"},"thumbnailUrl":"https:\/\/areka.konfitu.re\/wp-content\/uploads\/2023\/05\/barre-epeautre.png","datePublished":"2023-04-23T11:29:10+00:00","dateModified":"2023-05-10T22:38:46+00:00","breadcrumb":{"@id":"https:\/\/areka.konfitu.re\/en\/produit\/barres-de-chocolat-a-lepeautre-souffle\/#breadcrumb"},"inLanguage":"en-US","potentialAction":[{"@type":"ReadAction","target":["https:\/\/areka.konfitu.re\/en\/produit\/barres-de-chocolat-a-lepeautre-souffle\/"]}]},{"@type":"ImageObject","inLanguage":"en-US","@id":"https:\/\/areka.konfitu.re\/en\/produit\/barres-de-chocolat-a-lepeautre-souffle\/#primaryimage","url":"https:\/\/areka.konfitu.re\/wp-content\/uploads\/2023\/05\/barre-epeautre.png","contentUrl":"https:\/\/areka.konfitu.re\/wp-content\/uploads\/2023\/05\/barre-epeautre.png","width":412,"height":412},{"@type":"BreadcrumbList","@id":"https:\/\/areka.konfitu.re\/en\/produit\/barres-de-chocolat-a-lepeautre-souffle\/#breadcrumb","itemListElement":[{"@type":"ListItem","position":1,"name":"All of our products","item":"https:\/\/areka.konfitu.re\/en\/shop\/"},{"@type":"ListItem","position":2,"name":"Personalized products","item":"https:\/\/areka.konfitu.re\/en\/product-category\/personalized-products\/"},{"@type":"ListItem","position":3,"name":"Barres de chocolat \u00e0 l&rsquo;\u00e9peautre souffl\u00e9"}]},{"@type":"WebSite","@id":"https:\/\/areka.konfitu.re\/en\/#website","url":"https:\/\/areka.konfitu.re\/en\/","name":"Areka","description":"Sp\u00e9cialiste fran\u00e7ais de la confiserie personnalis\u00e9e","potentialAction":[{"@type":"SearchAction","target":{"@type":"EntryPoint","urlTemplate":"https:\/\/areka.konfitu.re\/en\/?s={search_term_string}"},"query-input":"required name=search_term_string"}],"inLanguage":"en-US"}]}},"_links":{"self":[{"href":"https:\/\/areka.konfitu.re\/en\/wp-json\/wp\/v2\/product\/232","targetHints":{"allow":["GET"]}}],"collection":[{"href":"https:\/\/areka.konfitu.re\/en\/wp-json\/wp\/v2\/product"}],"about":[{"href":"https:\/\/areka.konfitu.re\/en\/wp-json\/wp\/v2\/types\/product"}],"replies":[{"embeddable":true,"href":"https:\/\/areka.konfitu.re\/en\/wp-json\/wp\/v2\/comments?post=232"}],"wp:featuredmedia":[{"embeddable":true,"href":"https:\/\/areka.konfitu.re\/en\/wp-json\/wp\/v2\/media\/646"}],"wp:attachment":[{"href":"https:\/\/areka.konfitu.re\/en\/wp-json\/wp\/v2\/media?parent=232"}],"wp:term":[{"taxonomy":"product_cat","embeddable":true,"href":"https:\/\/areka.konfitu.re\/en\/wp-json\/wp\/v2\/product_cat?post=232"},{"taxonomy":"product_tag","embeddable":true,"href":"https:\/\/areka.konfitu.re\/en\/wp-json\/wp\/v2\/product_tag?post=232"}],"curies":[{"name":"wp","href":"https:\/\/api.w.org\/{rel}","templated":true}]}}