{"id":251,"date":"2023-04-23T17:26:27","date_gmt":"2023-04-23T15:26:27","guid":{"rendered":"https:\/\/areka.konfitu.re\/?post_type=product&#038;p=251"},"modified":"2023-04-30T02:51:11","modified_gmt":"2023-04-30T00:51:11","slug":"merci-petits-cartonnage-a-fond-plat","status":"publish","type":"product","link":"https:\/\/areka.konfitu.re\/en\/produit\/merci-petits-cartonnage-a-fond-plat\/","title":{"rendered":"Merci Petits Cartonnage \u00e0 Fond Plat"},"content":{"rendered":"<p><span class=\"HwtZe\" lang=\"fr\"><span class=\"jCAhz ChMk0b\"><span class=\"ryNqvb\">Les meilleurs chocolats Merci Petits avec diff\u00e9rentes saveurs m\u00e9lang\u00e9es dans un carton personnalis\u00e9 \u00e0 fond plat.<\/span><\/span><\/span><\/p>\n<ul>\n<li>Contenu: 48 g (8 pi\u00e8ces)<\/li>\n<li>Dimensions: approx. 70 x 162 x 39 mm<\/li>\n<li>Conditionnement: 30 pcs.\/ 120 pcs. par carton<\/li>\n<li>D\u00e9lai de conservation: approx. 6 mois en cas de stockage appropri\u00e9<\/li>\n<li>D\u00e9lai de livraison: approx. 3-4 semaines apr\u00e8s accord du BAT<\/li>\n<\/ul>\n","protected":false},"excerpt":{"rendered":"<p>Les meilleurs chocolats Merci Petits avec diff\u00e9rentes saveurs m\u00e9lang\u00e9es dans un carton personnalis\u00e9 \u00e0 fond plat. Contenu: 48 g (8 pi\u00e8ces) Dimensions: approx. 70 x 162 x 39 mm Conditionnement: 30 pcs.\/ 120 pcs. par carton D\u00e9lai de conservation: approx. 6 mois en cas de stockage appropri\u00e9 D\u00e9lai de livraison: approx. 3-4 semaines apr\u00e8s accord<a href=\"https:\/\/areka.konfitu.re\/en\/produit\/merci-petits-cartonnage-a-fond-plat\/\">Continue reading <span class=\"sr-only\">&#8220;Merci Petits Cartonnage \u00e0 Fond Plat&#8221;<\/span><\/a><\/p>\n","protected":false},"featured_media":492,"comment_status":"open","ping_status":"closed","template":"","meta":{"_acf_changed":false,"inline_featured_image":false},"product_cat":[35,33],"product_tag":[],"class_list":{"0":"post-251","1":"product","2":"type-product","3":"status-publish","4":"has-post-thumbnail","6":"product_cat-produits-personnalisables","7":"product_cat-chocolats","9":"first","10":"instock","11":"shipping-taxable","12":"product-type-simple"},"acf":[],"yoast_head":"<!-- This site is optimized with the Yoast SEO plugin v22.4 - https:\/\/yoast.com\/wordpress\/plugins\/seo\/ -->\n<title>Merci Petits Cartonnage \u00e0 Fond Plat : Areka<\/title>\n<meta name=\"robots\" content=\"index, follow, max-snippet:-1, max-image-preview:large, max-video-preview:-1\" \/>\n<link rel=\"canonical\" href=\"https:\/\/areka.konfitu.re\/en\/produit\/merci-petits-cartonnage-a-fond-plat\/\" \/>\n<meta property=\"og:locale\" content=\"en_US\" \/>\n<meta property=\"og:type\" content=\"article\" \/>\n<meta property=\"og:title\" content=\"Merci Petits Cartonnage \u00e0 Fond Plat : Areka\" \/>\n<meta property=\"og:description\" content=\"Les meilleurs chocolats Merci Petits avec diff\u00e9rentes saveurs m\u00e9lang\u00e9es dans un carton personnalis\u00e9 \u00e0 fond plat. Contenu: 48 g (8 pi\u00e8ces) Dimensions: approx. 70 x 162 x 39 mm Conditionnement: 30 pcs.\/ 120 pcs. par carton D\u00e9lai de conservation: approx. 6 mois en cas de stockage appropri\u00e9 D\u00e9lai de livraison: approx. 3-4 semaines apr\u00e8s accordContinue reading &quot;Merci Petits Cartonnage \u00e0 Fond Plat&quot;\" \/>\n<meta property=\"og:url\" content=\"https:\/\/areka.konfitu.re\/en\/produit\/merci-petits-cartonnage-a-fond-plat\/\" \/>\n<meta property=\"og:site_name\" content=\"Areka\" \/>\n<meta property=\"article:modified_time\" content=\"2023-04-30T00:51:11+00:00\" \/>\n<meta property=\"og:image\" content=\"https:\/\/areka.konfitu.re\/wp-content\/uploads\/2023\/04\/merci-petits.png\" \/>\n\t<meta property=\"og:image:width\" content=\"412\" \/>\n\t<meta property=\"og:image:height\" content=\"412\" \/>\n\t<meta property=\"og:image:type\" content=\"image\/png\" \/>\n<meta name=\"twitter:card\" content=\"summary_large_image\" \/>\n<meta name=\"twitter:label1\" content=\"Est. reading time\" \/>\n\t<meta name=\"twitter:data1\" content=\"1 minute\" \/>\n<script type=\"application\/ld+json\" class=\"yoast-schema-graph\">{\"@context\":\"https:\/\/schema.org\",\"@graph\":[{\"@type\":\"WebPage\",\"@id\":\"https:\/\/areka.konfitu.re\/en\/produit\/merci-petits-cartonnage-a-fond-plat\/\",\"url\":\"https:\/\/areka.konfitu.re\/en\/produit\/merci-petits-cartonnage-a-fond-plat\/\",\"name\":\"Merci Petits Cartonnage \u00e0 Fond Plat : Areka\",\"isPartOf\":{\"@id\":\"https:\/\/areka.konfitu.re\/en\/#website\"},\"primaryImageOfPage\":{\"@id\":\"https:\/\/areka.konfitu.re\/en\/produit\/merci-petits-cartonnage-a-fond-plat\/#primaryimage\"},\"image\":{\"@id\":\"https:\/\/areka.konfitu.re\/en\/produit\/merci-petits-cartonnage-a-fond-plat\/#primaryimage\"},\"thumbnailUrl\":\"https:\/\/areka.konfitu.re\/wp-content\/uploads\/2023\/04\/merci-petits.png\",\"datePublished\":\"2023-04-23T15:26:27+00:00\",\"dateModified\":\"2023-04-30T00:51:11+00:00\",\"breadcrumb\":{\"@id\":\"https:\/\/areka.konfitu.re\/en\/produit\/merci-petits-cartonnage-a-fond-plat\/#breadcrumb\"},\"inLanguage\":\"en-US\",\"potentialAction\":[{\"@type\":\"ReadAction\",\"target\":[\"https:\/\/areka.konfitu.re\/en\/produit\/merci-petits-cartonnage-a-fond-plat\/\"]}]},{\"@type\":\"ImageObject\",\"inLanguage\":\"en-US\",\"@id\":\"https:\/\/areka.konfitu.re\/en\/produit\/merci-petits-cartonnage-a-fond-plat\/#primaryimage\",\"url\":\"https:\/\/areka.konfitu.re\/wp-content\/uploads\/2023\/04\/merci-petits.png\",\"contentUrl\":\"https:\/\/areka.konfitu.re\/wp-content\/uploads\/2023\/04\/merci-petits.png\",\"width\":412,\"height\":412},{\"@type\":\"BreadcrumbList\",\"@id\":\"https:\/\/areka.konfitu.re\/en\/produit\/merci-petits-cartonnage-a-fond-plat\/#breadcrumb\",\"itemListElement\":[{\"@type\":\"ListItem\",\"position\":1,\"name\":\"All of our products\",\"item\":\"https:\/\/areka.konfitu.re\/en\/shop\/\"},{\"@type\":\"ListItem\",\"position\":2,\"name\":\"Personalized products\",\"item\":\"https:\/\/areka.konfitu.re\/en\/product-category\/personalized-products\/\"},{\"@type\":\"ListItem\",\"position\":3,\"name\":\"Merci Petits Cartonnage \u00e0 Fond Plat\"}]},{\"@type\":\"WebSite\",\"@id\":\"https:\/\/areka.konfitu.re\/en\/#website\",\"url\":\"https:\/\/areka.konfitu.re\/en\/\",\"name\":\"Areka\",\"description\":\"Sp\u00e9cialiste fran\u00e7ais de la confiserie personnalis\u00e9e\",\"potentialAction\":[{\"@type\":\"SearchAction\",\"target\":{\"@type\":\"EntryPoint\",\"urlTemplate\":\"https:\/\/areka.konfitu.re\/en\/?s={search_term_string}\"},\"query-input\":\"required name=search_term_string\"}],\"inLanguage\":\"en-US\"}]}<\/script>\n<!-- \/ Yoast SEO plugin. -->","yoast_head_json":{"title":"Merci Petits Cartonnage \u00e0 Fond Plat : Areka","robots":{"index":"index","follow":"follow","max-snippet":"max-snippet:-1","max-image-preview":"max-image-preview:large","max-video-preview":"max-video-preview:-1"},"canonical":"https:\/\/areka.konfitu.re\/en\/produit\/merci-petits-cartonnage-a-fond-plat\/","og_locale":"en_US","og_type":"article","og_title":"Merci Petits Cartonnage \u00e0 Fond Plat : Areka","og_description":"Les meilleurs chocolats Merci Petits avec diff\u00e9rentes saveurs m\u00e9lang\u00e9es dans un carton personnalis\u00e9 \u00e0 fond plat. Contenu: 48 g (8 pi\u00e8ces) Dimensions: approx. 70 x 162 x 39 mm Conditionnement: 30 pcs.\/ 120 pcs. par carton D\u00e9lai de conservation: approx. 6 mois en cas de stockage appropri\u00e9 D\u00e9lai de livraison: approx. 3-4 semaines apr\u00e8s accordContinue reading \"Merci Petits Cartonnage \u00e0 Fond Plat\"","og_url":"https:\/\/areka.konfitu.re\/en\/produit\/merci-petits-cartonnage-a-fond-plat\/","og_site_name":"Areka","article_modified_time":"2023-04-30T00:51:11+00:00","og_image":[{"width":412,"height":412,"url":"https:\/\/areka.konfitu.re\/wp-content\/uploads\/2023\/04\/merci-petits.png","type":"image\/png"}],"twitter_card":"summary_large_image","twitter_misc":{"Est. reading time":"1 minute"},"schema":{"@context":"https:\/\/schema.org","@graph":[{"@type":"WebPage","@id":"https:\/\/areka.konfitu.re\/en\/produit\/merci-petits-cartonnage-a-fond-plat\/","url":"https:\/\/areka.konfitu.re\/en\/produit\/merci-petits-cartonnage-a-fond-plat\/","name":"Merci Petits Cartonnage \u00e0 Fond Plat : Areka","isPartOf":{"@id":"https:\/\/areka.konfitu.re\/en\/#website"},"primaryImageOfPage":{"@id":"https:\/\/areka.konfitu.re\/en\/produit\/merci-petits-cartonnage-a-fond-plat\/#primaryimage"},"image":{"@id":"https:\/\/areka.konfitu.re\/en\/produit\/merci-petits-cartonnage-a-fond-plat\/#primaryimage"},"thumbnailUrl":"https:\/\/areka.konfitu.re\/wp-content\/uploads\/2023\/04\/merci-petits.png","datePublished":"2023-04-23T15:26:27+00:00","dateModified":"2023-04-30T00:51:11+00:00","breadcrumb":{"@id":"https:\/\/areka.konfitu.re\/en\/produit\/merci-petits-cartonnage-a-fond-plat\/#breadcrumb"},"inLanguage":"en-US","potentialAction":[{"@type":"ReadAction","target":["https:\/\/areka.konfitu.re\/en\/produit\/merci-petits-cartonnage-a-fond-plat\/"]}]},{"@type":"ImageObject","inLanguage":"en-US","@id":"https:\/\/areka.konfitu.re\/en\/produit\/merci-petits-cartonnage-a-fond-plat\/#primaryimage","url":"https:\/\/areka.konfitu.re\/wp-content\/uploads\/2023\/04\/merci-petits.png","contentUrl":"https:\/\/areka.konfitu.re\/wp-content\/uploads\/2023\/04\/merci-petits.png","width":412,"height":412},{"@type":"BreadcrumbList","@id":"https:\/\/areka.konfitu.re\/en\/produit\/merci-petits-cartonnage-a-fond-plat\/#breadcrumb","itemListElement":[{"@type":"ListItem","position":1,"name":"All of our products","item":"https:\/\/areka.konfitu.re\/en\/shop\/"},{"@type":"ListItem","position":2,"name":"Personalized products","item":"https:\/\/areka.konfitu.re\/en\/product-category\/personalized-products\/"},{"@type":"ListItem","position":3,"name":"Merci Petits Cartonnage \u00e0 Fond Plat"}]},{"@type":"WebSite","@id":"https:\/\/areka.konfitu.re\/en\/#website","url":"https:\/\/areka.konfitu.re\/en\/","name":"Areka","description":"Sp\u00e9cialiste fran\u00e7ais de la confiserie personnalis\u00e9e","potentialAction":[{"@type":"SearchAction","target":{"@type":"EntryPoint","urlTemplate":"https:\/\/areka.konfitu.re\/en\/?s={search_term_string}"},"query-input":"required name=search_term_string"}],"inLanguage":"en-US"}]}},"_links":{"self":[{"href":"https:\/\/areka.konfitu.re\/en\/wp-json\/wp\/v2\/product\/251","targetHints":{"allow":["GET"]}}],"collection":[{"href":"https:\/\/areka.konfitu.re\/en\/wp-json\/wp\/v2\/product"}],"about":[{"href":"https:\/\/areka.konfitu.re\/en\/wp-json\/wp\/v2\/types\/product"}],"replies":[{"embeddable":true,"href":"https:\/\/areka.konfitu.re\/en\/wp-json\/wp\/v2\/comments?post=251"}],"wp:featuredmedia":[{"embeddable":true,"href":"https:\/\/areka.konfitu.re\/en\/wp-json\/wp\/v2\/media\/492"}],"wp:attachment":[{"href":"https:\/\/areka.konfitu.re\/en\/wp-json\/wp\/v2\/media?parent=251"}],"wp:term":[{"taxonomy":"product_cat","embeddable":true,"href":"https:\/\/areka.konfitu.re\/en\/wp-json\/wp\/v2\/product_cat?post=251"},{"taxonomy":"product_tag","embeddable":true,"href":"https:\/\/areka.konfitu.re\/en\/wp-json\/wp\/v2\/product_tag?post=251"}],"curies":[{"name":"wp","href":"https:\/\/api.w.org\/{rel}","templated":true}]}}