{"id":260,"date":"2023-04-23T18:14:23","date_gmt":"2023-04-23T16:14:23","guid":{"rendered":"https:\/\/areka.konfitu.re\/?post_type=product&#038;p=260"},"modified":"2023-05-11T01:07:19","modified_gmt":"2023-05-10T23:07:19","slug":"mentos-en-mini-sachet","status":"publish","type":"product","link":"https:\/\/areka.konfitu.re\/en\/produit\/mentos-en-mini-sachet\/","title":{"rendered":"Mentos en Mini Sachet"},"content":{"rendered":"<p>Mentos \u00e0 la menthe ou aux fruits emball\u00e9 individuellement dans un mini sachet personnalisable<\/p>\n<ul>\n<li>Contenu: 2,7 g<\/li>\n<li>Saveurs:\n<ul>\n<li>menthe<\/li>\n<li>fruits<\/li>\n<\/ul>\n<\/li>\n<li>Dimensions: approx. 30 x 54 mm<\/li>\n<li>Conditionnement: 500 pcs.\/ 5 000 pcs. par carton<\/li>\n<li>D\u00e9lai de conservation: approx. 12 mois en cas de stockage appropri\u00e9<\/li>\n<li>D\u00e9lai de livraison: approx. 3 semaines apr\u00e8s accord du BAT<\/li>\n<\/ul>\n","protected":false},"excerpt":{"rendered":"<p>Mentos \u00e0 la menthe ou aux fruits emball\u00e9 individuellement dans un mini sachet personnalisable Contenu: 2,7 g Saveurs: menthe fruits Dimensions: approx. 30 x 54 mm Conditionnement: 500 pcs.\/ 5 000 pcs. par carton D\u00e9lai de conservation: approx. 12 mois en cas de stockage appropri\u00e9 D\u00e9lai de livraison: approx. 3 semaines apr\u00e8s accord du BAT<\/p>\n","protected":false},"featured_media":506,"comment_status":"open","ping_status":"closed","template":"","meta":{"_acf_changed":false,"inline_featured_image":false},"product_cat":[35,28],"product_tag":[],"class_list":{"0":"post-260","1":"product","2":"type-product","3":"status-publish","4":"has-post-thumbnail","6":"product_cat-produits-personnalisables","7":"product_cat-bonbons-et-sucettes","9":"first","10":"instock","11":"shipping-taxable","12":"product-type-simple"},"acf":[],"yoast_head":"<!-- This site is optimized with the Yoast SEO plugin v22.4 - https:\/\/yoast.com\/wordpress\/plugins\/seo\/ -->\n<title>Mentos en Mini Sachet : Areka<\/title>\n<meta name=\"robots\" content=\"index, follow, max-snippet:-1, max-image-preview:large, max-video-preview:-1\" \/>\n<link rel=\"canonical\" href=\"https:\/\/areka.konfitu.re\/en\/produit\/mentos-en-mini-sachet\/\" \/>\n<meta property=\"og:locale\" content=\"en_US\" \/>\n<meta property=\"og:type\" content=\"article\" \/>\n<meta property=\"og:title\" content=\"Mentos en Mini Sachet : Areka\" \/>\n<meta property=\"og:description\" content=\"Mentos \u00e0 la menthe ou aux fruits emball\u00e9 individuellement dans un mini sachet personnalisable Contenu: 2,7 g Saveurs: menthe fruits Dimensions: approx. 30 x 54 mm Conditionnement: 500 pcs.\/ 5 000 pcs. par carton D\u00e9lai de conservation: approx. 12 mois en cas de stockage appropri\u00e9 D\u00e9lai de livraison: approx. 3 semaines apr\u00e8s accord du BAT\" \/>\n<meta property=\"og:url\" content=\"https:\/\/areka.konfitu.re\/en\/produit\/mentos-en-mini-sachet\/\" \/>\n<meta property=\"og:site_name\" content=\"Areka\" \/>\n<meta property=\"article:modified_time\" content=\"2023-05-10T23:07:19+00:00\" \/>\n<meta property=\"og:image\" content=\"https:\/\/areka.konfitu.re\/wp-content\/uploads\/2023\/04\/mentos-mini-sachet-.png\" \/>\n\t<meta property=\"og:image:width\" content=\"412\" \/>\n\t<meta property=\"og:image:height\" content=\"412\" \/>\n\t<meta property=\"og:image:type\" content=\"image\/png\" \/>\n<meta name=\"twitter:card\" content=\"summary_large_image\" \/>\n<meta name=\"twitter:label1\" content=\"Est. reading time\" \/>\n\t<meta name=\"twitter:data1\" content=\"1 minute\" \/>\n<script type=\"application\/ld+json\" class=\"yoast-schema-graph\">{\"@context\":\"https:\/\/schema.org\",\"@graph\":[{\"@type\":\"WebPage\",\"@id\":\"https:\/\/areka.konfitu.re\/en\/produit\/mentos-en-mini-sachet\/\",\"url\":\"https:\/\/areka.konfitu.re\/en\/produit\/mentos-en-mini-sachet\/\",\"name\":\"Mentos en Mini Sachet : Areka\",\"isPartOf\":{\"@id\":\"https:\/\/areka.konfitu.re\/en\/#website\"},\"primaryImageOfPage\":{\"@id\":\"https:\/\/areka.konfitu.re\/en\/produit\/mentos-en-mini-sachet\/#primaryimage\"},\"image\":{\"@id\":\"https:\/\/areka.konfitu.re\/en\/produit\/mentos-en-mini-sachet\/#primaryimage\"},\"thumbnailUrl\":\"https:\/\/areka.konfitu.re\/wp-content\/uploads\/2023\/04\/mentos-mini-sachet-.png\",\"datePublished\":\"2023-04-23T16:14:23+00:00\",\"dateModified\":\"2023-05-10T23:07:19+00:00\",\"breadcrumb\":{\"@id\":\"https:\/\/areka.konfitu.re\/en\/produit\/mentos-en-mini-sachet\/#breadcrumb\"},\"inLanguage\":\"en-US\",\"potentialAction\":[{\"@type\":\"ReadAction\",\"target\":[\"https:\/\/areka.konfitu.re\/en\/produit\/mentos-en-mini-sachet\/\"]}]},{\"@type\":\"ImageObject\",\"inLanguage\":\"en-US\",\"@id\":\"https:\/\/areka.konfitu.re\/en\/produit\/mentos-en-mini-sachet\/#primaryimage\",\"url\":\"https:\/\/areka.konfitu.re\/wp-content\/uploads\/2023\/04\/mentos-mini-sachet-.png\",\"contentUrl\":\"https:\/\/areka.konfitu.re\/wp-content\/uploads\/2023\/04\/mentos-mini-sachet-.png\",\"width\":412,\"height\":412},{\"@type\":\"BreadcrumbList\",\"@id\":\"https:\/\/areka.konfitu.re\/en\/produit\/mentos-en-mini-sachet\/#breadcrumb\",\"itemListElement\":[{\"@type\":\"ListItem\",\"position\":1,\"name\":\"All of our products\",\"item\":\"https:\/\/areka.konfitu.re\/en\/shop\/\"},{\"@type\":\"ListItem\",\"position\":2,\"name\":\"Personalized products\",\"item\":\"https:\/\/areka.konfitu.re\/en\/product-category\/personalized-products\/\"},{\"@type\":\"ListItem\",\"position\":3,\"name\":\"Mentos en Mini Sachet\"}]},{\"@type\":\"WebSite\",\"@id\":\"https:\/\/areka.konfitu.re\/en\/#website\",\"url\":\"https:\/\/areka.konfitu.re\/en\/\",\"name\":\"Areka\",\"description\":\"Sp\u00e9cialiste fran\u00e7ais de la confiserie personnalis\u00e9e\",\"potentialAction\":[{\"@type\":\"SearchAction\",\"target\":{\"@type\":\"EntryPoint\",\"urlTemplate\":\"https:\/\/areka.konfitu.re\/en\/?s={search_term_string}\"},\"query-input\":\"required name=search_term_string\"}],\"inLanguage\":\"en-US\"}]}<\/script>\n<!-- \/ Yoast SEO plugin. -->","yoast_head_json":{"title":"Mentos en Mini Sachet : Areka","robots":{"index":"index","follow":"follow","max-snippet":"max-snippet:-1","max-image-preview":"max-image-preview:large","max-video-preview":"max-video-preview:-1"},"canonical":"https:\/\/areka.konfitu.re\/en\/produit\/mentos-en-mini-sachet\/","og_locale":"en_US","og_type":"article","og_title":"Mentos en Mini Sachet : Areka","og_description":"Mentos \u00e0 la menthe ou aux fruits emball\u00e9 individuellement dans un mini sachet personnalisable Contenu: 2,7 g Saveurs: menthe fruits Dimensions: approx. 30 x 54 mm Conditionnement: 500 pcs.\/ 5 000 pcs. par carton D\u00e9lai de conservation: approx. 12 mois en cas de stockage appropri\u00e9 D\u00e9lai de livraison: approx. 3 semaines apr\u00e8s accord du BAT","og_url":"https:\/\/areka.konfitu.re\/en\/produit\/mentos-en-mini-sachet\/","og_site_name":"Areka","article_modified_time":"2023-05-10T23:07:19+00:00","og_image":[{"width":412,"height":412,"url":"https:\/\/areka.konfitu.re\/wp-content\/uploads\/2023\/04\/mentos-mini-sachet-.png","type":"image\/png"}],"twitter_card":"summary_large_image","twitter_misc":{"Est. reading time":"1 minute"},"schema":{"@context":"https:\/\/schema.org","@graph":[{"@type":"WebPage","@id":"https:\/\/areka.konfitu.re\/en\/produit\/mentos-en-mini-sachet\/","url":"https:\/\/areka.konfitu.re\/en\/produit\/mentos-en-mini-sachet\/","name":"Mentos en Mini Sachet : Areka","isPartOf":{"@id":"https:\/\/areka.konfitu.re\/en\/#website"},"primaryImageOfPage":{"@id":"https:\/\/areka.konfitu.re\/en\/produit\/mentos-en-mini-sachet\/#primaryimage"},"image":{"@id":"https:\/\/areka.konfitu.re\/en\/produit\/mentos-en-mini-sachet\/#primaryimage"},"thumbnailUrl":"https:\/\/areka.konfitu.re\/wp-content\/uploads\/2023\/04\/mentos-mini-sachet-.png","datePublished":"2023-04-23T16:14:23+00:00","dateModified":"2023-05-10T23:07:19+00:00","breadcrumb":{"@id":"https:\/\/areka.konfitu.re\/en\/produit\/mentos-en-mini-sachet\/#breadcrumb"},"inLanguage":"en-US","potentialAction":[{"@type":"ReadAction","target":["https:\/\/areka.konfitu.re\/en\/produit\/mentos-en-mini-sachet\/"]}]},{"@type":"ImageObject","inLanguage":"en-US","@id":"https:\/\/areka.konfitu.re\/en\/produit\/mentos-en-mini-sachet\/#primaryimage","url":"https:\/\/areka.konfitu.re\/wp-content\/uploads\/2023\/04\/mentos-mini-sachet-.png","contentUrl":"https:\/\/areka.konfitu.re\/wp-content\/uploads\/2023\/04\/mentos-mini-sachet-.png","width":412,"height":412},{"@type":"BreadcrumbList","@id":"https:\/\/areka.konfitu.re\/en\/produit\/mentos-en-mini-sachet\/#breadcrumb","itemListElement":[{"@type":"ListItem","position":1,"name":"All of our products","item":"https:\/\/areka.konfitu.re\/en\/shop\/"},{"@type":"ListItem","position":2,"name":"Personalized products","item":"https:\/\/areka.konfitu.re\/en\/product-category\/personalized-products\/"},{"@type":"ListItem","position":3,"name":"Mentos en Mini Sachet"}]},{"@type":"WebSite","@id":"https:\/\/areka.konfitu.re\/en\/#website","url":"https:\/\/areka.konfitu.re\/en\/","name":"Areka","description":"Sp\u00e9cialiste fran\u00e7ais de la confiserie personnalis\u00e9e","potentialAction":[{"@type":"SearchAction","target":{"@type":"EntryPoint","urlTemplate":"https:\/\/areka.konfitu.re\/en\/?s={search_term_string}"},"query-input":"required name=search_term_string"}],"inLanguage":"en-US"}]}},"_links":{"self":[{"href":"https:\/\/areka.konfitu.re\/en\/wp-json\/wp\/v2\/product\/260","targetHints":{"allow":["GET"]}}],"collection":[{"href":"https:\/\/areka.konfitu.re\/en\/wp-json\/wp\/v2\/product"}],"about":[{"href":"https:\/\/areka.konfitu.re\/en\/wp-json\/wp\/v2\/types\/product"}],"replies":[{"embeddable":true,"href":"https:\/\/areka.konfitu.re\/en\/wp-json\/wp\/v2\/comments?post=260"}],"wp:featuredmedia":[{"embeddable":true,"href":"https:\/\/areka.konfitu.re\/en\/wp-json\/wp\/v2\/media\/506"}],"wp:attachment":[{"href":"https:\/\/areka.konfitu.re\/en\/wp-json\/wp\/v2\/media?parent=260"}],"wp:term":[{"taxonomy":"product_cat","embeddable":true,"href":"https:\/\/areka.konfitu.re\/en\/wp-json\/wp\/v2\/product_cat?post=260"},{"taxonomy":"product_tag","embeddable":true,"href":"https:\/\/areka.konfitu.re\/en\/wp-json\/wp\/v2\/product_tag?post=260"}],"curies":[{"name":"wp","href":"https:\/\/api.w.org\/{rel}","templated":true}]}}