{"id":286,"date":"2023-04-23T21:16:17","date_gmt":"2023-04-23T19:16:17","guid":{"rendered":"https:\/\/areka.konfitu.re\/?post_type=product&#038;p=286"},"modified":"2023-05-11T00:59:20","modified_gmt":"2023-05-10T22:59:20","slug":"gommes-de-fruits-dans-un-carton-de-lapin-de-paques","status":"publish","type":"product","link":"https:\/\/areka.konfitu.re\/en\/produit\/gommes-de-fruits-dans-un-carton-de-lapin-de-paques\/","title":{"rendered":"Gommes de fruits dans un carton de lapin de P\u00e2ques"},"content":{"rendered":"<p>100 g de gommes de fruits dans un sachet transparent, emball\u00e9 dans une bo\u00eete lapin de P\u00e2ques<br \/>\npersonnalisable en carton certifi\u00e9 FSC\u00ae.<\/p>\n<ul>\n<li>Contenu: 100 g<\/li>\n<li>Dimensions: approx. 90 x 214 x 18 mm<\/li>\n<li>Conditionnement: 38 pcs \/ 152 pcs par carton<\/li>\n<li>D\u00e9lai de conservation: jusqu&#8217;\u00e0 12 mois en cas de stockage appropri\u00e9<\/li>\n<li>D\u00e9lai de livraison: campagne de fabrication<\/li>\n<\/ul>\n","protected":false},"excerpt":{"rendered":"<p>100 g de gommes de fruits dans un sachet transparent, emball\u00e9 dans une bo\u00eete lapin de P\u00e2ques personnalisable en carton certifi\u00e9 FSC\u00ae. Contenu: 100 g Dimensions: approx. 90 x 214 x 18 mm Conditionnement: 38 pcs \/ 152 pcs par carton D\u00e9lai de conservation: jusqu&#8217;\u00e0 12 mois en cas de stockage appropri\u00e9 D\u00e9lai de livraison:<a href=\"https:\/\/areka.konfitu.re\/en\/produit\/gommes-de-fruits-dans-un-carton-de-lapin-de-paques\/\">Continue reading <span class=\"sr-only\">&#8220;Gommes de fruits dans un carton de lapin de P\u00e2ques&#8221;<\/span><\/a><\/p>\n","protected":false},"featured_media":559,"comment_status":"open","ping_status":"closed","template":"","meta":{"_acf_changed":false,"inline_featured_image":false},"product_cat":[35,61],"product_tag":[],"class_list":{"0":"post-286","1":"product","2":"type-product","3":"status-publish","4":"has-post-thumbnail","6":"product_cat-produits-personnalisables","7":"product_cat-paques","9":"first","10":"instock","11":"shipping-taxable","12":"product-type-simple"},"acf":[],"yoast_head":"<!-- This site is optimized with the Yoast SEO plugin v22.4 - https:\/\/yoast.com\/wordpress\/plugins\/seo\/ -->\n<title>Gommes de fruits dans un carton de lapin de P\u00e2ques : Areka<\/title>\n<meta name=\"robots\" content=\"index, follow, max-snippet:-1, max-image-preview:large, max-video-preview:-1\" \/>\n<link rel=\"canonical\" href=\"https:\/\/areka.konfitu.re\/en\/produit\/gommes-de-fruits-dans-un-carton-de-lapin-de-paques\/\" \/>\n<meta property=\"og:locale\" content=\"en_US\" \/>\n<meta property=\"og:type\" content=\"article\" \/>\n<meta property=\"og:title\" content=\"Gommes de fruits dans un carton de lapin de P\u00e2ques : Areka\" \/>\n<meta property=\"og:description\" content=\"100 g de gommes de fruits dans un sachet transparent, emball\u00e9 dans une bo\u00eete lapin de P\u00e2ques personnalisable en carton certifi\u00e9 FSC\u00ae. Contenu: 100 g Dimensions: approx. 90 x 214 x 18 mm Conditionnement: 38 pcs \/ 152 pcs par carton D\u00e9lai de conservation: jusqu&#8217;\u00e0 12 mois en cas de stockage appropri\u00e9 D\u00e9lai de livraison:Continue reading &quot;Gommes de fruits dans un carton de lapin de P\u00e2ques&quot;\" \/>\n<meta property=\"og:url\" content=\"https:\/\/areka.konfitu.re\/en\/produit\/gommes-de-fruits-dans-un-carton-de-lapin-de-paques\/\" \/>\n<meta property=\"og:site_name\" content=\"Areka\" \/>\n<meta property=\"article:modified_time\" content=\"2023-05-10T22:59:20+00:00\" \/>\n<meta property=\"og:image\" content=\"https:\/\/areka.konfitu.re\/wp-content\/uploads\/2023\/04\/gommes-de-fruits-lapin.png\" \/>\n\t<meta property=\"og:image:width\" content=\"412\" \/>\n\t<meta property=\"og:image:height\" content=\"412\" \/>\n\t<meta property=\"og:image:type\" content=\"image\/png\" \/>\n<meta name=\"twitter:card\" content=\"summary_large_image\" \/>\n<meta name=\"twitter:label1\" content=\"Est. reading time\" \/>\n\t<meta name=\"twitter:data1\" content=\"1 minute\" \/>\n<script type=\"application\/ld+json\" class=\"yoast-schema-graph\">{\"@context\":\"https:\/\/schema.org\",\"@graph\":[{\"@type\":\"WebPage\",\"@id\":\"https:\/\/areka.konfitu.re\/en\/produit\/gommes-de-fruits-dans-un-carton-de-lapin-de-paques\/\",\"url\":\"https:\/\/areka.konfitu.re\/en\/produit\/gommes-de-fruits-dans-un-carton-de-lapin-de-paques\/\",\"name\":\"Gommes de fruits dans un carton de lapin de P\u00e2ques : Areka\",\"isPartOf\":{\"@id\":\"https:\/\/areka.konfitu.re\/en\/#website\"},\"primaryImageOfPage\":{\"@id\":\"https:\/\/areka.konfitu.re\/en\/produit\/gommes-de-fruits-dans-un-carton-de-lapin-de-paques\/#primaryimage\"},\"image\":{\"@id\":\"https:\/\/areka.konfitu.re\/en\/produit\/gommes-de-fruits-dans-un-carton-de-lapin-de-paques\/#primaryimage\"},\"thumbnailUrl\":\"https:\/\/areka.konfitu.re\/wp-content\/uploads\/2023\/04\/gommes-de-fruits-lapin.png\",\"datePublished\":\"2023-04-23T19:16:17+00:00\",\"dateModified\":\"2023-05-10T22:59:20+00:00\",\"breadcrumb\":{\"@id\":\"https:\/\/areka.konfitu.re\/en\/produit\/gommes-de-fruits-dans-un-carton-de-lapin-de-paques\/#breadcrumb\"},\"inLanguage\":\"en-US\",\"potentialAction\":[{\"@type\":\"ReadAction\",\"target\":[\"https:\/\/areka.konfitu.re\/en\/produit\/gommes-de-fruits-dans-un-carton-de-lapin-de-paques\/\"]}]},{\"@type\":\"ImageObject\",\"inLanguage\":\"en-US\",\"@id\":\"https:\/\/areka.konfitu.re\/en\/produit\/gommes-de-fruits-dans-un-carton-de-lapin-de-paques\/#primaryimage\",\"url\":\"https:\/\/areka.konfitu.re\/wp-content\/uploads\/2023\/04\/gommes-de-fruits-lapin.png\",\"contentUrl\":\"https:\/\/areka.konfitu.re\/wp-content\/uploads\/2023\/04\/gommes-de-fruits-lapin.png\",\"width\":412,\"height\":412},{\"@type\":\"BreadcrumbList\",\"@id\":\"https:\/\/areka.konfitu.re\/en\/produit\/gommes-de-fruits-dans-un-carton-de-lapin-de-paques\/#breadcrumb\",\"itemListElement\":[{\"@type\":\"ListItem\",\"position\":1,\"name\":\"All of our products\",\"item\":\"https:\/\/areka.konfitu.re\/en\/shop\/\"},{\"@type\":\"ListItem\",\"position\":2,\"name\":\"Personalized products\",\"item\":\"https:\/\/areka.konfitu.re\/en\/product-category\/personalized-products\/\"},{\"@type\":\"ListItem\",\"position\":3,\"name\":\"Gommes de fruits dans un carton de lapin de P\u00e2ques\"}]},{\"@type\":\"WebSite\",\"@id\":\"https:\/\/areka.konfitu.re\/en\/#website\",\"url\":\"https:\/\/areka.konfitu.re\/en\/\",\"name\":\"Areka\",\"description\":\"Sp\u00e9cialiste fran\u00e7ais de la confiserie personnalis\u00e9e\",\"potentialAction\":[{\"@type\":\"SearchAction\",\"target\":{\"@type\":\"EntryPoint\",\"urlTemplate\":\"https:\/\/areka.konfitu.re\/en\/?s={search_term_string}\"},\"query-input\":\"required name=search_term_string\"}],\"inLanguage\":\"en-US\"}]}<\/script>\n<!-- \/ Yoast SEO plugin. -->","yoast_head_json":{"title":"Gommes de fruits dans un carton de lapin de P\u00e2ques : Areka","robots":{"index":"index","follow":"follow","max-snippet":"max-snippet:-1","max-image-preview":"max-image-preview:large","max-video-preview":"max-video-preview:-1"},"canonical":"https:\/\/areka.konfitu.re\/en\/produit\/gommes-de-fruits-dans-un-carton-de-lapin-de-paques\/","og_locale":"en_US","og_type":"article","og_title":"Gommes de fruits dans un carton de lapin de P\u00e2ques : Areka","og_description":"100 g de gommes de fruits dans un sachet transparent, emball\u00e9 dans une bo\u00eete lapin de P\u00e2ques personnalisable en carton certifi\u00e9 FSC\u00ae. Contenu: 100 g Dimensions: approx. 90 x 214 x 18 mm Conditionnement: 38 pcs \/ 152 pcs par carton D\u00e9lai de conservation: jusqu&#8217;\u00e0 12 mois en cas de stockage appropri\u00e9 D\u00e9lai de livraison:Continue reading \"Gommes de fruits dans un carton de lapin de P\u00e2ques\"","og_url":"https:\/\/areka.konfitu.re\/en\/produit\/gommes-de-fruits-dans-un-carton-de-lapin-de-paques\/","og_site_name":"Areka","article_modified_time":"2023-05-10T22:59:20+00:00","og_image":[{"width":412,"height":412,"url":"https:\/\/areka.konfitu.re\/wp-content\/uploads\/2023\/04\/gommes-de-fruits-lapin.png","type":"image\/png"}],"twitter_card":"summary_large_image","twitter_misc":{"Est. reading time":"1 minute"},"schema":{"@context":"https:\/\/schema.org","@graph":[{"@type":"WebPage","@id":"https:\/\/areka.konfitu.re\/en\/produit\/gommes-de-fruits-dans-un-carton-de-lapin-de-paques\/","url":"https:\/\/areka.konfitu.re\/en\/produit\/gommes-de-fruits-dans-un-carton-de-lapin-de-paques\/","name":"Gommes de fruits dans un carton de lapin de P\u00e2ques : Areka","isPartOf":{"@id":"https:\/\/areka.konfitu.re\/en\/#website"},"primaryImageOfPage":{"@id":"https:\/\/areka.konfitu.re\/en\/produit\/gommes-de-fruits-dans-un-carton-de-lapin-de-paques\/#primaryimage"},"image":{"@id":"https:\/\/areka.konfitu.re\/en\/produit\/gommes-de-fruits-dans-un-carton-de-lapin-de-paques\/#primaryimage"},"thumbnailUrl":"https:\/\/areka.konfitu.re\/wp-content\/uploads\/2023\/04\/gommes-de-fruits-lapin.png","datePublished":"2023-04-23T19:16:17+00:00","dateModified":"2023-05-10T22:59:20+00:00","breadcrumb":{"@id":"https:\/\/areka.konfitu.re\/en\/produit\/gommes-de-fruits-dans-un-carton-de-lapin-de-paques\/#breadcrumb"},"inLanguage":"en-US","potentialAction":[{"@type":"ReadAction","target":["https:\/\/areka.konfitu.re\/en\/produit\/gommes-de-fruits-dans-un-carton-de-lapin-de-paques\/"]}]},{"@type":"ImageObject","inLanguage":"en-US","@id":"https:\/\/areka.konfitu.re\/en\/produit\/gommes-de-fruits-dans-un-carton-de-lapin-de-paques\/#primaryimage","url":"https:\/\/areka.konfitu.re\/wp-content\/uploads\/2023\/04\/gommes-de-fruits-lapin.png","contentUrl":"https:\/\/areka.konfitu.re\/wp-content\/uploads\/2023\/04\/gommes-de-fruits-lapin.png","width":412,"height":412},{"@type":"BreadcrumbList","@id":"https:\/\/areka.konfitu.re\/en\/produit\/gommes-de-fruits-dans-un-carton-de-lapin-de-paques\/#breadcrumb","itemListElement":[{"@type":"ListItem","position":1,"name":"All of our products","item":"https:\/\/areka.konfitu.re\/en\/shop\/"},{"@type":"ListItem","position":2,"name":"Personalized products","item":"https:\/\/areka.konfitu.re\/en\/product-category\/personalized-products\/"},{"@type":"ListItem","position":3,"name":"Gommes de fruits dans un carton de lapin de P\u00e2ques"}]},{"@type":"WebSite","@id":"https:\/\/areka.konfitu.re\/en\/#website","url":"https:\/\/areka.konfitu.re\/en\/","name":"Areka","description":"Sp\u00e9cialiste fran\u00e7ais de la confiserie personnalis\u00e9e","potentialAction":[{"@type":"SearchAction","target":{"@type":"EntryPoint","urlTemplate":"https:\/\/areka.konfitu.re\/en\/?s={search_term_string}"},"query-input":"required name=search_term_string"}],"inLanguage":"en-US"}]}},"_links":{"self":[{"href":"https:\/\/areka.konfitu.re\/en\/wp-json\/wp\/v2\/product\/286","targetHints":{"allow":["GET"]}}],"collection":[{"href":"https:\/\/areka.konfitu.re\/en\/wp-json\/wp\/v2\/product"}],"about":[{"href":"https:\/\/areka.konfitu.re\/en\/wp-json\/wp\/v2\/types\/product"}],"replies":[{"embeddable":true,"href":"https:\/\/areka.konfitu.re\/en\/wp-json\/wp\/v2\/comments?post=286"}],"wp:featuredmedia":[{"embeddable":true,"href":"https:\/\/areka.konfitu.re\/en\/wp-json\/wp\/v2\/media\/559"}],"wp:attachment":[{"href":"https:\/\/areka.konfitu.re\/en\/wp-json\/wp\/v2\/media?parent=286"}],"wp:term":[{"taxonomy":"product_cat","embeddable":true,"href":"https:\/\/areka.konfitu.re\/en\/wp-json\/wp\/v2\/product_cat?post=286"},{"taxonomy":"product_tag","embeddable":true,"href":"https:\/\/areka.konfitu.re\/en\/wp-json\/wp\/v2\/product_tag?post=286"}],"curies":[{"name":"wp","href":"https:\/\/api.w.org\/{rel}","templated":true}]}}