{"id":287,"date":"2023-04-23T21:22:43","date_gmt":"2023-04-23T19:22:43","guid":{"rendered":"https:\/\/areka.konfitu.re\/?post_type=product&#038;p=287"},"modified":"2023-05-11T00:58:52","modified_gmt":"2023-05-10T22:58:52","slug":"nid-de-paques-lindt","status":"publish","type":"product","link":"https:\/\/areka.konfitu.re\/en\/produit\/nid-de-paques-lindt\/","title":{"rendered":"Nid de P\u00e2ques Lindt"},"content":{"rendered":"<p>Le nid de P\u00e2ques dans la bo\u00eete pyramidale est un v\u00e9ritable accroche-regard. La bo\u00eete en carton certifi\u00e9 FSC\u00ae est remplie d&#8217;un adorable lapin de P\u00e2ques Lindt et de deux truffes au chocolat Lindt Lindor. Et pour qu&#8217;il devienne un nid, le carton peut \u00eatre imprim\u00e9 d&#8217;un motif de nid de P\u00e2ques \u00e0 l&#8217;int\u00e9rieur.<\/p>\n<ul>\n<li>Contenu: 35 g<\/li>\n<li>Remplissage: Lapin en chocolat Lindt 10 g, 2 truffes Lindt Lindor<\/li>\n<li>Saveurs:\n<ul>\n<li>1 chocolat truffle rose = cr\u00e8me de fraises<\/li>\n<li>1 chocolat truffle jaune = mangue<\/li>\n<\/ul>\n<\/li>\n<li>Dimensions: approx. 120 x 120 x 120 mm<\/li>\n<li>Conditionnement: 20 pcs. \/ 80 pcs. par carton<\/li>\n<li>D\u00e9lai de conservation: jusqu&#8217;en juillet 2023 si stock\u00e9 correctement<\/li>\n<li>D\u00e9lai de livraison: campagne de fabrication<\/li>\n<\/ul>\n","protected":false},"excerpt":{"rendered":"<p>Le nid de P\u00e2ques dans la bo\u00eete pyramidale est un v\u00e9ritable accroche-regard. La bo\u00eete en carton certifi\u00e9 FSC\u00ae est remplie d&#8217;un adorable lapin de P\u00e2ques Lindt et de deux truffes au chocolat Lindt Lindor. Et pour qu&#8217;il devienne un nid, le carton peut \u00eatre imprim\u00e9 d&#8217;un motif de nid de P\u00e2ques \u00e0 l&#8217;int\u00e9rieur. Contenu: 35<a href=\"https:\/\/areka.konfitu.re\/en\/produit\/nid-de-paques-lindt\/\">Continue reading <span class=\"sr-only\">&#8220;Nid de P\u00e2ques Lindt&#8221;<\/span><\/a><\/p>\n","protected":false},"featured_media":563,"comment_status":"open","ping_status":"closed","template":"","meta":{"_acf_changed":false,"inline_featured_image":false},"product_cat":[35,61],"product_tag":[],"class_list":{"0":"post-287","1":"product","2":"type-product","3":"status-publish","4":"has-post-thumbnail","6":"product_cat-produits-personnalisables","7":"product_cat-paques","9":"first","10":"instock","11":"shipping-taxable","12":"product-type-simple"},"acf":[],"yoast_head":"<!-- This site is optimized with the Yoast SEO plugin v22.4 - https:\/\/yoast.com\/wordpress\/plugins\/seo\/ -->\n<title>Nid de P\u00e2ques Lindt : Areka<\/title>\n<meta name=\"robots\" content=\"index, follow, max-snippet:-1, max-image-preview:large, max-video-preview:-1\" \/>\n<link rel=\"canonical\" href=\"https:\/\/areka.konfitu.re\/en\/produit\/nid-de-paques-lindt\/\" \/>\n<meta property=\"og:locale\" content=\"en_US\" \/>\n<meta property=\"og:type\" content=\"article\" \/>\n<meta property=\"og:title\" content=\"Nid de P\u00e2ques Lindt : Areka\" \/>\n<meta property=\"og:description\" content=\"Le nid de P\u00e2ques dans la bo\u00eete pyramidale est un v\u00e9ritable accroche-regard. La bo\u00eete en carton certifi\u00e9 FSC\u00ae est remplie d&#8217;un adorable lapin de P\u00e2ques Lindt et de deux truffes au chocolat Lindt Lindor. Et pour qu&#8217;il devienne un nid, le carton peut \u00eatre imprim\u00e9 d&#8217;un motif de nid de P\u00e2ques \u00e0 l&#8217;int\u00e9rieur. Contenu: 35Continue reading &quot;Nid de P\u00e2ques Lindt&quot;\" \/>\n<meta property=\"og:url\" content=\"https:\/\/areka.konfitu.re\/en\/produit\/nid-de-paques-lindt\/\" \/>\n<meta property=\"og:site_name\" content=\"Areka\" \/>\n<meta property=\"article:modified_time\" content=\"2023-05-10T22:58:52+00:00\" \/>\n<meta property=\"og:image\" content=\"https:\/\/areka.konfitu.re\/wp-content\/uploads\/2023\/04\/nid-de-paques.png\" \/>\n\t<meta property=\"og:image:width\" content=\"412\" \/>\n\t<meta property=\"og:image:height\" content=\"412\" \/>\n\t<meta property=\"og:image:type\" content=\"image\/png\" \/>\n<meta name=\"twitter:card\" content=\"summary_large_image\" \/>\n<meta name=\"twitter:label1\" content=\"Est. reading time\" \/>\n\t<meta name=\"twitter:data1\" content=\"1 minute\" \/>\n<script type=\"application\/ld+json\" class=\"yoast-schema-graph\">{\"@context\":\"https:\/\/schema.org\",\"@graph\":[{\"@type\":\"WebPage\",\"@id\":\"https:\/\/areka.konfitu.re\/en\/produit\/nid-de-paques-lindt\/\",\"url\":\"https:\/\/areka.konfitu.re\/en\/produit\/nid-de-paques-lindt\/\",\"name\":\"Nid de P\u00e2ques Lindt : Areka\",\"isPartOf\":{\"@id\":\"https:\/\/areka.konfitu.re\/en\/#website\"},\"primaryImageOfPage\":{\"@id\":\"https:\/\/areka.konfitu.re\/en\/produit\/nid-de-paques-lindt\/#primaryimage\"},\"image\":{\"@id\":\"https:\/\/areka.konfitu.re\/en\/produit\/nid-de-paques-lindt\/#primaryimage\"},\"thumbnailUrl\":\"https:\/\/areka.konfitu.re\/wp-content\/uploads\/2023\/04\/nid-de-paques.png\",\"datePublished\":\"2023-04-23T19:22:43+00:00\",\"dateModified\":\"2023-05-10T22:58:52+00:00\",\"breadcrumb\":{\"@id\":\"https:\/\/areka.konfitu.re\/en\/produit\/nid-de-paques-lindt\/#breadcrumb\"},\"inLanguage\":\"en-US\",\"potentialAction\":[{\"@type\":\"ReadAction\",\"target\":[\"https:\/\/areka.konfitu.re\/en\/produit\/nid-de-paques-lindt\/\"]}]},{\"@type\":\"ImageObject\",\"inLanguage\":\"en-US\",\"@id\":\"https:\/\/areka.konfitu.re\/en\/produit\/nid-de-paques-lindt\/#primaryimage\",\"url\":\"https:\/\/areka.konfitu.re\/wp-content\/uploads\/2023\/04\/nid-de-paques.png\",\"contentUrl\":\"https:\/\/areka.konfitu.re\/wp-content\/uploads\/2023\/04\/nid-de-paques.png\",\"width\":412,\"height\":412},{\"@type\":\"BreadcrumbList\",\"@id\":\"https:\/\/areka.konfitu.re\/en\/produit\/nid-de-paques-lindt\/#breadcrumb\",\"itemListElement\":[{\"@type\":\"ListItem\",\"position\":1,\"name\":\"All of our products\",\"item\":\"https:\/\/areka.konfitu.re\/en\/shop\/\"},{\"@type\":\"ListItem\",\"position\":2,\"name\":\"Personalized products\",\"item\":\"https:\/\/areka.konfitu.re\/en\/product-category\/personalized-products\/\"},{\"@type\":\"ListItem\",\"position\":3,\"name\":\"Nid de P\u00e2ques Lindt\"}]},{\"@type\":\"WebSite\",\"@id\":\"https:\/\/areka.konfitu.re\/en\/#website\",\"url\":\"https:\/\/areka.konfitu.re\/en\/\",\"name\":\"Areka\",\"description\":\"Sp\u00e9cialiste fran\u00e7ais de la confiserie personnalis\u00e9e\",\"potentialAction\":[{\"@type\":\"SearchAction\",\"target\":{\"@type\":\"EntryPoint\",\"urlTemplate\":\"https:\/\/areka.konfitu.re\/en\/?s={search_term_string}\"},\"query-input\":\"required name=search_term_string\"}],\"inLanguage\":\"en-US\"}]}<\/script>\n<!-- \/ Yoast SEO plugin. -->","yoast_head_json":{"title":"Nid de P\u00e2ques Lindt : Areka","robots":{"index":"index","follow":"follow","max-snippet":"max-snippet:-1","max-image-preview":"max-image-preview:large","max-video-preview":"max-video-preview:-1"},"canonical":"https:\/\/areka.konfitu.re\/en\/produit\/nid-de-paques-lindt\/","og_locale":"en_US","og_type":"article","og_title":"Nid de P\u00e2ques Lindt : Areka","og_description":"Le nid de P\u00e2ques dans la bo\u00eete pyramidale est un v\u00e9ritable accroche-regard. La bo\u00eete en carton certifi\u00e9 FSC\u00ae est remplie d&#8217;un adorable lapin de P\u00e2ques Lindt et de deux truffes au chocolat Lindt Lindor. Et pour qu&#8217;il devienne un nid, le carton peut \u00eatre imprim\u00e9 d&#8217;un motif de nid de P\u00e2ques \u00e0 l&#8217;int\u00e9rieur. Contenu: 35Continue reading \"Nid de P\u00e2ques Lindt\"","og_url":"https:\/\/areka.konfitu.re\/en\/produit\/nid-de-paques-lindt\/","og_site_name":"Areka","article_modified_time":"2023-05-10T22:58:52+00:00","og_image":[{"width":412,"height":412,"url":"https:\/\/areka.konfitu.re\/wp-content\/uploads\/2023\/04\/nid-de-paques.png","type":"image\/png"}],"twitter_card":"summary_large_image","twitter_misc":{"Est. reading time":"1 minute"},"schema":{"@context":"https:\/\/schema.org","@graph":[{"@type":"WebPage","@id":"https:\/\/areka.konfitu.re\/en\/produit\/nid-de-paques-lindt\/","url":"https:\/\/areka.konfitu.re\/en\/produit\/nid-de-paques-lindt\/","name":"Nid de P\u00e2ques Lindt : Areka","isPartOf":{"@id":"https:\/\/areka.konfitu.re\/en\/#website"},"primaryImageOfPage":{"@id":"https:\/\/areka.konfitu.re\/en\/produit\/nid-de-paques-lindt\/#primaryimage"},"image":{"@id":"https:\/\/areka.konfitu.re\/en\/produit\/nid-de-paques-lindt\/#primaryimage"},"thumbnailUrl":"https:\/\/areka.konfitu.re\/wp-content\/uploads\/2023\/04\/nid-de-paques.png","datePublished":"2023-04-23T19:22:43+00:00","dateModified":"2023-05-10T22:58:52+00:00","breadcrumb":{"@id":"https:\/\/areka.konfitu.re\/en\/produit\/nid-de-paques-lindt\/#breadcrumb"},"inLanguage":"en-US","potentialAction":[{"@type":"ReadAction","target":["https:\/\/areka.konfitu.re\/en\/produit\/nid-de-paques-lindt\/"]}]},{"@type":"ImageObject","inLanguage":"en-US","@id":"https:\/\/areka.konfitu.re\/en\/produit\/nid-de-paques-lindt\/#primaryimage","url":"https:\/\/areka.konfitu.re\/wp-content\/uploads\/2023\/04\/nid-de-paques.png","contentUrl":"https:\/\/areka.konfitu.re\/wp-content\/uploads\/2023\/04\/nid-de-paques.png","width":412,"height":412},{"@type":"BreadcrumbList","@id":"https:\/\/areka.konfitu.re\/en\/produit\/nid-de-paques-lindt\/#breadcrumb","itemListElement":[{"@type":"ListItem","position":1,"name":"All of our products","item":"https:\/\/areka.konfitu.re\/en\/shop\/"},{"@type":"ListItem","position":2,"name":"Personalized products","item":"https:\/\/areka.konfitu.re\/en\/product-category\/personalized-products\/"},{"@type":"ListItem","position":3,"name":"Nid de P\u00e2ques Lindt"}]},{"@type":"WebSite","@id":"https:\/\/areka.konfitu.re\/en\/#website","url":"https:\/\/areka.konfitu.re\/en\/","name":"Areka","description":"Sp\u00e9cialiste fran\u00e7ais de la confiserie personnalis\u00e9e","potentialAction":[{"@type":"SearchAction","target":{"@type":"EntryPoint","urlTemplate":"https:\/\/areka.konfitu.re\/en\/?s={search_term_string}"},"query-input":"required name=search_term_string"}],"inLanguage":"en-US"}]}},"_links":{"self":[{"href":"https:\/\/areka.konfitu.re\/en\/wp-json\/wp\/v2\/product\/287","targetHints":{"allow":["GET"]}}],"collection":[{"href":"https:\/\/areka.konfitu.re\/en\/wp-json\/wp\/v2\/product"}],"about":[{"href":"https:\/\/areka.konfitu.re\/en\/wp-json\/wp\/v2\/types\/product"}],"replies":[{"embeddable":true,"href":"https:\/\/areka.konfitu.re\/en\/wp-json\/wp\/v2\/comments?post=287"}],"wp:featuredmedia":[{"embeddable":true,"href":"https:\/\/areka.konfitu.re\/en\/wp-json\/wp\/v2\/media\/563"}],"wp:attachment":[{"href":"https:\/\/areka.konfitu.re\/en\/wp-json\/wp\/v2\/media?parent=287"}],"wp:term":[{"taxonomy":"product_cat","embeddable":true,"href":"https:\/\/areka.konfitu.re\/en\/wp-json\/wp\/v2\/product_cat?post=287"},{"taxonomy":"product_tag","embeddable":true,"href":"https:\/\/areka.konfitu.re\/en\/wp-json\/wp\/v2\/product_tag?post=287"}],"curies":[{"name":"wp","href":"https:\/\/api.w.org\/{rel}","templated":true}]}}