{"id":292,"date":"2023-04-23T21:34:15","date_gmt":"2023-04-23T19:34:15","guid":{"rendered":"https:\/\/areka.konfitu.re\/?post_type=product&#038;p=292"},"modified":"2023-05-11T00:55:56","modified_gmt":"2023-05-10T22:55:56","slug":"oeufs-de-paques-lindt-dans-un-petit-carton-a-fond-plat","status":"publish","type":"product","link":"https:\/\/areka.konfitu.re\/en\/produit\/oeufs-de-paques-lindt-dans-un-petit-carton-a-fond-plat\/","title":{"rendered":"Oeufs de P\u00e2ques LINDT dans un petit carton \u00e0 fond plat"},"content":{"rendered":"<p>Les meilleurs \u0153ufs de P\u00e2ques en chocolat au lait Lindt Lindor dans une bo\u00eete \u00e0 fond plat impression personnalis\u00e9e<\/p>\n<ul>\n<li>Contenu: 47 g (10 pcs.)<\/li>\n<li>Dimensions: approx. 60 x 101 x 39 mm<\/li>\n<li>Conditionnement: 36 pcs. \/ 180 pcs. par carton<\/li>\n<li>D\u00e9lai de conservation: jusqu&#8217;en juillet 2023 si stock\u00e9 correctement<\/li>\n<li>D\u00e9lai de livraison: sur demande<\/li>\n<\/ul>\n","protected":false},"excerpt":{"rendered":"<p>Les meilleurs \u0153ufs de P\u00e2ques en chocolat au lait Lindt Lindor dans une bo\u00eete \u00e0 fond plat impression personnalis\u00e9e Contenu: 47 g (10 pcs.) Dimensions: approx. 60 x 101 x 39 mm Conditionnement: 36 pcs. \/ 180 pcs. par carton D\u00e9lai de conservation: jusqu&#8217;en juillet 2023 si stock\u00e9 correctement D\u00e9lai de livraison: sur demande<\/p>\n","protected":false},"featured_media":573,"comment_status":"open","ping_status":"closed","template":"","meta":{"_acf_changed":false,"inline_featured_image":false},"product_cat":[35,61],"product_tag":[],"class_list":{"0":"post-292","1":"product","2":"type-product","3":"status-publish","4":"has-post-thumbnail","6":"product_cat-produits-personnalisables","7":"product_cat-paques","9":"first","10":"instock","11":"shipping-taxable","12":"product-type-simple"},"acf":[],"yoast_head":"<!-- This site is optimized with the Yoast SEO plugin v22.4 - https:\/\/yoast.com\/wordpress\/plugins\/seo\/ -->\n<title>Oeufs de P\u00e2ques LINDT dans un petit carton \u00e0 fond plat : Areka<\/title>\n<meta name=\"robots\" content=\"index, follow, max-snippet:-1, max-image-preview:large, max-video-preview:-1\" \/>\n<link rel=\"canonical\" href=\"https:\/\/areka.konfitu.re\/en\/produit\/oeufs-de-paques-lindt-dans-un-petit-carton-a-fond-plat\/\" \/>\n<meta property=\"og:locale\" content=\"en_US\" \/>\n<meta property=\"og:type\" content=\"article\" \/>\n<meta property=\"og:title\" content=\"Oeufs de P\u00e2ques LINDT dans un petit carton \u00e0 fond plat : Areka\" \/>\n<meta property=\"og:description\" content=\"Les meilleurs \u0153ufs de P\u00e2ques en chocolat au lait Lindt Lindor dans une bo\u00eete \u00e0 fond plat impression personnalis\u00e9e Contenu: 47 g (10 pcs.) Dimensions: approx. 60 x 101 x 39 mm Conditionnement: 36 pcs. \/ 180 pcs. par carton D\u00e9lai de conservation: jusqu&#8217;en juillet 2023 si stock\u00e9 correctement D\u00e9lai de livraison: sur demande\" \/>\n<meta property=\"og:url\" content=\"https:\/\/areka.konfitu.re\/en\/produit\/oeufs-de-paques-lindt-dans-un-petit-carton-a-fond-plat\/\" \/>\n<meta property=\"og:site_name\" content=\"Areka\" \/>\n<meta property=\"article:modified_time\" content=\"2023-05-10T22:55:56+00:00\" \/>\n<meta property=\"og:image\" content=\"https:\/\/areka.konfitu.re\/wp-content\/uploads\/2023\/05\/oeuf-de-paques-fond-plat.png\" \/>\n\t<meta property=\"og:image:width\" content=\"412\" \/>\n\t<meta property=\"og:image:height\" content=\"412\" \/>\n\t<meta property=\"og:image:type\" content=\"image\/png\" \/>\n<meta name=\"twitter:card\" content=\"summary_large_image\" \/>\n<meta name=\"twitter:label1\" content=\"Est. reading time\" \/>\n\t<meta name=\"twitter:data1\" content=\"1 minute\" \/>\n<script type=\"application\/ld+json\" class=\"yoast-schema-graph\">{\"@context\":\"https:\/\/schema.org\",\"@graph\":[{\"@type\":\"WebPage\",\"@id\":\"https:\/\/areka.konfitu.re\/en\/produit\/oeufs-de-paques-lindt-dans-un-petit-carton-a-fond-plat\/\",\"url\":\"https:\/\/areka.konfitu.re\/en\/produit\/oeufs-de-paques-lindt-dans-un-petit-carton-a-fond-plat\/\",\"name\":\"Oeufs de P\u00e2ques LINDT dans un petit carton \u00e0 fond plat : Areka\",\"isPartOf\":{\"@id\":\"https:\/\/areka.konfitu.re\/en\/#website\"},\"primaryImageOfPage\":{\"@id\":\"https:\/\/areka.konfitu.re\/en\/produit\/oeufs-de-paques-lindt-dans-un-petit-carton-a-fond-plat\/#primaryimage\"},\"image\":{\"@id\":\"https:\/\/areka.konfitu.re\/en\/produit\/oeufs-de-paques-lindt-dans-un-petit-carton-a-fond-plat\/#primaryimage\"},\"thumbnailUrl\":\"https:\/\/areka.konfitu.re\/wp-content\/uploads\/2023\/05\/oeuf-de-paques-fond-plat.png\",\"datePublished\":\"2023-04-23T19:34:15+00:00\",\"dateModified\":\"2023-05-10T22:55:56+00:00\",\"breadcrumb\":{\"@id\":\"https:\/\/areka.konfitu.re\/en\/produit\/oeufs-de-paques-lindt-dans-un-petit-carton-a-fond-plat\/#breadcrumb\"},\"inLanguage\":\"en-US\",\"potentialAction\":[{\"@type\":\"ReadAction\",\"target\":[\"https:\/\/areka.konfitu.re\/en\/produit\/oeufs-de-paques-lindt-dans-un-petit-carton-a-fond-plat\/\"]}]},{\"@type\":\"ImageObject\",\"inLanguage\":\"en-US\",\"@id\":\"https:\/\/areka.konfitu.re\/en\/produit\/oeufs-de-paques-lindt-dans-un-petit-carton-a-fond-plat\/#primaryimage\",\"url\":\"https:\/\/areka.konfitu.re\/wp-content\/uploads\/2023\/05\/oeuf-de-paques-fond-plat.png\",\"contentUrl\":\"https:\/\/areka.konfitu.re\/wp-content\/uploads\/2023\/05\/oeuf-de-paques-fond-plat.png\",\"width\":412,\"height\":412},{\"@type\":\"BreadcrumbList\",\"@id\":\"https:\/\/areka.konfitu.re\/en\/produit\/oeufs-de-paques-lindt-dans-un-petit-carton-a-fond-plat\/#breadcrumb\",\"itemListElement\":[{\"@type\":\"ListItem\",\"position\":1,\"name\":\"All of our products\",\"item\":\"https:\/\/areka.konfitu.re\/en\/shop\/\"},{\"@type\":\"ListItem\",\"position\":2,\"name\":\"Personalized products\",\"item\":\"https:\/\/areka.konfitu.re\/en\/product-category\/personalized-products\/\"},{\"@type\":\"ListItem\",\"position\":3,\"name\":\"Oeufs de P\u00e2ques LINDT dans un petit carton \u00e0 fond plat\"}]},{\"@type\":\"WebSite\",\"@id\":\"https:\/\/areka.konfitu.re\/en\/#website\",\"url\":\"https:\/\/areka.konfitu.re\/en\/\",\"name\":\"Areka\",\"description\":\"Sp\u00e9cialiste fran\u00e7ais de la confiserie personnalis\u00e9e\",\"potentialAction\":[{\"@type\":\"SearchAction\",\"target\":{\"@type\":\"EntryPoint\",\"urlTemplate\":\"https:\/\/areka.konfitu.re\/en\/?s={search_term_string}\"},\"query-input\":\"required name=search_term_string\"}],\"inLanguage\":\"en-US\"}]}<\/script>\n<!-- \/ Yoast SEO plugin. -->","yoast_head_json":{"title":"Oeufs de P\u00e2ques LINDT dans un petit carton \u00e0 fond plat : Areka","robots":{"index":"index","follow":"follow","max-snippet":"max-snippet:-1","max-image-preview":"max-image-preview:large","max-video-preview":"max-video-preview:-1"},"canonical":"https:\/\/areka.konfitu.re\/en\/produit\/oeufs-de-paques-lindt-dans-un-petit-carton-a-fond-plat\/","og_locale":"en_US","og_type":"article","og_title":"Oeufs de P\u00e2ques LINDT dans un petit carton \u00e0 fond plat : Areka","og_description":"Les meilleurs \u0153ufs de P\u00e2ques en chocolat au lait Lindt Lindor dans une bo\u00eete \u00e0 fond plat impression personnalis\u00e9e Contenu: 47 g (10 pcs.) Dimensions: approx. 60 x 101 x 39 mm Conditionnement: 36 pcs. \/ 180 pcs. par carton D\u00e9lai de conservation: jusqu&#8217;en juillet 2023 si stock\u00e9 correctement D\u00e9lai de livraison: sur demande","og_url":"https:\/\/areka.konfitu.re\/en\/produit\/oeufs-de-paques-lindt-dans-un-petit-carton-a-fond-plat\/","og_site_name":"Areka","article_modified_time":"2023-05-10T22:55:56+00:00","og_image":[{"width":412,"height":412,"url":"https:\/\/areka.konfitu.re\/wp-content\/uploads\/2023\/05\/oeuf-de-paques-fond-plat.png","type":"image\/png"}],"twitter_card":"summary_large_image","twitter_misc":{"Est. reading time":"1 minute"},"schema":{"@context":"https:\/\/schema.org","@graph":[{"@type":"WebPage","@id":"https:\/\/areka.konfitu.re\/en\/produit\/oeufs-de-paques-lindt-dans-un-petit-carton-a-fond-plat\/","url":"https:\/\/areka.konfitu.re\/en\/produit\/oeufs-de-paques-lindt-dans-un-petit-carton-a-fond-plat\/","name":"Oeufs de P\u00e2ques LINDT dans un petit carton \u00e0 fond plat : Areka","isPartOf":{"@id":"https:\/\/areka.konfitu.re\/en\/#website"},"primaryImageOfPage":{"@id":"https:\/\/areka.konfitu.re\/en\/produit\/oeufs-de-paques-lindt-dans-un-petit-carton-a-fond-plat\/#primaryimage"},"image":{"@id":"https:\/\/areka.konfitu.re\/en\/produit\/oeufs-de-paques-lindt-dans-un-petit-carton-a-fond-plat\/#primaryimage"},"thumbnailUrl":"https:\/\/areka.konfitu.re\/wp-content\/uploads\/2023\/05\/oeuf-de-paques-fond-plat.png","datePublished":"2023-04-23T19:34:15+00:00","dateModified":"2023-05-10T22:55:56+00:00","breadcrumb":{"@id":"https:\/\/areka.konfitu.re\/en\/produit\/oeufs-de-paques-lindt-dans-un-petit-carton-a-fond-plat\/#breadcrumb"},"inLanguage":"en-US","potentialAction":[{"@type":"ReadAction","target":["https:\/\/areka.konfitu.re\/en\/produit\/oeufs-de-paques-lindt-dans-un-petit-carton-a-fond-plat\/"]}]},{"@type":"ImageObject","inLanguage":"en-US","@id":"https:\/\/areka.konfitu.re\/en\/produit\/oeufs-de-paques-lindt-dans-un-petit-carton-a-fond-plat\/#primaryimage","url":"https:\/\/areka.konfitu.re\/wp-content\/uploads\/2023\/05\/oeuf-de-paques-fond-plat.png","contentUrl":"https:\/\/areka.konfitu.re\/wp-content\/uploads\/2023\/05\/oeuf-de-paques-fond-plat.png","width":412,"height":412},{"@type":"BreadcrumbList","@id":"https:\/\/areka.konfitu.re\/en\/produit\/oeufs-de-paques-lindt-dans-un-petit-carton-a-fond-plat\/#breadcrumb","itemListElement":[{"@type":"ListItem","position":1,"name":"All of our products","item":"https:\/\/areka.konfitu.re\/en\/shop\/"},{"@type":"ListItem","position":2,"name":"Personalized products","item":"https:\/\/areka.konfitu.re\/en\/product-category\/personalized-products\/"},{"@type":"ListItem","position":3,"name":"Oeufs de P\u00e2ques LINDT dans un petit carton \u00e0 fond plat"}]},{"@type":"WebSite","@id":"https:\/\/areka.konfitu.re\/en\/#website","url":"https:\/\/areka.konfitu.re\/en\/","name":"Areka","description":"Sp\u00e9cialiste fran\u00e7ais de la confiserie personnalis\u00e9e","potentialAction":[{"@type":"SearchAction","target":{"@type":"EntryPoint","urlTemplate":"https:\/\/areka.konfitu.re\/en\/?s={search_term_string}"},"query-input":"required name=search_term_string"}],"inLanguage":"en-US"}]}},"_links":{"self":[{"href":"https:\/\/areka.konfitu.re\/en\/wp-json\/wp\/v2\/product\/292","targetHints":{"allow":["GET"]}}],"collection":[{"href":"https:\/\/areka.konfitu.re\/en\/wp-json\/wp\/v2\/product"}],"about":[{"href":"https:\/\/areka.konfitu.re\/en\/wp-json\/wp\/v2\/types\/product"}],"replies":[{"embeddable":true,"href":"https:\/\/areka.konfitu.re\/en\/wp-json\/wp\/v2\/comments?post=292"}],"wp:featuredmedia":[{"embeddable":true,"href":"https:\/\/areka.konfitu.re\/en\/wp-json\/wp\/v2\/media\/573"}],"wp:attachment":[{"href":"https:\/\/areka.konfitu.re\/en\/wp-json\/wp\/v2\/media?parent=292"}],"wp:term":[{"taxonomy":"product_cat","embeddable":true,"href":"https:\/\/areka.konfitu.re\/en\/wp-json\/wp\/v2\/product_cat?post=292"},{"taxonomy":"product_tag","embeddable":true,"href":"https:\/\/areka.konfitu.re\/en\/wp-json\/wp\/v2\/product_tag?post=292"}],"curies":[{"name":"wp","href":"https:\/\/api.w.org\/{rel}","templated":true}]}}