{"id":42,"date":"2023-02-08T16:30:42","date_gmt":"2023-02-08T15:30:42","guid":{"rendered":"https:\/\/areka.konfitu.re\/?post_type=product&#038;p=42"},"modified":"2023-05-05T12:29:31","modified_gmt":"2023-05-05T10:29:31","slug":"boite-clic-clac-45mm","status":"publish","type":"product","link":"https:\/\/areka.konfitu.re\/en\/produit\/boite-clic-clac-45mm\/","title":{"rendered":"Clic Clac \u00d8 45 mm"},"content":{"rendered":"<p>Dans ces bo\u00eetes m\u00e9talliques refermables, la menthe rafra\u00eechissante restera fra\u00eeche plus longtemps. De nombreuses couleurs et garnitures diff\u00e9rentes sont disponibles selon la forme et la taille de la bo\u00eete choisie.<\/p>\n<p>20 couleurs de bo\u00eete et 11 garnitures disponibles.<\/p>\n<ul>\n<li>Contenu: 10,5 g ou 12 g (selon la garniture)<\/li>\n<li>Dimensions : Diam\u00e8tre approx. 45 mm, haut approx. 15 mm<\/li>\n<li>Conditionnement: 21 x 24 pcs.\/ 504 pcs. par carton<\/li>\n<li>D\u00e9lai de conservation: approx. 24 mois en cas de stockage appropri\u00e9, chocolat approx. 12 mois en cas de stockage appropri\u00e9<\/li>\n<li>D\u00e9lai de livraison: approx. 1 semaine apr\u00e8s accord du BAT<\/li>\n<\/ul>\n","protected":false},"excerpt":{"rendered":"<p>Dans ces bo\u00eetes m\u00e9talliques refermables, la menthe rafra\u00eechissante restera fra\u00eeche plus longtemps. De nombreuses couleurs et garnitures diff\u00e9rentes sont disponibles selon la forme et la taille de la bo\u00eete choisie. 20 couleurs de bo\u00eete et 11 garnitures disponibles. Contenu: 10,5 g ou 12 g (selon la garniture) Dimensions : Diam\u00e8tre approx. 45 mm, haut approx.<a href=\"https:\/\/areka.konfitu.re\/en\/produit\/boite-clic-clac-45mm\/\">Continue reading <span class=\"sr-only\">&#8220;Clic Clac \u00d8 45 mm&#8221;<\/span><\/a><\/p>\n","protected":false},"featured_media":43,"comment_status":"open","ping_status":"closed","template":"","meta":{"_acf_changed":false,"inline_featured_image":false},"product_cat":[35,26,27],"product_tag":[],"class_list":{"0":"post-42","1":"product","2":"type-product","3":"status-publish","4":"has-post-thumbnail","6":"product_cat-produits-personnalisables","7":"product_cat-boites-clic-clac","8":"product_cat-boites","10":"first","11":"instock","12":"shipping-taxable","13":"product-type-simple"},"acf":[],"yoast_head":"<!-- This site is optimized with the Yoast SEO plugin v22.4 - https:\/\/yoast.com\/wordpress\/plugins\/seo\/ -->\n<title>Clic Clac \u00d8 45 mm : Areka<\/title>\n<meta name=\"robots\" content=\"index, follow, max-snippet:-1, max-image-preview:large, max-video-preview:-1\" \/>\n<link rel=\"canonical\" href=\"https:\/\/areka.konfitu.re\/en\/produit\/boite-clic-clac-45mm\/\" \/>\n<meta property=\"og:locale\" content=\"en_US\" \/>\n<meta property=\"og:type\" content=\"article\" \/>\n<meta property=\"og:title\" content=\"Clic Clac \u00d8 45 mm : Areka\" \/>\n<meta property=\"og:description\" content=\"Dans ces bo\u00eetes m\u00e9talliques refermables, la menthe rafra\u00eechissante restera fra\u00eeche plus longtemps. De nombreuses couleurs et garnitures diff\u00e9rentes sont disponibles selon la forme et la taille de la bo\u00eete choisie. 20 couleurs de bo\u00eete et 11 garnitures disponibles. Contenu: 10,5 g ou 12 g (selon la garniture) Dimensions : Diam\u00e8tre approx. 45 mm, haut approx.Continue reading &quot;Clic Clac \u00d8 45 mm&quot;\" \/>\n<meta property=\"og:url\" content=\"https:\/\/areka.konfitu.re\/en\/produit\/boite-clic-clac-45mm\/\" \/>\n<meta property=\"og:site_name\" content=\"Areka\" \/>\n<meta property=\"article:modified_time\" content=\"2023-05-05T10:29:31+00:00\" \/>\n<meta property=\"og:image\" content=\"https:\/\/areka.konfitu.re\/wp-content\/uploads\/2023\/02\/p11-3-boite-clic-clac-45-mm.png\" \/>\n\t<meta property=\"og:image:width\" content=\"412\" \/>\n\t<meta property=\"og:image:height\" content=\"412\" \/>\n\t<meta property=\"og:image:type\" content=\"image\/png\" \/>\n<meta name=\"twitter:card\" content=\"summary_large_image\" \/>\n<meta name=\"twitter:label1\" content=\"Est. reading time\" \/>\n\t<meta name=\"twitter:data1\" content=\"1 minute\" \/>\n<script type=\"application\/ld+json\" class=\"yoast-schema-graph\">{\"@context\":\"https:\/\/schema.org\",\"@graph\":[{\"@type\":\"WebPage\",\"@id\":\"https:\/\/areka.konfitu.re\/en\/produit\/boite-clic-clac-45mm\/\",\"url\":\"https:\/\/areka.konfitu.re\/en\/produit\/boite-clic-clac-45mm\/\",\"name\":\"Clic Clac \u00d8 45 mm : Areka\",\"isPartOf\":{\"@id\":\"https:\/\/areka.konfitu.re\/en\/#website\"},\"primaryImageOfPage\":{\"@id\":\"https:\/\/areka.konfitu.re\/en\/produit\/boite-clic-clac-45mm\/#primaryimage\"},\"image\":{\"@id\":\"https:\/\/areka.konfitu.re\/en\/produit\/boite-clic-clac-45mm\/#primaryimage\"},\"thumbnailUrl\":\"https:\/\/areka.konfitu.re\/wp-content\/uploads\/2023\/02\/p11-3-boite-clic-clac-45-mm.png\",\"datePublished\":\"2023-02-08T15:30:42+00:00\",\"dateModified\":\"2023-05-05T10:29:31+00:00\",\"breadcrumb\":{\"@id\":\"https:\/\/areka.konfitu.re\/en\/produit\/boite-clic-clac-45mm\/#breadcrumb\"},\"inLanguage\":\"en-US\",\"potentialAction\":[{\"@type\":\"ReadAction\",\"target\":[\"https:\/\/areka.konfitu.re\/en\/produit\/boite-clic-clac-45mm\/\"]}]},{\"@type\":\"ImageObject\",\"inLanguage\":\"en-US\",\"@id\":\"https:\/\/areka.konfitu.re\/en\/produit\/boite-clic-clac-45mm\/#primaryimage\",\"url\":\"https:\/\/areka.konfitu.re\/wp-content\/uploads\/2023\/02\/p11-3-boite-clic-clac-45-mm.png\",\"contentUrl\":\"https:\/\/areka.konfitu.re\/wp-content\/uploads\/2023\/02\/p11-3-boite-clic-clac-45-mm.png\",\"width\":412,\"height\":412},{\"@type\":\"BreadcrumbList\",\"@id\":\"https:\/\/areka.konfitu.re\/en\/produit\/boite-clic-clac-45mm\/#breadcrumb\",\"itemListElement\":[{\"@type\":\"ListItem\",\"position\":1,\"name\":\"All of our products\",\"item\":\"https:\/\/areka.konfitu.re\/en\/shop\/\"},{\"@type\":\"ListItem\",\"position\":2,\"name\":\"Personalized products\",\"item\":\"https:\/\/areka.konfitu.re\/en\/product-category\/personalized-products\/\"},{\"@type\":\"ListItem\",\"position\":3,\"name\":\"Clic Clac \u00d8 45 mm\"}]},{\"@type\":\"WebSite\",\"@id\":\"https:\/\/areka.konfitu.re\/en\/#website\",\"url\":\"https:\/\/areka.konfitu.re\/en\/\",\"name\":\"Areka\",\"description\":\"Sp\u00e9cialiste fran\u00e7ais de la confiserie personnalis\u00e9e\",\"potentialAction\":[{\"@type\":\"SearchAction\",\"target\":{\"@type\":\"EntryPoint\",\"urlTemplate\":\"https:\/\/areka.konfitu.re\/en\/?s={search_term_string}\"},\"query-input\":\"required name=search_term_string\"}],\"inLanguage\":\"en-US\"}]}<\/script>\n<!-- \/ Yoast SEO plugin. -->","yoast_head_json":{"title":"Clic Clac \u00d8 45 mm : Areka","robots":{"index":"index","follow":"follow","max-snippet":"max-snippet:-1","max-image-preview":"max-image-preview:large","max-video-preview":"max-video-preview:-1"},"canonical":"https:\/\/areka.konfitu.re\/en\/produit\/boite-clic-clac-45mm\/","og_locale":"en_US","og_type":"article","og_title":"Clic Clac \u00d8 45 mm : Areka","og_description":"Dans ces bo\u00eetes m\u00e9talliques refermables, la menthe rafra\u00eechissante restera fra\u00eeche plus longtemps. De nombreuses couleurs et garnitures diff\u00e9rentes sont disponibles selon la forme et la taille de la bo\u00eete choisie. 20 couleurs de bo\u00eete et 11 garnitures disponibles. Contenu: 10,5 g ou 12 g (selon la garniture) Dimensions : Diam\u00e8tre approx. 45 mm, haut approx.Continue reading \"Clic Clac \u00d8 45 mm\"","og_url":"https:\/\/areka.konfitu.re\/en\/produit\/boite-clic-clac-45mm\/","og_site_name":"Areka","article_modified_time":"2023-05-05T10:29:31+00:00","og_image":[{"width":412,"height":412,"url":"https:\/\/areka.konfitu.re\/wp-content\/uploads\/2023\/02\/p11-3-boite-clic-clac-45-mm.png","type":"image\/png"}],"twitter_card":"summary_large_image","twitter_misc":{"Est. reading time":"1 minute"},"schema":{"@context":"https:\/\/schema.org","@graph":[{"@type":"WebPage","@id":"https:\/\/areka.konfitu.re\/en\/produit\/boite-clic-clac-45mm\/","url":"https:\/\/areka.konfitu.re\/en\/produit\/boite-clic-clac-45mm\/","name":"Clic Clac \u00d8 45 mm : Areka","isPartOf":{"@id":"https:\/\/areka.konfitu.re\/en\/#website"},"primaryImageOfPage":{"@id":"https:\/\/areka.konfitu.re\/en\/produit\/boite-clic-clac-45mm\/#primaryimage"},"image":{"@id":"https:\/\/areka.konfitu.re\/en\/produit\/boite-clic-clac-45mm\/#primaryimage"},"thumbnailUrl":"https:\/\/areka.konfitu.re\/wp-content\/uploads\/2023\/02\/p11-3-boite-clic-clac-45-mm.png","datePublished":"2023-02-08T15:30:42+00:00","dateModified":"2023-05-05T10:29:31+00:00","breadcrumb":{"@id":"https:\/\/areka.konfitu.re\/en\/produit\/boite-clic-clac-45mm\/#breadcrumb"},"inLanguage":"en-US","potentialAction":[{"@type":"ReadAction","target":["https:\/\/areka.konfitu.re\/en\/produit\/boite-clic-clac-45mm\/"]}]},{"@type":"ImageObject","inLanguage":"en-US","@id":"https:\/\/areka.konfitu.re\/en\/produit\/boite-clic-clac-45mm\/#primaryimage","url":"https:\/\/areka.konfitu.re\/wp-content\/uploads\/2023\/02\/p11-3-boite-clic-clac-45-mm.png","contentUrl":"https:\/\/areka.konfitu.re\/wp-content\/uploads\/2023\/02\/p11-3-boite-clic-clac-45-mm.png","width":412,"height":412},{"@type":"BreadcrumbList","@id":"https:\/\/areka.konfitu.re\/en\/produit\/boite-clic-clac-45mm\/#breadcrumb","itemListElement":[{"@type":"ListItem","position":1,"name":"All of our products","item":"https:\/\/areka.konfitu.re\/en\/shop\/"},{"@type":"ListItem","position":2,"name":"Personalized products","item":"https:\/\/areka.konfitu.re\/en\/product-category\/personalized-products\/"},{"@type":"ListItem","position":3,"name":"Clic Clac \u00d8 45 mm"}]},{"@type":"WebSite","@id":"https:\/\/areka.konfitu.re\/en\/#website","url":"https:\/\/areka.konfitu.re\/en\/","name":"Areka","description":"Sp\u00e9cialiste fran\u00e7ais de la confiserie personnalis\u00e9e","potentialAction":[{"@type":"SearchAction","target":{"@type":"EntryPoint","urlTemplate":"https:\/\/areka.konfitu.re\/en\/?s={search_term_string}"},"query-input":"required name=search_term_string"}],"inLanguage":"en-US"}]}},"_links":{"self":[{"href":"https:\/\/areka.konfitu.re\/en\/wp-json\/wp\/v2\/product\/42","targetHints":{"allow":["GET"]}}],"collection":[{"href":"https:\/\/areka.konfitu.re\/en\/wp-json\/wp\/v2\/product"}],"about":[{"href":"https:\/\/areka.konfitu.re\/en\/wp-json\/wp\/v2\/types\/product"}],"replies":[{"embeddable":true,"href":"https:\/\/areka.konfitu.re\/en\/wp-json\/wp\/v2\/comments?post=42"}],"wp:featuredmedia":[{"embeddable":true,"href":"https:\/\/areka.konfitu.re\/en\/wp-json\/wp\/v2\/media\/43"}],"wp:attachment":[{"href":"https:\/\/areka.konfitu.re\/en\/wp-json\/wp\/v2\/media?parent=42"}],"wp:term":[{"taxonomy":"product_cat","embeddable":true,"href":"https:\/\/areka.konfitu.re\/en\/wp-json\/wp\/v2\/product_cat?post=42"},{"taxonomy":"product_tag","embeddable":true,"href":"https:\/\/areka.konfitu.re\/en\/wp-json\/wp\/v2\/product_tag?post=42"}],"curies":[{"name":"wp","href":"https:\/\/api.w.org\/{rel}","templated":true}]}}