{"id":55,"date":"2023-02-10T12:18:29","date_gmt":"2023-02-10T11:18:29","guid":{"rendered":"https:\/\/areka.konfitu.re\/?post_type=product&#038;p=55"},"modified":"2023-04-28T23:32:37","modified_gmt":"2023-04-28T21:32:37","slug":"barres-de-chocolat-tonys-chocolonely","status":"publish","type":"product","link":"https:\/\/areka.konfitu.re\/en\/produit\/barres-de-chocolat-tonys-chocolonely\/","title":{"rendered":"Barres de chocolat Tony\u2019s Chocolonely"},"content":{"rendered":"<p>Barres de chocolat croquants, ils sont fabriqu\u00e9s avec des f\u00e8ves de cacao issues d&#8217;une production \u00e9quitable et durable. Le producteur de chocolat bas\u00e9 \u00e0 Amsterdam ach\u00e8te les f\u00e8ves de cacao provenant d&#8217;une culture 100% libre d&#8217;esclavage. En carton certifi\u00e9 FSC\u00ae et con\u00e7u individuellement.<\/p>\n<p>Le carton entier peut \u00eatre personnalis\u00e9 et attirer l&#8217;attention.<\/p>\n<ul>\n<li>Contenu : 47 g<\/li>\n<li>Saveurs :\n<ul>\n<li>Chocolat noir et amandes au sel de mer<\/li>\n<li>Caramel au sel de mer<\/li>\n<li>Chocolat au lait<\/li>\n<\/ul>\n<\/li>\n<li>Dimensions : approx. 133 x 58 x 25 mm<\/li>\n<li>Conditionnement : 48 pcs. ou 192 pcs \/ carton<\/li>\n<li>D\u00e9lai de conservation : approx. 6 mois en cas de stockage appropri\u00e9<\/li>\n<li>D\u00e9lai de livraison : approx. 3-4 semaines apr\u00e8s accord du BAT<\/li>\n<\/ul>\n","protected":false},"excerpt":{"rendered":"<p>Barres de chocolat croquants, ils sont fabriqu\u00e9s avec des f\u00e8ves de cacao issues d&#8217;une production \u00e9quitable et durable. Le producteur de chocolat bas\u00e9 \u00e0 Amsterdam ach\u00e8te les f\u00e8ves de cacao provenant d&#8217;une culture 100% libre d&#8217;esclavage. En carton certifi\u00e9 FSC\u00ae et con\u00e7u individuellement. Le carton entier peut \u00eatre personnalis\u00e9 et attirer l&#8217;attention. Contenu : 47<a href=\"https:\/\/areka.konfitu.re\/en\/produit\/barres-de-chocolat-tonys-chocolonely\/\">Continue reading <span class=\"sr-only\">&#8220;Barres de chocolat Tony\u2019s Chocolonely&#8221;<\/span><\/a><\/p>\n","protected":false},"featured_media":56,"comment_status":"open","ping_status":"closed","template":"","meta":{"_acf_changed":false,"inline_featured_image":false},"product_cat":[25],"product_tag":[],"class_list":{"0":"post-55","1":"product","2":"type-product","3":"status-publish","4":"has-post-thumbnail","6":"product_cat-non-categorise","8":"first","9":"instock","10":"shipping-taxable","11":"product-type-simple"},"acf":[],"yoast_head":"<!-- This site is optimized with the Yoast SEO plugin v22.4 - https:\/\/yoast.com\/wordpress\/plugins\/seo\/ -->\n<title>Barres de chocolat Tony\u2019s Chocolonely : Areka<\/title>\n<meta name=\"robots\" content=\"index, follow, max-snippet:-1, max-image-preview:large, max-video-preview:-1\" \/>\n<link rel=\"canonical\" href=\"https:\/\/areka.konfitu.re\/en\/produit\/barres-de-chocolat-tonys-chocolonely\/\" \/>\n<meta property=\"og:locale\" content=\"en_US\" \/>\n<meta property=\"og:type\" content=\"article\" \/>\n<meta property=\"og:title\" content=\"Barres de chocolat Tony\u2019s Chocolonely : Areka\" \/>\n<meta property=\"og:description\" content=\"Barres de chocolat croquants, ils sont fabriqu\u00e9s avec des f\u00e8ves de cacao issues d&#8217;une production \u00e9quitable et durable. Le producteur de chocolat bas\u00e9 \u00e0 Amsterdam ach\u00e8te les f\u00e8ves de cacao provenant d&#8217;une culture 100% libre d&#8217;esclavage. En carton certifi\u00e9 FSC\u00ae et con\u00e7u individuellement. Le carton entier peut \u00eatre personnalis\u00e9 et attirer l&#8217;attention. Contenu : 47Continue reading &quot;Barres de chocolat Tony\u2019s Chocolonely&quot;\" \/>\n<meta property=\"og:url\" content=\"https:\/\/areka.konfitu.re\/en\/produit\/barres-de-chocolat-tonys-chocolonely\/\" \/>\n<meta property=\"og:site_name\" content=\"Areka\" \/>\n<meta property=\"article:modified_time\" content=\"2023-04-28T21:32:37+00:00\" \/>\n<meta property=\"og:image\" content=\"https:\/\/areka.konfitu.re\/wp-content\/uploads\/2023\/02\/p64-barres-tonys-chocolonely-carton-perso.png\" \/>\n\t<meta property=\"og:image:width\" content=\"412\" \/>\n\t<meta property=\"og:image:height\" content=\"412\" \/>\n\t<meta property=\"og:image:type\" content=\"image\/png\" \/>\n<meta name=\"twitter:card\" content=\"summary_large_image\" \/>\n<meta name=\"twitter:label1\" content=\"Est. reading time\" \/>\n\t<meta name=\"twitter:data1\" content=\"1 minute\" \/>\n<script type=\"application\/ld+json\" class=\"yoast-schema-graph\">{\"@context\":\"https:\/\/schema.org\",\"@graph\":[{\"@type\":\"WebPage\",\"@id\":\"https:\/\/areka.konfitu.re\/en\/produit\/barres-de-chocolat-tonys-chocolonely\/\",\"url\":\"https:\/\/areka.konfitu.re\/en\/produit\/barres-de-chocolat-tonys-chocolonely\/\",\"name\":\"Barres de chocolat Tony\u2019s Chocolonely : Areka\",\"isPartOf\":{\"@id\":\"https:\/\/areka.konfitu.re\/en\/#website\"},\"primaryImageOfPage\":{\"@id\":\"https:\/\/areka.konfitu.re\/en\/produit\/barres-de-chocolat-tonys-chocolonely\/#primaryimage\"},\"image\":{\"@id\":\"https:\/\/areka.konfitu.re\/en\/produit\/barres-de-chocolat-tonys-chocolonely\/#primaryimage\"},\"thumbnailUrl\":\"https:\/\/areka.konfitu.re\/wp-content\/uploads\/2023\/02\/p64-barres-tonys-chocolonely-carton-perso.png\",\"datePublished\":\"2023-02-10T11:18:29+00:00\",\"dateModified\":\"2023-04-28T21:32:37+00:00\",\"breadcrumb\":{\"@id\":\"https:\/\/areka.konfitu.re\/en\/produit\/barres-de-chocolat-tonys-chocolonely\/#breadcrumb\"},\"inLanguage\":\"en-US\",\"potentialAction\":[{\"@type\":\"ReadAction\",\"target\":[\"https:\/\/areka.konfitu.re\/en\/produit\/barres-de-chocolat-tonys-chocolonely\/\"]}]},{\"@type\":\"ImageObject\",\"inLanguage\":\"en-US\",\"@id\":\"https:\/\/areka.konfitu.re\/en\/produit\/barres-de-chocolat-tonys-chocolonely\/#primaryimage\",\"url\":\"https:\/\/areka.konfitu.re\/wp-content\/uploads\/2023\/02\/p64-barres-tonys-chocolonely-carton-perso.png\",\"contentUrl\":\"https:\/\/areka.konfitu.re\/wp-content\/uploads\/2023\/02\/p64-barres-tonys-chocolonely-carton-perso.png\",\"width\":412,\"height\":412},{\"@type\":\"BreadcrumbList\",\"@id\":\"https:\/\/areka.konfitu.re\/en\/produit\/barres-de-chocolat-tonys-chocolonely\/#breadcrumb\",\"itemListElement\":[{\"@type\":\"ListItem\",\"position\":1,\"name\":\"All of our products\",\"item\":\"https:\/\/areka.konfitu.re\/en\/shop\/\"},{\"@type\":\"ListItem\",\"position\":2,\"name\":\"Personalized products\",\"item\":\"https:\/\/areka.konfitu.re\/en\/product-category\/personalized-products\/\"},{\"@type\":\"ListItem\",\"position\":3,\"name\":\"Barres de chocolat Tony\u2019s Chocolonely\"}]},{\"@type\":\"WebSite\",\"@id\":\"https:\/\/areka.konfitu.re\/en\/#website\",\"url\":\"https:\/\/areka.konfitu.re\/en\/\",\"name\":\"Areka\",\"description\":\"Sp\u00e9cialiste fran\u00e7ais de la confiserie personnalis\u00e9e\",\"potentialAction\":[{\"@type\":\"SearchAction\",\"target\":{\"@type\":\"EntryPoint\",\"urlTemplate\":\"https:\/\/areka.konfitu.re\/en\/?s={search_term_string}\"},\"query-input\":\"required name=search_term_string\"}],\"inLanguage\":\"en-US\"}]}<\/script>\n<!-- \/ Yoast SEO plugin. -->","yoast_head_json":{"title":"Barres de chocolat Tony\u2019s Chocolonely : Areka","robots":{"index":"index","follow":"follow","max-snippet":"max-snippet:-1","max-image-preview":"max-image-preview:large","max-video-preview":"max-video-preview:-1"},"canonical":"https:\/\/areka.konfitu.re\/en\/produit\/barres-de-chocolat-tonys-chocolonely\/","og_locale":"en_US","og_type":"article","og_title":"Barres de chocolat Tony\u2019s Chocolonely : Areka","og_description":"Barres de chocolat croquants, ils sont fabriqu\u00e9s avec des f\u00e8ves de cacao issues d&#8217;une production \u00e9quitable et durable. Le producteur de chocolat bas\u00e9 \u00e0 Amsterdam ach\u00e8te les f\u00e8ves de cacao provenant d&#8217;une culture 100% libre d&#8217;esclavage. En carton certifi\u00e9 FSC\u00ae et con\u00e7u individuellement. Le carton entier peut \u00eatre personnalis\u00e9 et attirer l&#8217;attention. Contenu : 47Continue reading \"Barres de chocolat Tony\u2019s Chocolonely\"","og_url":"https:\/\/areka.konfitu.re\/en\/produit\/barres-de-chocolat-tonys-chocolonely\/","og_site_name":"Areka","article_modified_time":"2023-04-28T21:32:37+00:00","og_image":[{"width":412,"height":412,"url":"https:\/\/areka.konfitu.re\/wp-content\/uploads\/2023\/02\/p64-barres-tonys-chocolonely-carton-perso.png","type":"image\/png"}],"twitter_card":"summary_large_image","twitter_misc":{"Est. reading time":"1 minute"},"schema":{"@context":"https:\/\/schema.org","@graph":[{"@type":"WebPage","@id":"https:\/\/areka.konfitu.re\/en\/produit\/barres-de-chocolat-tonys-chocolonely\/","url":"https:\/\/areka.konfitu.re\/en\/produit\/barres-de-chocolat-tonys-chocolonely\/","name":"Barres de chocolat Tony\u2019s Chocolonely : Areka","isPartOf":{"@id":"https:\/\/areka.konfitu.re\/en\/#website"},"primaryImageOfPage":{"@id":"https:\/\/areka.konfitu.re\/en\/produit\/barres-de-chocolat-tonys-chocolonely\/#primaryimage"},"image":{"@id":"https:\/\/areka.konfitu.re\/en\/produit\/barres-de-chocolat-tonys-chocolonely\/#primaryimage"},"thumbnailUrl":"https:\/\/areka.konfitu.re\/wp-content\/uploads\/2023\/02\/p64-barres-tonys-chocolonely-carton-perso.png","datePublished":"2023-02-10T11:18:29+00:00","dateModified":"2023-04-28T21:32:37+00:00","breadcrumb":{"@id":"https:\/\/areka.konfitu.re\/en\/produit\/barres-de-chocolat-tonys-chocolonely\/#breadcrumb"},"inLanguage":"en-US","potentialAction":[{"@type":"ReadAction","target":["https:\/\/areka.konfitu.re\/en\/produit\/barres-de-chocolat-tonys-chocolonely\/"]}]},{"@type":"ImageObject","inLanguage":"en-US","@id":"https:\/\/areka.konfitu.re\/en\/produit\/barres-de-chocolat-tonys-chocolonely\/#primaryimage","url":"https:\/\/areka.konfitu.re\/wp-content\/uploads\/2023\/02\/p64-barres-tonys-chocolonely-carton-perso.png","contentUrl":"https:\/\/areka.konfitu.re\/wp-content\/uploads\/2023\/02\/p64-barres-tonys-chocolonely-carton-perso.png","width":412,"height":412},{"@type":"BreadcrumbList","@id":"https:\/\/areka.konfitu.re\/en\/produit\/barres-de-chocolat-tonys-chocolonely\/#breadcrumb","itemListElement":[{"@type":"ListItem","position":1,"name":"All of our products","item":"https:\/\/areka.konfitu.re\/en\/shop\/"},{"@type":"ListItem","position":2,"name":"Personalized products","item":"https:\/\/areka.konfitu.re\/en\/product-category\/personalized-products\/"},{"@type":"ListItem","position":3,"name":"Barres de chocolat Tony\u2019s Chocolonely"}]},{"@type":"WebSite","@id":"https:\/\/areka.konfitu.re\/en\/#website","url":"https:\/\/areka.konfitu.re\/en\/","name":"Areka","description":"Sp\u00e9cialiste fran\u00e7ais de la confiserie personnalis\u00e9e","potentialAction":[{"@type":"SearchAction","target":{"@type":"EntryPoint","urlTemplate":"https:\/\/areka.konfitu.re\/en\/?s={search_term_string}"},"query-input":"required name=search_term_string"}],"inLanguage":"en-US"}]}},"_links":{"self":[{"href":"https:\/\/areka.konfitu.re\/en\/wp-json\/wp\/v2\/product\/55","targetHints":{"allow":["GET"]}}],"collection":[{"href":"https:\/\/areka.konfitu.re\/en\/wp-json\/wp\/v2\/product"}],"about":[{"href":"https:\/\/areka.konfitu.re\/en\/wp-json\/wp\/v2\/types\/product"}],"replies":[{"embeddable":true,"href":"https:\/\/areka.konfitu.re\/en\/wp-json\/wp\/v2\/comments?post=55"}],"wp:featuredmedia":[{"embeddable":true,"href":"https:\/\/areka.konfitu.re\/en\/wp-json\/wp\/v2\/media\/56"}],"wp:attachment":[{"href":"https:\/\/areka.konfitu.re\/en\/wp-json\/wp\/v2\/media?parent=55"}],"wp:term":[{"taxonomy":"product_cat","embeddable":true,"href":"https:\/\/areka.konfitu.re\/en\/wp-json\/wp\/v2\/product_cat?post=55"},{"taxonomy":"product_tag","embeddable":true,"href":"https:\/\/areka.konfitu.re\/en\/wp-json\/wp\/v2\/product_tag?post=55"}],"curies":[{"name":"wp","href":"https:\/\/api.w.org\/{rel}","templated":true}]}}