{"id":715,"date":"2024-06-09T19:11:42","date_gmt":"2024-06-09T17:11:42","guid":{"rendered":"https:\/\/areka.konfitu.re\/?post_type=product&#038;p=715"},"modified":"2024-06-09T19:24:02","modified_gmt":"2024-06-09T17:24:02","slug":"coccinelle-au-chocolat-au-lait-2","status":"publish","type":"product","link":"https:\/\/areka.konfitu.re\/en\/produit\/coccinelle-au-chocolat-au-lait-2\/","title":{"rendered":"Coccinelle au Chocolat au Lait"},"content":{"rendered":"<p><span class=\"HwtZe\" lang=\"fr\"><span class=\"jCAhz ChMk0b\"><span class=\"ryNqvb\">Coccinelle au chocolat au lait avec sa carte personnalisable<\/span><\/span><\/span><\/p>\n<ul>\n<li>Contenu:\n<ul>\n<li>6,25 g<\/li>\n<\/ul>\n<\/li>\n<li>Saveurs:\n<ul>\n<li>chocolat au lait<\/li>\n<\/ul>\n<\/li>\n<li>Dimensions: approx. 65 x 65 x 12 mm<\/li>\n<li>Conditionnement: 46 pcs.\/ 276 pcs. par carton<\/li>\n<li>D\u00e9lai de conservation: approx. 9 mois en cas de stockage appropri\u00e9<\/li>\n<li>D\u00e9lai de livraison: approx. 3 semaines apr\u00e8s accord du BAT<\/li>\n<\/ul>\n","protected":false},"excerpt":{"rendered":"<p>Coccinelle au chocolat au lait avec sa carte personnalisable Contenu: 6,25 g Saveurs: chocolat au lait Dimensions: approx. 65 x 65 x 12 mm Conditionnement: 46 pcs.\/ 276 pcs. par carton D\u00e9lai de conservation: approx. 9 mois en cas de stockage appropri\u00e9 D\u00e9lai de livraison: approx. 3 semaines apr\u00e8s accord du BAT<\/p>\n","protected":false},"featured_media":717,"comment_status":"open","ping_status":"closed","template":"","meta":{"_acf_changed":false,"inline_featured_image":false},"product_cat":[35,33],"product_tag":[],"class_list":{"0":"post-715","1":"product","2":"type-product","3":"status-publish","4":"has-post-thumbnail","6":"product_cat-produits-personnalisables","7":"product_cat-chocolats","9":"first","10":"instock","11":"shipping-taxable","12":"product-type-simple"},"acf":[],"yoast_head":"<!-- This site is optimized with the Yoast SEO plugin v22.4 - https:\/\/yoast.com\/wordpress\/plugins\/seo\/ -->\n<title>Coccinelle au Chocolat au Lait : Areka<\/title>\n<meta name=\"robots\" content=\"index, follow, max-snippet:-1, max-image-preview:large, max-video-preview:-1\" \/>\n<link rel=\"canonical\" href=\"https:\/\/areka.konfitu.re\/en\/produit\/coccinelle-au-chocolat-au-lait-2\/\" \/>\n<meta property=\"og:locale\" content=\"en_US\" \/>\n<meta property=\"og:type\" content=\"article\" \/>\n<meta property=\"og:title\" content=\"Coccinelle au Chocolat au Lait : Areka\" \/>\n<meta property=\"og:description\" content=\"Coccinelle au chocolat au lait avec sa carte personnalisable Contenu: 6,25 g Saveurs: chocolat au lait Dimensions: approx. 65 x 65 x 12 mm Conditionnement: 46 pcs.\/ 276 pcs. par carton D\u00e9lai de conservation: approx. 9 mois en cas de stockage appropri\u00e9 D\u00e9lai de livraison: approx. 3 semaines apr\u00e8s accord du BAT\" \/>\n<meta property=\"og:url\" content=\"https:\/\/areka.konfitu.re\/en\/produit\/coccinelle-au-chocolat-au-lait-2\/\" \/>\n<meta property=\"og:site_name\" content=\"Areka\" \/>\n<meta property=\"article:modified_time\" content=\"2024-06-09T17:24:02+00:00\" \/>\n<meta property=\"og:image\" content=\"https:\/\/areka.konfitu.re\/wp-content\/uploads\/2024\/06\/coccinelle-au-chocolat-au-lait.png\" \/>\n\t<meta property=\"og:image:width\" content=\"412\" \/>\n\t<meta property=\"og:image:height\" content=\"412\" \/>\n\t<meta property=\"og:image:type\" content=\"image\/png\" \/>\n<meta name=\"twitter:card\" content=\"summary_large_image\" \/>\n<meta name=\"twitter:label1\" content=\"Est. reading time\" \/>\n\t<meta name=\"twitter:data1\" content=\"1 minute\" \/>\n<script type=\"application\/ld+json\" class=\"yoast-schema-graph\">{\"@context\":\"https:\/\/schema.org\",\"@graph\":[{\"@type\":\"WebPage\",\"@id\":\"https:\/\/areka.konfitu.re\/en\/produit\/coccinelle-au-chocolat-au-lait-2\/\",\"url\":\"https:\/\/areka.konfitu.re\/en\/produit\/coccinelle-au-chocolat-au-lait-2\/\",\"name\":\"Coccinelle au Chocolat au Lait : Areka\",\"isPartOf\":{\"@id\":\"https:\/\/areka.konfitu.re\/en\/#website\"},\"primaryImageOfPage\":{\"@id\":\"https:\/\/areka.konfitu.re\/en\/produit\/coccinelle-au-chocolat-au-lait-2\/#primaryimage\"},\"image\":{\"@id\":\"https:\/\/areka.konfitu.re\/en\/produit\/coccinelle-au-chocolat-au-lait-2\/#primaryimage\"},\"thumbnailUrl\":\"https:\/\/areka.konfitu.re\/wp-content\/uploads\/2024\/06\/coccinelle-au-chocolat-au-lait.png\",\"datePublished\":\"2024-06-09T17:11:42+00:00\",\"dateModified\":\"2024-06-09T17:24:02+00:00\",\"breadcrumb\":{\"@id\":\"https:\/\/areka.konfitu.re\/en\/produit\/coccinelle-au-chocolat-au-lait-2\/#breadcrumb\"},\"inLanguage\":\"en-US\",\"potentialAction\":[{\"@type\":\"ReadAction\",\"target\":[\"https:\/\/areka.konfitu.re\/en\/produit\/coccinelle-au-chocolat-au-lait-2\/\"]}]},{\"@type\":\"ImageObject\",\"inLanguage\":\"en-US\",\"@id\":\"https:\/\/areka.konfitu.re\/en\/produit\/coccinelle-au-chocolat-au-lait-2\/#primaryimage\",\"url\":\"https:\/\/areka.konfitu.re\/wp-content\/uploads\/2024\/06\/coccinelle-au-chocolat-au-lait.png\",\"contentUrl\":\"https:\/\/areka.konfitu.re\/wp-content\/uploads\/2024\/06\/coccinelle-au-chocolat-au-lait.png\",\"width\":412,\"height\":412},{\"@type\":\"BreadcrumbList\",\"@id\":\"https:\/\/areka.konfitu.re\/en\/produit\/coccinelle-au-chocolat-au-lait-2\/#breadcrumb\",\"itemListElement\":[{\"@type\":\"ListItem\",\"position\":1,\"name\":\"All of our products\",\"item\":\"https:\/\/areka.konfitu.re\/en\/shop\/\"},{\"@type\":\"ListItem\",\"position\":2,\"name\":\"Coccinelle au Chocolat au Lait\"}]},{\"@type\":\"WebSite\",\"@id\":\"https:\/\/areka.konfitu.re\/en\/#website\",\"url\":\"https:\/\/areka.konfitu.re\/en\/\",\"name\":\"Areka\",\"description\":\"Sp\u00e9cialiste fran\u00e7ais de la confiserie personnalis\u00e9e\",\"potentialAction\":[{\"@type\":\"SearchAction\",\"target\":{\"@type\":\"EntryPoint\",\"urlTemplate\":\"https:\/\/areka.konfitu.re\/en\/?s={search_term_string}\"},\"query-input\":\"required name=search_term_string\"}],\"inLanguage\":\"en-US\"}]}<\/script>\n<!-- \/ Yoast SEO plugin. -->","yoast_head_json":{"title":"Coccinelle au Chocolat au Lait : Areka","robots":{"index":"index","follow":"follow","max-snippet":"max-snippet:-1","max-image-preview":"max-image-preview:large","max-video-preview":"max-video-preview:-1"},"canonical":"https:\/\/areka.konfitu.re\/en\/produit\/coccinelle-au-chocolat-au-lait-2\/","og_locale":"en_US","og_type":"article","og_title":"Coccinelle au Chocolat au Lait : Areka","og_description":"Coccinelle au chocolat au lait avec sa carte personnalisable Contenu: 6,25 g Saveurs: chocolat au lait Dimensions: approx. 65 x 65 x 12 mm Conditionnement: 46 pcs.\/ 276 pcs. par carton D\u00e9lai de conservation: approx. 9 mois en cas de stockage appropri\u00e9 D\u00e9lai de livraison: approx. 3 semaines apr\u00e8s accord du BAT","og_url":"https:\/\/areka.konfitu.re\/en\/produit\/coccinelle-au-chocolat-au-lait-2\/","og_site_name":"Areka","article_modified_time":"2024-06-09T17:24:02+00:00","og_image":[{"width":412,"height":412,"url":"https:\/\/areka.konfitu.re\/wp-content\/uploads\/2024\/06\/coccinelle-au-chocolat-au-lait.png","type":"image\/png"}],"twitter_card":"summary_large_image","twitter_misc":{"Est. reading time":"1 minute"},"schema":{"@context":"https:\/\/schema.org","@graph":[{"@type":"WebPage","@id":"https:\/\/areka.konfitu.re\/en\/produit\/coccinelle-au-chocolat-au-lait-2\/","url":"https:\/\/areka.konfitu.re\/en\/produit\/coccinelle-au-chocolat-au-lait-2\/","name":"Coccinelle au Chocolat au Lait : Areka","isPartOf":{"@id":"https:\/\/areka.konfitu.re\/en\/#website"},"primaryImageOfPage":{"@id":"https:\/\/areka.konfitu.re\/en\/produit\/coccinelle-au-chocolat-au-lait-2\/#primaryimage"},"image":{"@id":"https:\/\/areka.konfitu.re\/en\/produit\/coccinelle-au-chocolat-au-lait-2\/#primaryimage"},"thumbnailUrl":"https:\/\/areka.konfitu.re\/wp-content\/uploads\/2024\/06\/coccinelle-au-chocolat-au-lait.png","datePublished":"2024-06-09T17:11:42+00:00","dateModified":"2024-06-09T17:24:02+00:00","breadcrumb":{"@id":"https:\/\/areka.konfitu.re\/en\/produit\/coccinelle-au-chocolat-au-lait-2\/#breadcrumb"},"inLanguage":"en-US","potentialAction":[{"@type":"ReadAction","target":["https:\/\/areka.konfitu.re\/en\/produit\/coccinelle-au-chocolat-au-lait-2\/"]}]},{"@type":"ImageObject","inLanguage":"en-US","@id":"https:\/\/areka.konfitu.re\/en\/produit\/coccinelle-au-chocolat-au-lait-2\/#primaryimage","url":"https:\/\/areka.konfitu.re\/wp-content\/uploads\/2024\/06\/coccinelle-au-chocolat-au-lait.png","contentUrl":"https:\/\/areka.konfitu.re\/wp-content\/uploads\/2024\/06\/coccinelle-au-chocolat-au-lait.png","width":412,"height":412},{"@type":"BreadcrumbList","@id":"https:\/\/areka.konfitu.re\/en\/produit\/coccinelle-au-chocolat-au-lait-2\/#breadcrumb","itemListElement":[{"@type":"ListItem","position":1,"name":"All of our products","item":"https:\/\/areka.konfitu.re\/en\/shop\/"},{"@type":"ListItem","position":2,"name":"Coccinelle au Chocolat au Lait"}]},{"@type":"WebSite","@id":"https:\/\/areka.konfitu.re\/en\/#website","url":"https:\/\/areka.konfitu.re\/en\/","name":"Areka","description":"Sp\u00e9cialiste fran\u00e7ais de la confiserie personnalis\u00e9e","potentialAction":[{"@type":"SearchAction","target":{"@type":"EntryPoint","urlTemplate":"https:\/\/areka.konfitu.re\/en\/?s={search_term_string}"},"query-input":"required name=search_term_string"}],"inLanguage":"en-US"}]}},"_links":{"self":[{"href":"https:\/\/areka.konfitu.re\/en\/wp-json\/wp\/v2\/product\/715","targetHints":{"allow":["GET"]}}],"collection":[{"href":"https:\/\/areka.konfitu.re\/en\/wp-json\/wp\/v2\/product"}],"about":[{"href":"https:\/\/areka.konfitu.re\/en\/wp-json\/wp\/v2\/types\/product"}],"replies":[{"embeddable":true,"href":"https:\/\/areka.konfitu.re\/en\/wp-json\/wp\/v2\/comments?post=715"}],"wp:featuredmedia":[{"embeddable":true,"href":"https:\/\/areka.konfitu.re\/en\/wp-json\/wp\/v2\/media\/717"}],"wp:attachment":[{"href":"https:\/\/areka.konfitu.re\/en\/wp-json\/wp\/v2\/media?parent=715"}],"wp:term":[{"taxonomy":"product_cat","embeddable":true,"href":"https:\/\/areka.konfitu.re\/en\/wp-json\/wp\/v2\/product_cat?post=715"},{"taxonomy":"product_tag","embeddable":true,"href":"https:\/\/areka.konfitu.re\/en\/wp-json\/wp\/v2\/product_tag?post=715"}],"curies":[{"name":"wp","href":"https:\/\/api.w.org\/{rel}","templated":true}]}}